{"id":9898,"date":"2019-11-11T17:37:39","date_gmt":"2019-11-11T17:37:39","guid":{"rendered":"https:\/\/geruestexperten.de\/vender-andaimes"},"modified":"2019-11-11T17:41:40","modified_gmt":"2019-11-11T17:41:40","slug":"vender-andaimes","status":"publish","type":"page","link":"https:\/\/geruestexperten.de\/pt-br\/vender-andaimes","title":{"rendered":"Vender Andaimes"},"content":{"rendered":"\t\t<div data-elementor-type=\"wp-post\" data-elementor-id=\"9898\" class=\"elementor elementor-9898 elementor-1094\">\n\t\t\t\t\t\t<section class=\"elementor-section elementor-top-section elementor-element elementor-element-eb9276c elementor-section-boxed elementor-section-height-default elementor-section-height-default\" data-id=\"eb9276c\" data-element_type=\"section\" data-settings=\"{&quot;background_background&quot;:&quot;classic&quot;}\">\n\t\t\t\t\t\t\t<div class=\"elementor-background-overlay\"><\/div>\n\t\t\t\t\t\t\t<div class=\"elementor-container elementor-column-gap-default\">\n\t\t\t\t\t<div class=\"elementor-column elementor-col-50 elementor-top-column elementor-element elementor-element-63d9bcb\" data-id=\"63d9bcb\" data-element_type=\"column\">\n\t\t\t<div class=\"elementor-widget-wrap elementor-element-populated\">\n\t\t\t\t\t\t<div class=\"elementor-element elementor-element-b1c1717 elementor-widget elementor-widget-breadcrumbs\" data-id=\"b1c1717\" data-element_type=\"widget\" data-widget_type=\"breadcrumbs.default\">\n\t\t\t\t<div class=\"elementor-widget-container\">\n\t\t\t<p id=\"breadcrumbs\"><span><span><a href=\"https:\/\/geruestexperten.de\/\">Startseite<\/a><\/span><\/span><\/p>\t\t<\/div>\n\t\t\t\t<\/div>\n\t\t\t\t<div class=\"elementor-element elementor-element-34e2901 elementor-widget elementor-widget-heading\" data-id=\"34e2901\" data-element_type=\"widget\" data-widget_type=\"heading.default\">\n\t\t\t\t<div class=\"elementor-widget-container\">\n\t\t\t<h1 class=\"elementor-heading-title elementor-size-default\">Vender andaimes Layher com sucesso<\/h1>\t\t<\/div>\n\t\t\t\t<\/div>\n\t\t\t\t<div class=\"elementor-element elementor-element-6718d87 elementor-widget elementor-widget-text-editor\" data-id=\"6718d87\" data-element_type=\"widget\" data-widget_type=\"text-editor.default\">\n\t\t\t\t<div class=\"elementor-widget-container\">\n\t\t\t\t\t\t\t<p>Compramos andaimes Layher usados, Blitz e Multidirecionais.<\/p>\n\t\t\t\t\t\t<\/div>\n\t\t\t\t<\/div>\n\t\t\t\t\t<\/div>\n\t\t<\/div>\n\t\t\t\t<div class=\"elementor-column elementor-col-50 elementor-top-column elementor-element elementor-element-7806485\" data-id=\"7806485\" data-element_type=\"column\">\n\t\t\t<div class=\"elementor-widget-wrap elementor-element-populated\">\n\t\t\t\t\t\t<div class=\"elementor-element elementor-element-aafa071 elementor-widget elementor-widget-image\" data-id=\"aafa071\" data-element_type=\"widget\" data-widget_type=\"image.default\">\n\t\t\t\t<div class=\"elementor-widget-container\">\n\t\t\t\t\t\t\t\t\t\t\t\t\t<img decoding=\"async\" width=\"300\" height=\"83\" src=\"https:\/\/geruestexperten.de\/wp-content\/uploads\/2017\/08\/layher-deutschland-logo.png\" class=\"attachment-medium size-medium wp-image-2091\" alt=\"Layher Ger\u00fcst gebraucht\" \/>\t\t\t\t\t\t\t\t\t\t\t\t\t<\/div>\n\t\t\t\t<\/div>\n\t\t\t\t\t<\/div>\n\t\t<\/div>\n\t\t\t\t\t<\/div>\n\t\t<\/section>\n\t\t\t\t<section class=\"elementor-section elementor-top-section elementor-element elementor-element-15dab40 elementor-section-boxed elementor-section-height-default elementor-section-height-default\" data-id=\"15dab40\" data-element_type=\"section\">\n\t\t\t\t\t\t<div class=\"elementor-container elementor-column-gap-default\">\n\t\t\t\t\t<div class=\"elementor-column elementor-col-100 elementor-top-column elementor-element elementor-element-96a395d\" data-id=\"96a395d\" data-element_type=\"column\">\n\t\t\t<div class=\"elementor-widget-wrap elementor-element-populated\">\n\t\t\t\t\t\t<div class=\"elementor-element elementor-element-b8f3107 elementor-widget elementor-widget-text-editor\" data-id=\"b8f3107\" data-element_type=\"widget\" data-widget_type=\"text-editor.default\">\n\t\t\t\t<div class=\"elementor-widget-container\">\n\t\t\t\t\t\t\t<p>Voc\u00ea deseja vender a sua companhia de montagem e aluguel de andaimes ou sua companhia de constru\u00e7\u00e3o, ou livrar-se de s\u00f3 uma parte dos seus andaimes? N\u00f3s teremos o maior prazer em fazer uma oferta com os melhores pre\u00e7os, atualizados diariamente.<\/p>\n<p>A liquida\u00e7\u00e3o \u00e9 r\u00e1pida, simples e confi\u00e1vel. Ligue agora para nossa linha direta:\u00a0<strong>0049 6251 8698420<\/strong><\/p>\n<p>N\u00f3 somos especialistas em andaimes Layher e preferimos comprar os andaimes de uso geral de segunda m\u00e3o desta marca, de a\u00e7o ou alum\u00ednio.\u00a0<strong>Compramos tamb\u00e9m a particulares<\/strong>.<\/p>\n\t\t\t\t\t\t<\/div>\n\t\t\t\t<\/div>\n\t\t\t\t\t<\/div>\n\t\t<\/div>\n\t\t\t\t\t<\/div>\n\t\t<\/section>\n\t\t\t\t<section class=\"elementor-section elementor-top-section elementor-element elementor-element-ce4b2cd elementor-section-boxed elementor-section-height-default elementor-section-height-default\" data-id=\"ce4b2cd\" data-element_type=\"section\">\n\t\t\t\t\t\t<div class=\"elementor-container elementor-column-gap-default\">\n\t\t\t\t\t<div class=\"elementor-column elementor-col-50 elementor-top-column elementor-element elementor-element-9e98c99\" data-id=\"9e98c99\" data-element_type=\"column\">\n\t\t\t<div class=\"elementor-widget-wrap elementor-element-populated\">\n\t\t\t\t\t\t<div class=\"elementor-element elementor-element-74af904 elementor-widget elementor-widget-heading\" data-id=\"74af904\" data-element_type=\"widget\" data-widget_type=\"heading.default\">\n\t\t\t\t<div class=\"elementor-widget-container\">\n\t\t\t<h2 class=\"elementor-heading-title elementor-size-default\">E assim, fazemos a venda das suas pe\u00e7as de andaimes Layher, o processo \u00e9 muito simples:<\/h2>\t\t<\/div>\n\t\t\t\t<\/div>\n\t\t\t\t<div class=\"elementor-element elementor-element-7fe8812 elementor-icon-list--layout-traditional elementor-list-item-link-full_width elementor-widget elementor-widget-icon-list\" data-id=\"7fe8812\" data-element_type=\"widget\" data-widget_type=\"icon-list.default\">\n\t\t\t\t<div class=\"elementor-widget-container\">\n\t\t\t\t\t<ul class=\"elementor-icon-list-items\">\n\t\t\t\t\t\t\t<li class=\"elementor-icon-list-item\">\n\t\t\t\t\t\t\t\t\t\t\t<span class=\"elementor-icon-list-icon\">\n\t\t\t\t\t\t\t<i aria-hidden=\"true\" class=\"fas fa-arrow-circle-right\"><\/i>\t\t\t\t\t\t<\/span>\n\t\t\t\t\t\t\t\t\t\t<span class=\"elementor-icon-list-text\">Compramos pequenas quantidades (somente entrega) ou at\u00e9 20.000m2<\/span>\n\t\t\t\t\t\t\t\t\t<\/li>\n\t\t\t\t\t\t\t\t<li class=\"elementor-icon-list-item\">\n\t\t\t\t\t\t\t\t\t\t\t<span class=\"elementor-icon-list-icon\">\n\t\t\t\t\t\t\t<i aria-hidden=\"true\" class=\"fas fa-list\"><\/i>\t\t\t\t\t\t<\/span>\n\t\t\t\t\t\t\t\t\t\t<span class=\"elementor-icon-list-text\">Solicite uma lista de materiais dos especialistas em andaimes ou envie a sua pr\u00f3pria lista por e-mail.<\/span>\n\t\t\t\t\t\t\t\t\t<\/li>\n\t\t\t\t\t\t\t\t<li class=\"elementor-icon-list-item\">\n\t\t\t\t\t\t\t\t\t\t\t<span class=\"elementor-icon-list-icon\">\n\t\t\t\t\t\t\t<i aria-hidden=\"true\" class=\"far fa-handshake\"><\/i>\t\t\t\t\t\t<\/span>\n\t\t\t\t\t\t\t\t\t\t<span class=\"elementor-icon-list-text\">O pre\u00e7o de compra e a data da coleta s\u00e3o acordados e discutidos por telefone e onde voc\u00ea estiver.<\/span>\n\t\t\t\t\t\t\t\t\t<\/li>\n\t\t\t\t\t\t\t\t<li class=\"elementor-icon-list-item\">\n\t\t\t\t\t\t\t\t\t\t\t<span class=\"elementor-icon-list-icon\">\n\t\t\t\t\t\t\t<i aria-hidden=\"true\" class=\"fas fa-exchange-alt\"><\/i>\t\t\t\t\t\t<\/span>\n\t\t\t\t\t\t\t\t\t\t<span class=\"elementor-icon-list-text\">Sie liefern das Ger\u00fcst selber an und erhalten daf\u00fcr eine     Frachtpauschale oder wir k\u00fcmmern uns um den Transport.  <\/span>\n\t\t\t\t\t\t\t\t\t<\/li>\n\t\t\t\t\t\t\t\t<li class=\"elementor-icon-list-item\">\n\t\t\t\t\t\t\t\t\t\t\t<span class=\"elementor-icon-list-icon\">\n\t\t\t\t\t\t\t<i aria-hidden=\"true\" class=\"far fa-money-bill-alt\"><\/i>\t\t\t\t\t\t<\/span>\n\t\t\t\t\t\t\t\t\t\t<span class=\"elementor-icon-list-text\">Pagamos em dinheiro ou transferimos o pre\u00e7o de compra antes dos levar. <\/span>\n\t\t\t\t\t\t\t\t\t<\/li>\n\t\t\t\t\t\t<\/ul>\n\t\t\t\t<\/div>\n\t\t\t\t<\/div>\n\t\t\t\t\t<\/div>\n\t\t<\/div>\n\t\t\t\t<div class=\"elementor-column elementor-col-50 elementor-top-column elementor-element elementor-element-c8f8438\" data-id=\"c8f8438\" data-element_type=\"column\">\n\t\t\t<div class=\"elementor-widget-wrap elementor-element-populated\">\n\t\t\t\t\t\t<div class=\"elementor-element elementor-element-24c278e elementor-widget elementor-widget-heading\" data-id=\"24c278e\" data-element_type=\"widget\" data-widget_type=\"heading.default\">\n\t\t\t\t<div class=\"elementor-widget-container\">\n\t\t\t<h2 class=\"elementor-heading-title elementor-size-default\">Solicita\u00e7\u00e3o<\/h2>\t\t<\/div>\n\t\t\t\t<\/div>\n\t\t\t\t<div class=\"elementor-element elementor-element-6881995 elementor-widget elementor-widget-text-editor\" data-id=\"6881995\" data-element_type=\"widget\" data-widget_type=\"text-editor.default\">\n\t\t\t\t<div class=\"elementor-widget-container\">\n\t\t\t\t\t\t\t<p>\n<div class=\"wpcf7 no-js\" id=\"wpcf7-f9906-o1\" lang=\"de-DE\" dir=\"ltr\">\n<div class=\"screen-reader-response\"><p role=\"status\" aria-live=\"polite\" aria-atomic=\"true\"><\/p> <ul><\/ul><\/div>\n<form action=\"\/pt-br\/wp-json\/wp\/v2\/pages\/9898#wpcf7-f9906-o1\" method=\"post\" class=\"wpcf7-form init\" aria-label=\"Kontaktformular\" novalidate=\"novalidate\" data-status=\"init\">\n<div style=\"display: none;\">\n<input type=\"hidden\" name=\"_wpcf7\" value=\"9906\" \/>\n<input type=\"hidden\" name=\"_wpcf7_version\" value=\"5.9.3\" \/>\n<input type=\"hidden\" name=\"_wpcf7_locale\" value=\"de_DE_formal\" \/>\n<input type=\"hidden\" name=\"_wpcf7_unit_tag\" value=\"wpcf7-f9906-o1\" \/>\n<input type=\"hidden\" name=\"_wpcf7_container_post\" value=\"0\" \/>\n<input type=\"hidden\" name=\"_wpcf7_posted_data_hash\" value=\"\" \/>\n<input type=\"hidden\" name=\"_wpcf7_recaptcha_response\" value=\"\" \/>\n<\/div>\n<p><label> Nome*<br \/>\n<span class=\"wpcf7-form-control-wrap\" data-name=\"your-name\"><input size=\"40\" class=\"wpcf7-form-control wpcf7-text wpcf7-validates-as-required\" aria-required=\"true\" aria-invalid=\"false\" value=\"\" type=\"text\" name=\"your-name\" \/><\/span> <\/label>\n<\/p>\n<p><label> E-Mail*<br \/>\n<span class=\"wpcf7-form-control-wrap\" data-name=\"your-email\"><input size=\"40\" class=\"wpcf7-form-control wpcf7-email wpcf7-validates-as-required wpcf7-text wpcf7-validates-as-email\" aria-required=\"true\" aria-invalid=\"false\" value=\"\" type=\"email\" name=\"your-email\" \/><\/span> <\/label>\n<\/p>\n<p><label> N\u00famero de telefone*<br \/>\n<span class=\"wpcf7-form-control-wrap\" data-name=\"tel-165\"><input size=\"40\" class=\"wpcf7-form-control wpcf7-tel wpcf7-validates-as-required wpcf7-text wpcf7-validates-as-tel\" aria-required=\"true\" aria-invalid=\"false\" value=\"\" type=\"tel\" name=\"tel-165\" \/><\/span> <\/label>\n<\/p>\n<p><label> Sua mensagem*<br \/>\n<span class=\"wpcf7-form-control-wrap\" data-name=\"textarea-686\"><textarea cols=\"40\" rows=\"10\" class=\"wpcf7-form-control wpcf7-textarea wpcf7-validates-as-required\" aria-required=\"true\" aria-invalid=\"false\" name=\"textarea-686\"><\/textarea><\/span> <\/label>\n<\/p>\n<p><span class=\"wpcf7-form-control-wrap\" data-name=\"acceptance-456\"><span class=\"wpcf7-form-control wpcf7-acceptance\"><span class=\"wpcf7-list-item\"><label><input type=\"checkbox\" name=\"acceptance-456\" value=\"1\" aria-invalid=\"false\" \/><span class=\"wpcf7-list-item-label\">Sim, li e aceito as Condi\u00e7\u00f5es de Prote\u00e7\u00e3o e Uso de Dados.*<\/span><\/label><\/span><\/span><\/span>\n<\/p>\n<p><input class=\"wpcf7-form-control wpcf7-submit has-spinner\" type=\"submit\" value=\"Enviar\" \/>\n<\/p><div class=\"wpcf7-response-output\" aria-hidden=\"true\"><\/div>\n<\/form>\n<\/div>\n<\/p>\t\t\t\t\t\t<\/div>\n\t\t\t\t<\/div>\n\t\t\t\t\t<\/div>\n\t\t<\/div>\n\t\t\t\t\t<\/div>\n\t\t<\/section>\n\t\t\t\t<\/div>\n\t\t","protected":false},"excerpt":{"rendered":"<p>Vender andaimes Layher com sucesso Compramos andaimes Layher usados, Blitz e Multidirecionais. Voc\u00ea deseja vender a sua companhia de montagem e aluguel de andaimes ou sua companhia de constru\u00e7\u00e3o, ou livrar-se de s\u00f3 uma parte dos seus andaimes? N\u00f3s teremos o maior prazer em fazer uma oferta com os melhores pre\u00e7os, atualizados diariamente. A liquida\u00e7\u00e3o &#8230; <a title=\"Vender Andaimes\" class=\"read-more\" href=\"https:\/\/geruestexperten.de\/pt-br\/vender-andaimes\" aria-label=\"More on Vender Andaimes\">Ler mais<\/a><\/p>\n","protected":false},"author":1,"featured_media":0,"parent":0,"menu_order":0,"comment_status":"closed","ping_status":"closed","template":"","meta":{"generate_page_header":"","footnotes":""},"class_list":["post-9898","page","type-page","status-publish"],"yoast_head":"<!-- This site is optimized with the Yoast SEO plugin v22.3 - https:\/\/yoast.com\/wordpress\/plugins\/seo\/ -->\n<title>Vender andaimes Layher com sucesso<\/title>\n<meta name=\"description\" content=\"Vender andaimes Layher com sucesso\" \/>\n<meta name=\"robots\" content=\"index, follow, max-snippet:-1, max-image-preview:large, max-video-preview:-1\" \/>\n<link rel=\"canonical\" href=\"https:\/\/geruestexperten.de\/pt-br\/vender-andaimes\" \/>\n<meta property=\"og:locale\" content=\"pt_BR\" \/>\n<meta property=\"og:type\" content=\"article\" \/>\n<meta property=\"og:title\" content=\"Vender andaimes Layher com sucesso\" \/>\n<meta property=\"og:description\" content=\"Vender andaimes Layher com sucesso\" \/>\n<meta property=\"og:url\" content=\"https:\/\/geruestexperten.de\/pt-br\/vender-andaimes\" \/>\n<meta property=\"article:modified_time\" content=\"2019-11-11T17:41:40+00:00\" \/>\n<meta property=\"og:image\" content=\"https:\/\/geruestexperten.de\/wp-content\/uploads\/2017\/08\/layher-deutschland-logo.png\" \/>\n<meta name=\"twitter:card\" content=\"summary_large_image\" \/>\n<meta name=\"twitter:label1\" content=\"Est. tempo de leitura\" \/>\n\t<meta name=\"twitter:data1\" content=\"1 minuto\" \/>\n<script type=\"application\/ld+json\" class=\"yoast-schema-graph\">{\"@context\":\"https:\/\/schema.org\",\"@graph\":[{\"@type\":\"WebPage\",\"@id\":\"https:\/\/geruestexperten.de\/pt-br\/vender-andaimes\",\"url\":\"https:\/\/geruestexperten.de\/pt-br\/vender-andaimes\",\"name\":\"Vender andaimes Layher com sucesso\",\"isPartOf\":{\"@id\":\"https:\/\/geruestexperten.de\/#website\"},\"primaryImageOfPage\":{\"@id\":\"https:\/\/geruestexperten.de\/pt-br\/vender-andaimes#primaryimage\"},\"image\":{\"@id\":\"https:\/\/geruestexperten.de\/pt-br\/vender-andaimes#primaryimage\"},\"thumbnailUrl\":\"https:\/\/geruestexperten.de\/wp-content\/uploads\/2017\/08\/layher-deutschland-logo.png\",\"datePublished\":\"2019-11-11T17:37:39+00:00\",\"dateModified\":\"2019-11-11T17:41:40+00:00\",\"description\":\"Vender andaimes Layher com sucesso\",\"breadcrumb\":{\"@id\":\"https:\/\/geruestexperten.de\/pt-br\/vender-andaimes#breadcrumb\"},\"inLanguage\":\"pt-BR\",\"potentialAction\":[{\"@type\":\"ReadAction\",\"target\":[\"https:\/\/geruestexperten.de\/pt-br\/vender-andaimes\"]}]},{\"@type\":\"ImageObject\",\"inLanguage\":\"pt-BR\",\"@id\":\"https:\/\/geruestexperten.de\/pt-br\/vender-andaimes#primaryimage\",\"url\":\"https:\/\/geruestexperten.de\/wp-content\/uploads\/2017\/08\/layher-deutschland-logo.png\",\"contentUrl\":\"https:\/\/geruestexperten.de\/wp-content\/uploads\/2017\/08\/layher-deutschland-logo.png\",\"width\":777,\"height\":215,\"caption\":\"Layher Ger\u00fcste kaufen\"},{\"@type\":\"BreadcrumbList\",\"@id\":\"https:\/\/geruestexperten.de\/pt-br\/vender-andaimes#breadcrumb\",\"itemListElement\":[{\"@type\":\"ListItem\",\"position\":1,\"name\":\"Startseite\",\"item\":\"https:\/\/geruestexperten.de\/\"},{\"@type\":\"ListItem\",\"position\":2,\"name\":\"Vender Andaimes\"}]},{\"@type\":\"WebSite\",\"@id\":\"https:\/\/geruestexperten.de\/#website\",\"url\":\"https:\/\/geruestexperten.de\/\",\"name\":\"\",\"description\":\"\",\"publisher\":{\"@id\":\"https:\/\/geruestexperten.de\/#organization\"},\"potentialAction\":[{\"@type\":\"SearchAction\",\"target\":{\"@type\":\"EntryPoint\",\"urlTemplate\":\"https:\/\/geruestexperten.de\/?s={search_term_string}\"},\"query-input\":\"required name=search_term_string\"}],\"inLanguage\":\"pt-BR\"},{\"@type\":\"Organization\",\"@id\":\"https:\/\/geruestexperten.de\/#organization\",\"name\":\"Ger\u00fcstexperten\",\"url\":\"https:\/\/geruestexperten.de\/\",\"logo\":{\"@type\":\"ImageObject\",\"inLanguage\":\"pt-BR\",\"@id\":\"https:\/\/geruestexperten.de\/#\/schema\/logo\/image\/\",\"url\":\"https:\/\/geruestexperten.de\/wp-content\/uploads\/2018\/06\/Geru\u0308stexperten.png\",\"contentUrl\":\"https:\/\/geruestexperten.de\/wp-content\/uploads\/2018\/06\/Geru\u0308stexperten.png\",\"width\":350,\"height\":70,\"caption\":\"Ger\u00fcstexperten\"},\"image\":{\"@id\":\"https:\/\/geruestexperten.de\/#\/schema\/logo\/image\/\"}}]}<\/script>\n<!-- \/ Yoast SEO plugin. -->","yoast_head_json":{"title":"Vender andaimes Layher com sucesso","description":"Vender andaimes Layher com sucesso","robots":{"index":"index","follow":"follow","max-snippet":"max-snippet:-1","max-image-preview":"max-image-preview:large","max-video-preview":"max-video-preview:-1"},"canonical":"https:\/\/geruestexperten.de\/pt-br\/vender-andaimes","og_locale":"pt_BR","og_type":"article","og_title":"Vender andaimes Layher com sucesso","og_description":"Vender andaimes Layher com sucesso","og_url":"https:\/\/geruestexperten.de\/pt-br\/vender-andaimes","article_modified_time":"2019-11-11T17:41:40+00:00","og_image":[{"url":"https:\/\/geruestexperten.de\/wp-content\/uploads\/2017\/08\/layher-deutschland-logo.png"}],"twitter_card":"summary_large_image","twitter_misc":{"Est. tempo de leitura":"1 minuto"},"schema":{"@context":"https:\/\/schema.org","@graph":[{"@type":"WebPage","@id":"https:\/\/geruestexperten.de\/pt-br\/vender-andaimes","url":"https:\/\/geruestexperten.de\/pt-br\/vender-andaimes","name":"Vender andaimes Layher com sucesso","isPartOf":{"@id":"https:\/\/geruestexperten.de\/#website"},"primaryImageOfPage":{"@id":"https:\/\/geruestexperten.de\/pt-br\/vender-andaimes#primaryimage"},"image":{"@id":"https:\/\/geruestexperten.de\/pt-br\/vender-andaimes#primaryimage"},"thumbnailUrl":"https:\/\/geruestexperten.de\/wp-content\/uploads\/2017\/08\/layher-deutschland-logo.png","datePublished":"2019-11-11T17:37:39+00:00","dateModified":"2019-11-11T17:41:40+00:00","description":"Vender andaimes Layher com sucesso","breadcrumb":{"@id":"https:\/\/geruestexperten.de\/pt-br\/vender-andaimes#breadcrumb"},"inLanguage":"pt-BR","potentialAction":[{"@type":"ReadAction","target":["https:\/\/geruestexperten.de\/pt-br\/vender-andaimes"]}]},{"@type":"ImageObject","inLanguage":"pt-BR","@id":"https:\/\/geruestexperten.de\/pt-br\/vender-andaimes#primaryimage","url":"https:\/\/geruestexperten.de\/wp-content\/uploads\/2017\/08\/layher-deutschland-logo.png","contentUrl":"https:\/\/geruestexperten.de\/wp-content\/uploads\/2017\/08\/layher-deutschland-logo.png","width":777,"height":215,"caption":"Layher Ger\u00fcste kaufen"},{"@type":"BreadcrumbList","@id":"https:\/\/geruestexperten.de\/pt-br\/vender-andaimes#breadcrumb","itemListElement":[{"@type":"ListItem","position":1,"name":"Startseite","item":"https:\/\/geruestexperten.de\/"},{"@type":"ListItem","position":2,"name":"Vender Andaimes"}]},{"@type":"WebSite","@id":"https:\/\/geruestexperten.de\/#website","url":"https:\/\/geruestexperten.de\/","name":"","description":"","publisher":{"@id":"https:\/\/geruestexperten.de\/#organization"},"potentialAction":[{"@type":"SearchAction","target":{"@type":"EntryPoint","urlTemplate":"https:\/\/geruestexperten.de\/?s={search_term_string}"},"query-input":"required name=search_term_string"}],"inLanguage":"pt-BR"},{"@type":"Organization","@id":"https:\/\/geruestexperten.de\/#organization","name":"Ger\u00fcstexperten","url":"https:\/\/geruestexperten.de\/","logo":{"@type":"ImageObject","inLanguage":"pt-BR","@id":"https:\/\/geruestexperten.de\/#\/schema\/logo\/image\/","url":"https:\/\/geruestexperten.de\/wp-content\/uploads\/2018\/06\/Geru\u0308stexperten.png","contentUrl":"https:\/\/geruestexperten.de\/wp-content\/uploads\/2018\/06\/Geru\u0308stexperten.png","width":350,"height":70,"caption":"Ger\u00fcstexperten"},"image":{"@id":"https:\/\/geruestexperten.de\/#\/schema\/logo\/image\/"}}]}},"_links":{"self":[{"href":"https:\/\/geruestexperten.de\/pt-br\/wp-json\/wp\/v2\/pages\/9898"}],"collection":[{"href":"https:\/\/geruestexperten.de\/pt-br\/wp-json\/wp\/v2\/pages"}],"about":[{"href":"https:\/\/geruestexperten.de\/pt-br\/wp-json\/wp\/v2\/types\/page"}],"author":[{"embeddable":true,"href":"https:\/\/geruestexperten.de\/pt-br\/wp-json\/wp\/v2\/users\/1"}],"replies":[{"embeddable":true,"href":"https:\/\/geruestexperten.de\/pt-br\/wp-json\/wp\/v2\/comments?post=9898"}],"version-history":[{"count":3,"href":"https:\/\/geruestexperten.de\/pt-br\/wp-json\/wp\/v2\/pages\/9898\/revisions"}],"predecessor-version":[{"id":9908,"href":"https:\/\/geruestexperten.de\/pt-br\/wp-json\/wp\/v2\/pages\/9898\/revisions\/9908"}],"wp:attachment":[{"href":"https:\/\/geruestexperten.de\/pt-br\/wp-json\/wp\/v2\/media?parent=9898"}],"curies":[{"name":"wp","href":"https:\/\/api.w.org\/{rel}","templated":true}]}}