{"id":9875,"date":"2019-11-07T12:30:13","date_gmt":"2019-11-07T12:30:13","guid":{"rendered":"https:\/\/geruestexperten.de\/achat-dechafaudages-layher"},"modified":"2019-11-11T17:48:48","modified_gmt":"2019-11-11T17:48:48","slug":"achat-dechafaudages-layher","status":"publish","type":"page","link":"https:\/\/geruestexperten.de\/fr\/achat-dechafaudages-layher","title":{"rendered":"Achat d&rsquo;\u00e9chafaudages Layher"},"content":{"rendered":"\t\t<div data-elementor-type=\"wp-post\" data-elementor-id=\"9875\" class=\"elementor elementor-9875 elementor-1094\">\n\t\t\t\t\t\t<section class=\"elementor-section elementor-top-section elementor-element elementor-element-eb9276c elementor-section-boxed elementor-section-height-default elementor-section-height-default\" data-id=\"eb9276c\" data-element_type=\"section\" data-settings=\"{&quot;background_background&quot;:&quot;classic&quot;}\">\n\t\t\t\t\t\t\t<div class=\"elementor-background-overlay\"><\/div>\n\t\t\t\t\t\t\t<div class=\"elementor-container elementor-column-gap-default\">\n\t\t\t\t\t<div class=\"elementor-column elementor-col-50 elementor-top-column elementor-element elementor-element-63d9bcb\" data-id=\"63d9bcb\" data-element_type=\"column\">\n\t\t\t<div class=\"elementor-widget-wrap elementor-element-populated\">\n\t\t\t\t\t\t<div class=\"elementor-element elementor-element-b1c1717 elementor-widget elementor-widget-breadcrumbs\" data-id=\"b1c1717\" data-element_type=\"widget\" data-widget_type=\"breadcrumbs.default\">\n\t\t\t\t<div class=\"elementor-widget-container\">\n\t\t\t<p id=\"breadcrumbs\"><span><span><a href=\"https:\/\/geruestexperten.de\/\">Startseite<\/a><\/span><\/span><\/p>\t\t<\/div>\n\t\t\t\t<\/div>\n\t\t\t\t<div class=\"elementor-element elementor-element-34e2901 elementor-widget elementor-widget-heading\" data-id=\"34e2901\" data-element_type=\"widget\" data-widget_type=\"heading.default\">\n\t\t\t\t<div class=\"elementor-widget-container\">\n\t\t\t<h1 class=\"elementor-heading-title elementor-size-default\">Achat d'\u00e9chafaudages Layher<\/h1>\t\t<\/div>\n\t\t\t\t<\/div>\n\t\t\t\t<div class=\"elementor-element elementor-element-6718d87 elementor-widget elementor-widget-text-editor\" data-id=\"6718d87\" data-element_type=\"widget\" data-widget_type=\"text-editor.default\">\n\t\t\t\t<div class=\"elementor-widget-container\">\n\t\t\t\t\t\t\t<p>Achat d&rsquo;\u00e9chafaudages d&rsquo;occasion Layher Blitz, \u00e9chafaudages Allround et \u00e9chafaudages roulants.<\/p>\n\t\t\t\t\t\t<\/div>\n\t\t\t\t<\/div>\n\t\t\t\t\t<\/div>\n\t\t<\/div>\n\t\t\t\t<div class=\"elementor-column elementor-col-50 elementor-top-column elementor-element elementor-element-7806485\" data-id=\"7806485\" data-element_type=\"column\">\n\t\t\t<div class=\"elementor-widget-wrap elementor-element-populated\">\n\t\t\t\t\t\t<div class=\"elementor-element elementor-element-aafa071 elementor-widget elementor-widget-image\" data-id=\"aafa071\" data-element_type=\"widget\" data-widget_type=\"image.default\">\n\t\t\t\t<div class=\"elementor-widget-container\">\n\t\t\t\t\t\t\t\t\t\t\t\t\t<img decoding=\"async\" width=\"300\" height=\"83\" src=\"https:\/\/geruestexperten.de\/wp-content\/uploads\/2017\/08\/layher-deutschland-logo.png\" class=\"attachment-medium size-medium wp-image-2091\" alt=\"Layher Ger\u00fcst gebraucht\" \/>\t\t\t\t\t\t\t\t\t\t\t\t\t<\/div>\n\t\t\t\t<\/div>\n\t\t\t\t\t<\/div>\n\t\t<\/div>\n\t\t\t\t\t<\/div>\n\t\t<\/section>\n\t\t\t\t<section class=\"elementor-section elementor-top-section elementor-element elementor-element-15dab40 elementor-section-boxed elementor-section-height-default elementor-section-height-default\" data-id=\"15dab40\" data-element_type=\"section\">\n\t\t\t\t\t\t<div class=\"elementor-container elementor-column-gap-default\">\n\t\t\t\t\t<div class=\"elementor-column elementor-col-100 elementor-top-column elementor-element elementor-element-96a395d\" data-id=\"96a395d\" data-element_type=\"column\">\n\t\t\t<div class=\"elementor-widget-wrap elementor-element-populated\">\n\t\t\t\t\t\t<div class=\"elementor-element elementor-element-b8f3107 elementor-widget elementor-widget-text-editor\" data-id=\"b8f3107\" data-element_type=\"widget\" data-widget_type=\"text-editor.default\">\n\t\t\t\t<div class=\"elementor-widget-container\">\n\t\t\t\t\t\t\t<p>Vous souhaitez vendre votre soci\u00e9t\u00e9 d&rsquo;\u00e9chafaudage, de toiture, de peinture ou de stuc ou tout simplement une partie de votre parc d&rsquo;\u00e9chafaudage ?<\/p><p>Nous serions heureux de vous faire une offre concr\u00e8te pour les meilleurs prix mis \u00e0 jour quotidiennement. Le r\u00e8glement est rapide, fiable et fiable. Appelez la hotline\u00a0: <a href=\"tel:+4962518698420\">+49 6251 8698420<\/a><\/p><p>Nous nous sommes sp\u00e9cialis\u00e9s dans les \u00e9chafaudages de la marque Layher et nous pr\u00e9f\u00e9rons maintenant acheter des \u00e9chafaudages d&rsquo;occasion Blitz, allround et roulants en acier et en aluminium. <strong>Achetez \u00e9galement aupr\u00e8s d&rsquo;un particulier<\/strong>.<\/p>\t\t\t\t\t\t<\/div>\n\t\t\t\t<\/div>\n\t\t\t\t\t<\/div>\n\t\t<\/div>\n\t\t\t\t\t<\/div>\n\t\t<\/section>\n\t\t\t\t<section class=\"elementor-section elementor-top-section elementor-element elementor-element-ce4b2cd elementor-section-boxed elementor-section-height-default elementor-section-height-default\" data-id=\"ce4b2cd\" data-element_type=\"section\">\n\t\t\t\t\t\t<div class=\"elementor-container elementor-column-gap-default\">\n\t\t\t\t\t<div class=\"elementor-column elementor-col-50 elementor-top-column elementor-element elementor-element-9e98c99\" data-id=\"9e98c99\" data-element_type=\"column\">\n\t\t\t<div class=\"elementor-widget-wrap elementor-element-populated\">\n\t\t\t\t\t\t<div class=\"elementor-element elementor-element-74af904 elementor-widget elementor-widget-heading\" data-id=\"74af904\" data-element_type=\"widget\" data-widget_type=\"heading.default\">\n\t\t\t\t<div class=\"elementor-widget-container\">\n\t\t\t<h2 class=\"elementor-heading-title elementor-size-default\">C'est ainsi que fonctionne l'achat de l'\u00e9chafaudage :<\/h2>\t\t<\/div>\n\t\t\t\t<\/div>\n\t\t\t\t<div class=\"elementor-element elementor-element-7fe8812 elementor-icon-list--layout-traditional elementor-list-item-link-full_width elementor-widget elementor-widget-icon-list\" data-id=\"7fe8812\" data-element_type=\"widget\" data-widget_type=\"icon-list.default\">\n\t\t\t\t<div class=\"elementor-widget-container\">\n\t\t\t\t\t<ul class=\"elementor-icon-list-items\">\n\t\t\t\t\t\t\t<li class=\"elementor-icon-list-item\">\n\t\t\t\t\t\t\t\t\t\t\t<span class=\"elementor-icon-list-icon\">\n\t\t\t\t\t\t\t\t\t\t\t\t\t\t\t\t<i class=\"fa fa-list\" aria-hidden=\"true\"><\/i>\n\t\t\t\t\t\t\t\t\t\t\t\t\t<\/span>\n\t\t\t\t\t\t\t\t\t\t<span class=\"elementor-icon-list-text\">Demandez une liste de mat\u00e9riaux aux experts en \u00e9chafaudage ou envoyez votre propre liste et vos photos ou faxez-les.<\/span>\n\t\t\t\t\t\t\t\t\t<\/li>\n\t\t\t\t\t\t\t\t<li class=\"elementor-icon-list-item\">\n\t\t\t\t\t\t\t\t\t\t\t<span class=\"elementor-icon-list-icon\">\n\t\t\t\t\t\t\t\t\t\t\t\t\t\t\t\t<i class=\"fa fa-handshake-o\" aria-hidden=\"true\"><\/i>\n\t\t\t\t\t\t\t\t\t\t\t\t\t<\/span>\n\t\t\t\t\t\t\t\t\t\t<span class=\"elementor-icon-list-text\">Le prix d'achat et la date de prise en charge sont convenus et discut\u00e9s avec vous sur place. <\/span>\n\t\t\t\t\t\t\t\t\t<\/li>\n\t\t\t\t\t\t\t\t<li class=\"elementor-icon-list-item\">\n\t\t\t\t\t\t\t\t\t\t\t<span class=\"elementor-icon-list-icon\">\n\t\t\t\t\t\t\t\t\t\t\t\t\t\t\t\t<i class=\"fa fa-exchange\" aria-hidden=\"true\"><\/i>\n\t\t\t\t\t\t\t\t\t\t\t\t\t<\/span>\n\t\t\t\t\t\t\t\t\t\t<span class=\"elementor-icon-list-text\">Vous livrez vous-m\u00eame l'\u00e9chafaudage et recevez des frais de transport ou nous nous chargeons du transport.<\/span>\n\t\t\t\t\t\t\t\t\t<\/li>\n\t\t\t\t\t\t\t\t<li class=\"elementor-icon-list-item\">\n\t\t\t\t\t\t\t\t\t\t\t<span class=\"elementor-icon-list-icon\">\n\t\t\t\t\t\t\t\t\t\t\t\t\t\t\t\t<i class=\"fa fa-money\" aria-hidden=\"true\"><\/i>\n\t\t\t\t\t\t\t\t\t\t\t\t\t<\/span>\n\t\t\t\t\t\t\t\t\t\t<span class=\"elementor-icon-list-text\">Nous payons en esp\u00e8ces ou transf\u00e9rons le prix d'achat avant le chargement.<\/span>\n\t\t\t\t\t\t\t\t\t<\/li>\n\t\t\t\t\t\t\t\t<li class=\"elementor-icon-list-item\">\n\t\t\t\t\t\t\t\t\t\t\t<span class=\"elementor-icon-list-icon\">\n\t\t\t\t\t\t\t\t\t\t\t\t\t\t\t\t<i class=\"fa fa-arrow-circle-right\" aria-hidden=\"true\"><\/i>\n\t\t\t\t\t\t\t\t\t\t\t\t\t<\/span>\n\t\t\t\t\t\t\t\t\t\t<span class=\"elementor-icon-list-text\">Nous achetons de petites quantit\u00e9s (livraison seulement) ou jusqu\u2019\u00e0 20.000m2<\/span>\n\t\t\t\t\t\t\t\t\t<\/li>\n\t\t\t\t\t\t<\/ul>\n\t\t\t\t<\/div>\n\t\t\t\t<\/div>\n\t\t\t\t\t<\/div>\n\t\t<\/div>\n\t\t\t\t<div class=\"elementor-column elementor-col-50 elementor-top-column elementor-element elementor-element-c8f8438\" data-id=\"c8f8438\" data-element_type=\"column\">\n\t\t\t<div class=\"elementor-widget-wrap elementor-element-populated\">\n\t\t\t\t\t\t<div class=\"elementor-element elementor-element-24c278e elementor-widget elementor-widget-heading\" data-id=\"24c278e\" data-element_type=\"widget\" data-widget_type=\"heading.default\">\n\t\t\t\t<div class=\"elementor-widget-container\">\n\t\t\t<h2 class=\"elementor-heading-title elementor-size-default\">Envoyer une demande d'achat d'\u00e9chafaudage<\/h2>\t\t<\/div>\n\t\t\t\t<\/div>\n\t\t\t\t<div class=\"elementor-element elementor-element-6881995 elementor-widget elementor-widget-text-editor\" data-id=\"6881995\" data-element_type=\"widget\" data-widget_type=\"text-editor.default\">\n\t\t\t\t<div class=\"elementor-widget-container\">\n\t\t\t\t\t\t\t<p>\n<div class=\"wpcf7 no-js\" id=\"wpcf7-f9883-o1\" lang=\"de-DE\" dir=\"ltr\">\n<div class=\"screen-reader-response\"><p role=\"status\" aria-live=\"polite\" aria-atomic=\"true\"><\/p> <ul><\/ul><\/div>\n<form action=\"\/fr\/wp-json\/wp\/v2\/pages\/9875#wpcf7-f9883-o1\" method=\"post\" class=\"wpcf7-form init\" aria-label=\"Kontaktformular\" novalidate=\"novalidate\" data-status=\"init\">\n<div style=\"display: none;\">\n<input type=\"hidden\" name=\"_wpcf7\" value=\"9883\" \/>\n<input type=\"hidden\" name=\"_wpcf7_version\" value=\"5.9.3\" \/>\n<input type=\"hidden\" name=\"_wpcf7_locale\" value=\"de_DE_formal\" \/>\n<input type=\"hidden\" name=\"_wpcf7_unit_tag\" value=\"wpcf7-f9883-o1\" \/>\n<input type=\"hidden\" name=\"_wpcf7_container_post\" value=\"0\" \/>\n<input type=\"hidden\" name=\"_wpcf7_posted_data_hash\" value=\"\" \/>\n<input type=\"hidden\" name=\"_wpcf7_recaptcha_response\" value=\"\" \/>\n<\/div>\n<p><label> Votre nom et pr\u00e9nom*<br \/>\n<span class=\"wpcf7-form-control-wrap\" data-name=\"your-name\"><input size=\"40\" class=\"wpcf7-form-control wpcf7-text wpcf7-validates-as-required\" aria-required=\"true\" aria-invalid=\"false\" value=\"\" type=\"text\" name=\"your-name\" \/><\/span> <\/label>\n<\/p>\n<p><label> Votre adresse e-mail*<br \/>\n<span class=\"wpcf7-form-control-wrap\" data-name=\"your-email\"><input size=\"40\" class=\"wpcf7-form-control wpcf7-email wpcf7-validates-as-required wpcf7-text wpcf7-validates-as-email\" aria-required=\"true\" aria-invalid=\"false\" value=\"\" type=\"email\" name=\"your-email\" \/><\/span> <\/label>\n<\/p>\n<p><label> Votre num\u00e9ro de t\u00e9l\u00e9phone*<br \/>\n<span class=\"wpcf7-form-control-wrap\" data-name=\"tel-165\"><input size=\"40\" class=\"wpcf7-form-control wpcf7-tel wpcf7-validates-as-required wpcf7-text wpcf7-validates-as-tel\" aria-required=\"true\" aria-invalid=\"false\" value=\"\" type=\"tel\" name=\"tel-165\" \/><\/span> <\/label>\n<\/p>\n<p><label> Votre message*<br \/>\n<span class=\"wpcf7-form-control-wrap\" data-name=\"textarea-686\"><textarea cols=\"40\" rows=\"10\" class=\"wpcf7-form-control wpcf7-textarea wpcf7-validates-as-required\" aria-required=\"true\" aria-invalid=\"false\" name=\"textarea-686\"><\/textarea><\/span> <\/label>\n<\/p>\n<p><span class=\"wpcf7-form-control-wrap\" data-name=\"acceptance-456\"><span class=\"wpcf7-form-control wpcf7-acceptance\"><span class=\"wpcf7-list-item\"><label><input type=\"checkbox\" name=\"acceptance-456\" value=\"1\" aria-invalid=\"false\" \/><span class=\"wpcf7-list-item-label\">Oui, j&rsquo;ai lu et compris la politique de confidentialit\u00e9.*<\/span><\/label><\/span><\/span><\/span>\n<\/p>\n<p><input class=\"wpcf7-form-control wpcf7-submit has-spinner\" type=\"submit\" value=\"Envoyer une demande\" \/>\n<\/p><div class=\"wpcf7-response-output\" aria-hidden=\"true\"><\/div>\n<\/form>\n<\/div>\n<\/p>\t\t\t\t\t\t<\/div>\n\t\t\t\t<\/div>\n\t\t\t\t\t<\/div>\n\t\t<\/div>\n\t\t\t\t\t<\/div>\n\t\t<\/section>\n\t\t\t\t<\/div>\n\t\t","protected":false},"excerpt":{"rendered":"<p>Achat d&rsquo;\u00e9chafaudages Layher Achat d&rsquo;\u00e9chafaudages d&rsquo;occasion Layher Blitz, \u00e9chafaudages Allround et \u00e9chafaudages roulants. Vous souhaitez vendre votre soci\u00e9t\u00e9 d&rsquo;\u00e9chafaudage, de toiture, de peinture ou de stuc ou tout simplement une partie de votre parc d&rsquo;\u00e9chafaudage ? Nous serions heureux de vous faire une offre concr\u00e8te pour les meilleurs prix mis \u00e0 jour quotidiennement. Le r\u00e8glement &#8230; <a title=\"Achat d&rsquo;\u00e9chafaudages Layher\" class=\"read-more\" href=\"https:\/\/geruestexperten.de\/fr\/achat-dechafaudages-layher\" aria-label=\"En savoir plus sur Achat d&rsquo;\u00e9chafaudages Layher\">Lire la suite<\/a><\/p>\n","protected":false},"author":1,"featured_media":0,"parent":0,"menu_order":0,"comment_status":"closed","ping_status":"closed","template":"","meta":{"generate_page_header":"","footnotes":""},"class_list":["post-9875","page","type-page","status-publish"],"yoast_head":"<!-- This site is optimized with the Yoast SEO plugin v22.3 - https:\/\/yoast.com\/wordpress\/plugins\/seo\/ -->\n<title>Achat d&#039;\u00e9chafaudages d&#039;occasion Layher Blitz, \u00e9chafaudages Allround et \u00e9chafaudages roulants.<\/title>\n<meta name=\"description\" content=\"Achat d&#039;\u00e9chafaudages d&#039;occasion Layher Blitz, \u00e9chafaudages Allround et \u00e9chafaudages roulants.\" \/>\n<meta name=\"robots\" content=\"index, follow, max-snippet:-1, max-image-preview:large, max-video-preview:-1\" \/>\n<link rel=\"canonical\" href=\"https:\/\/geruestexperten.de\/fr\/achat-dechafaudages-layher\" \/>\n<meta property=\"og:locale\" content=\"fr_FR\" \/>\n<meta property=\"og:type\" content=\"article\" \/>\n<meta property=\"og:title\" content=\"Achat d&#039;\u00e9chafaudages d&#039;occasion Layher Blitz, \u00e9chafaudages Allround et \u00e9chafaudages roulants.\" \/>\n<meta property=\"og:description\" content=\"Achat d&#039;\u00e9chafaudages d&#039;occasion Layher Blitz, \u00e9chafaudages Allround et \u00e9chafaudages roulants.\" \/>\n<meta property=\"og:url\" content=\"https:\/\/geruestexperten.de\/fr\/achat-dechafaudages-layher\" \/>\n<meta property=\"article:modified_time\" content=\"2019-11-11T17:48:48+00:00\" \/>\n<meta property=\"og:image\" content=\"https:\/\/geruestexperten.de\/wp-content\/uploads\/2017\/08\/layher-deutschland-logo.png\" \/>\n<meta name=\"twitter:card\" content=\"summary_large_image\" \/>\n<meta name=\"twitter:label1\" content=\"Dur\u00e9e de lecture estim\u00e9e\" \/>\n\t<meta name=\"twitter:data1\" content=\"1 minute\" \/>\n<script type=\"application\/ld+json\" class=\"yoast-schema-graph\">{\"@context\":\"https:\/\/schema.org\",\"@graph\":[{\"@type\":\"WebPage\",\"@id\":\"https:\/\/geruestexperten.de\/fr\/achat-dechafaudages-layher\",\"url\":\"https:\/\/geruestexperten.de\/fr\/achat-dechafaudages-layher\",\"name\":\"Achat d'\u00e9chafaudages d'occasion Layher Blitz, \u00e9chafaudages Allround et \u00e9chafaudages roulants.\",\"isPartOf\":{\"@id\":\"https:\/\/geruestexperten.de\/#website\"},\"primaryImageOfPage\":{\"@id\":\"https:\/\/geruestexperten.de\/fr\/achat-dechafaudages-layher#primaryimage\"},\"image\":{\"@id\":\"https:\/\/geruestexperten.de\/fr\/achat-dechafaudages-layher#primaryimage\"},\"thumbnailUrl\":\"https:\/\/geruestexperten.de\/wp-content\/uploads\/2017\/08\/layher-deutschland-logo.png\",\"datePublished\":\"2019-11-07T12:30:13+00:00\",\"dateModified\":\"2019-11-11T17:48:48+00:00\",\"description\":\"Achat d'\u00e9chafaudages d'occasion Layher Blitz, \u00e9chafaudages Allround et \u00e9chafaudages roulants.\",\"breadcrumb\":{\"@id\":\"https:\/\/geruestexperten.de\/fr\/achat-dechafaudages-layher#breadcrumb\"},\"inLanguage\":\"fr-FR\",\"potentialAction\":[{\"@type\":\"ReadAction\",\"target\":[\"https:\/\/geruestexperten.de\/fr\/achat-dechafaudages-layher\"]}]},{\"@type\":\"ImageObject\",\"inLanguage\":\"fr-FR\",\"@id\":\"https:\/\/geruestexperten.de\/fr\/achat-dechafaudages-layher#primaryimage\",\"url\":\"https:\/\/geruestexperten.de\/wp-content\/uploads\/2017\/08\/layher-deutschland-logo.png\",\"contentUrl\":\"https:\/\/geruestexperten.de\/wp-content\/uploads\/2017\/08\/layher-deutschland-logo.png\",\"width\":777,\"height\":215,\"caption\":\"Layher Ger\u00fcste kaufen\"},{\"@type\":\"BreadcrumbList\",\"@id\":\"https:\/\/geruestexperten.de\/fr\/achat-dechafaudages-layher#breadcrumb\",\"itemListElement\":[{\"@type\":\"ListItem\",\"position\":1,\"name\":\"Startseite\",\"item\":\"https:\/\/geruestexperten.de\/\"},{\"@type\":\"ListItem\",\"position\":2,\"name\":\"Achat d&rsquo;\u00e9chafaudages Layher\"}]},{\"@type\":\"WebSite\",\"@id\":\"https:\/\/geruestexperten.de\/#website\",\"url\":\"https:\/\/geruestexperten.de\/\",\"name\":\"\",\"description\":\"\",\"publisher\":{\"@id\":\"https:\/\/geruestexperten.de\/#organization\"},\"potentialAction\":[{\"@type\":\"SearchAction\",\"target\":{\"@type\":\"EntryPoint\",\"urlTemplate\":\"https:\/\/geruestexperten.de\/?s={search_term_string}\"},\"query-input\":\"required name=search_term_string\"}],\"inLanguage\":\"fr-FR\"},{\"@type\":\"Organization\",\"@id\":\"https:\/\/geruestexperten.de\/#organization\",\"name\":\"Ger\u00fcstexperten\",\"url\":\"https:\/\/geruestexperten.de\/\",\"logo\":{\"@type\":\"ImageObject\",\"inLanguage\":\"fr-FR\",\"@id\":\"https:\/\/geruestexperten.de\/#\/schema\/logo\/image\/\",\"url\":\"https:\/\/geruestexperten.de\/wp-content\/uploads\/2018\/06\/Geru\u0308stexperten.png\",\"contentUrl\":\"https:\/\/geruestexperten.de\/wp-content\/uploads\/2018\/06\/Geru\u0308stexperten.png\",\"width\":350,\"height\":70,\"caption\":\"Ger\u00fcstexperten\"},\"image\":{\"@id\":\"https:\/\/geruestexperten.de\/#\/schema\/logo\/image\/\"}}]}<\/script>\n<!-- \/ Yoast SEO plugin. -->","yoast_head_json":{"title":"Achat d'\u00e9chafaudages d'occasion Layher Blitz, \u00e9chafaudages Allround et \u00e9chafaudages roulants.","description":"Achat d'\u00e9chafaudages d'occasion Layher Blitz, \u00e9chafaudages Allround et \u00e9chafaudages roulants.","robots":{"index":"index","follow":"follow","max-snippet":"max-snippet:-1","max-image-preview":"max-image-preview:large","max-video-preview":"max-video-preview:-1"},"canonical":"https:\/\/geruestexperten.de\/fr\/achat-dechafaudages-layher","og_locale":"fr_FR","og_type":"article","og_title":"Achat d'\u00e9chafaudages d'occasion Layher Blitz, \u00e9chafaudages Allround et \u00e9chafaudages roulants.","og_description":"Achat d'\u00e9chafaudages d'occasion Layher Blitz, \u00e9chafaudages Allround et \u00e9chafaudages roulants.","og_url":"https:\/\/geruestexperten.de\/fr\/achat-dechafaudages-layher","article_modified_time":"2019-11-11T17:48:48+00:00","og_image":[{"url":"https:\/\/geruestexperten.de\/wp-content\/uploads\/2017\/08\/layher-deutschland-logo.png"}],"twitter_card":"summary_large_image","twitter_misc":{"Dur\u00e9e de lecture estim\u00e9e":"1 minute"},"schema":{"@context":"https:\/\/schema.org","@graph":[{"@type":"WebPage","@id":"https:\/\/geruestexperten.de\/fr\/achat-dechafaudages-layher","url":"https:\/\/geruestexperten.de\/fr\/achat-dechafaudages-layher","name":"Achat d'\u00e9chafaudages d'occasion Layher Blitz, \u00e9chafaudages Allround et \u00e9chafaudages roulants.","isPartOf":{"@id":"https:\/\/geruestexperten.de\/#website"},"primaryImageOfPage":{"@id":"https:\/\/geruestexperten.de\/fr\/achat-dechafaudages-layher#primaryimage"},"image":{"@id":"https:\/\/geruestexperten.de\/fr\/achat-dechafaudages-layher#primaryimage"},"thumbnailUrl":"https:\/\/geruestexperten.de\/wp-content\/uploads\/2017\/08\/layher-deutschland-logo.png","datePublished":"2019-11-07T12:30:13+00:00","dateModified":"2019-11-11T17:48:48+00:00","description":"Achat d'\u00e9chafaudages d'occasion Layher Blitz, \u00e9chafaudages Allround et \u00e9chafaudages roulants.","breadcrumb":{"@id":"https:\/\/geruestexperten.de\/fr\/achat-dechafaudages-layher#breadcrumb"},"inLanguage":"fr-FR","potentialAction":[{"@type":"ReadAction","target":["https:\/\/geruestexperten.de\/fr\/achat-dechafaudages-layher"]}]},{"@type":"ImageObject","inLanguage":"fr-FR","@id":"https:\/\/geruestexperten.de\/fr\/achat-dechafaudages-layher#primaryimage","url":"https:\/\/geruestexperten.de\/wp-content\/uploads\/2017\/08\/layher-deutschland-logo.png","contentUrl":"https:\/\/geruestexperten.de\/wp-content\/uploads\/2017\/08\/layher-deutschland-logo.png","width":777,"height":215,"caption":"Layher Ger\u00fcste kaufen"},{"@type":"BreadcrumbList","@id":"https:\/\/geruestexperten.de\/fr\/achat-dechafaudages-layher#breadcrumb","itemListElement":[{"@type":"ListItem","position":1,"name":"Startseite","item":"https:\/\/geruestexperten.de\/"},{"@type":"ListItem","position":2,"name":"Achat d&rsquo;\u00e9chafaudages Layher"}]},{"@type":"WebSite","@id":"https:\/\/geruestexperten.de\/#website","url":"https:\/\/geruestexperten.de\/","name":"","description":"","publisher":{"@id":"https:\/\/geruestexperten.de\/#organization"},"potentialAction":[{"@type":"SearchAction","target":{"@type":"EntryPoint","urlTemplate":"https:\/\/geruestexperten.de\/?s={search_term_string}"},"query-input":"required name=search_term_string"}],"inLanguage":"fr-FR"},{"@type":"Organization","@id":"https:\/\/geruestexperten.de\/#organization","name":"Ger\u00fcstexperten","url":"https:\/\/geruestexperten.de\/","logo":{"@type":"ImageObject","inLanguage":"fr-FR","@id":"https:\/\/geruestexperten.de\/#\/schema\/logo\/image\/","url":"https:\/\/geruestexperten.de\/wp-content\/uploads\/2018\/06\/Geru\u0308stexperten.png","contentUrl":"https:\/\/geruestexperten.de\/wp-content\/uploads\/2018\/06\/Geru\u0308stexperten.png","width":350,"height":70,"caption":"Ger\u00fcstexperten"},"image":{"@id":"https:\/\/geruestexperten.de\/#\/schema\/logo\/image\/"}}]}},"_links":{"self":[{"href":"https:\/\/geruestexperten.de\/fr\/wp-json\/wp\/v2\/pages\/9875"}],"collection":[{"href":"https:\/\/geruestexperten.de\/fr\/wp-json\/wp\/v2\/pages"}],"about":[{"href":"https:\/\/geruestexperten.de\/fr\/wp-json\/wp\/v2\/types\/page"}],"author":[{"embeddable":true,"href":"https:\/\/geruestexperten.de\/fr\/wp-json\/wp\/v2\/users\/1"}],"replies":[{"embeddable":true,"href":"https:\/\/geruestexperten.de\/fr\/wp-json\/wp\/v2\/comments?post=9875"}],"version-history":[{"count":3,"href":"https:\/\/geruestexperten.de\/fr\/wp-json\/wp\/v2\/pages\/9875\/revisions"}],"predecessor-version":[{"id":9909,"href":"https:\/\/geruestexperten.de\/fr\/wp-json\/wp\/v2\/pages\/9875\/revisions\/9909"}],"wp:attachment":[{"href":"https:\/\/geruestexperten.de\/fr\/wp-json\/wp\/v2\/media?parent=9875"}],"curies":[{"name":"wp","href":"https:\/\/api.w.org\/{rel}","templated":true}]}}