{"id":5415,"date":"2018-08-07T11:18:40","date_gmt":"2018-08-07T11:18:40","guid":{"rendered":"https:\/\/geruestexperten.de\/?page_id=5415"},"modified":"2018-08-07T11:20:36","modified_gmt":"2018-08-07T11:20:36","slug":"1-4738-m%c2%b2-andamio-layher","status":"publish","type":"page","link":"https:\/\/geruestexperten.de\/es\/layher-blitz\/1-4738-m%c2%b2-andamio-layher","title":{"rendered":"1.473,8 m\u00b2 andamio Layher"},"content":{"rendered":"\t\t<div data-elementor-type=\"wp-post\" data-elementor-id=\"5415\" class=\"elementor elementor-5415 elementor-bc-flex-widget\">\n\t\t\t\t\t\t<section class=\"elementor-section elementor-top-section elementor-element elementor-element-5369c363 elementor-section-stretched elementor-section-boxed elementor-section-height-default elementor-section-height-default\" data-id=\"5369c363\" data-element_type=\"section\" data-settings=\"{&quot;stretch_section&quot;:&quot;section-stretched&quot;}\">\n\t\t\t\t\t\t<div class=\"elementor-container elementor-column-gap-default\">\n\t\t\t\t\t<div class=\"elementor-column elementor-col-100 elementor-top-column elementor-element elementor-element-14123173\" data-id=\"14123173\" data-element_type=\"column\">\n\t\t\t<div class=\"elementor-widget-wrap elementor-element-populated\">\n\t\t\t\t\t\t<div class=\"elementor-element elementor-element-1eca5305 elementor-widget elementor-widget-breadcrumbs\" data-id=\"1eca5305\" data-element_type=\"widget\" data-widget_type=\"breadcrumbs.default\">\n\t\t\t\t<div class=\"elementor-widget-container\">\n\t\t\t<p id=\"breadcrumbs\"><span><span><a href=\"https:\/\/geruestexperten.de\/es\">Startseite<\/a><\/span><\/span><\/p>\t\t<\/div>\n\t\t\t\t<\/div>\n\t\t\t\t\t<\/div>\n\t\t<\/div>\n\t\t\t\t\t<\/div>\n\t\t<\/section>\n\t\t\t\t<section class=\"elementor-section elementor-top-section elementor-element elementor-element-20ff2bd8 elementor-section-stretched elementor-section-boxed elementor-section-height-default elementor-section-height-default\" data-id=\"20ff2bd8\" data-element_type=\"section\" data-settings=\"{&quot;stretch_section&quot;:&quot;section-stretched&quot;}\">\n\t\t\t\t\t\t<div class=\"elementor-container elementor-column-gap-default\">\n\t\t\t\t\t<div class=\"elementor-column elementor-col-33 elementor-top-column elementor-element elementor-element-58cbe3dc\" data-id=\"58cbe3dc\" data-element_type=\"column\">\n\t\t\t<div class=\"elementor-widget-wrap elementor-element-populated\">\n\t\t\t\t\t\t<div class=\"elementor-element elementor-element-195b7f2 elementor-arrows-position-inside elementor-pagination-position-outside elementor-widget elementor-widget-image-carousel\" data-id=\"195b7f2\" data-element_type=\"widget\" data-settings=\"{&quot;slides_to_show&quot;:&quot;1&quot;,&quot;navigation&quot;:&quot;both&quot;,&quot;autoplay&quot;:&quot;yes&quot;,&quot;pause_on_hover&quot;:&quot;yes&quot;,&quot;pause_on_interaction&quot;:&quot;yes&quot;,&quot;autoplay_speed&quot;:5000,&quot;infinite&quot;:&quot;yes&quot;,&quot;effect&quot;:&quot;slide&quot;,&quot;speed&quot;:500}\" data-widget_type=\"image-carousel.default\">\n\t\t\t\t<div class=\"elementor-widget-container\">\n\t\t\t\t\t<div class=\"elementor-image-carousel-wrapper swiper\" dir=\"ltr\">\n\t\t\t<div class=\"elementor-image-carousel swiper-wrapper\" aria-live=\"off\">\n\t\t\t\t\t\t\t\t<div class=\"swiper-slide\" role=\"group\" aria-roledescription=\"slide\" aria-label=\"1 de 2\"><figure class=\"swiper-slide-inner\"><img decoding=\"async\" class=\"swiper-slide-image\" src=\"https:\/\/geruestexperten.de\/wp-content\/uploads\/elementor\/thumbs\/14738m2-npauhf9vgemu2wakfo7ukdjgacqoq8xa5dbyef04fk.jpg\" alt=\"1.473,8 m\u00b2 andamio Layher Blitz\" \/><\/figure><\/div><div class=\"swiper-slide\" role=\"group\" aria-roledescription=\"slide\" aria-label=\"2 de 2\"><figure class=\"swiper-slide-inner\"><img decoding=\"async\" class=\"swiper-slide-image\" src=\"https:\/\/geruestexperten.de\/wp-content\/uploads\/elementor\/thumbs\/Layher-Blitz-Geru\u0308st-261m2-quer--n9ycltrjhtvqp3y6eugusyqogz26xs8i27ncaq4d4g.jpg\" alt=\"Layher Blitz Geru\u0308st 26,1m2 quer\" \/><\/figure><\/div>\t\t\t<\/div>\n\t\t\t\t\t\t\t\t\t\t\t\t<div class=\"elementor-swiper-button elementor-swiper-button-prev\" role=\"button\" tabindex=\"0\">\n\t\t\t\t\t\t<i aria-hidden=\"true\" class=\"eicon-chevron-left\"><\/i>\t\t\t\t\t<\/div>\n\t\t\t\t\t<div class=\"elementor-swiper-button elementor-swiper-button-next\" role=\"button\" tabindex=\"0\">\n\t\t\t\t\t\t<i aria-hidden=\"true\" class=\"eicon-chevron-right\"><\/i>\t\t\t\t\t<\/div>\n\t\t\t\t\n\t\t\t\t\t\t\t\t\t<div class=\"swiper-pagination\"><\/div>\n\t\t\t\t\t\t\t\t\t<\/div>\n\t\t\t\t<\/div>\n\t\t\t\t<\/div>\n\t\t\t\t\t<\/div>\n\t\t<\/div>\n\t\t\t\t<div class=\"elementor-column elementor-col-66 elementor-top-column elementor-element elementor-element-7d6eba7a\" data-id=\"7d6eba7a\" data-element_type=\"column\">\n\t\t\t<div class=\"elementor-widget-wrap elementor-element-populated\">\n\t\t\t\t\t\t<div class=\"elementor-element elementor-element-38c94d25 elementor-widget elementor-widget-heading\" data-id=\"38c94d25\" data-element_type=\"widget\" data-widget_type=\"heading.default\">\n\t\t\t\t<div class=\"elementor-widget-container\">\n\t\t\t<h1 class=\"elementor-heading-title elementor-size-default\">1.473,8 m\u00b2 andamio Layher Blitz<\/h1>\t\t<\/div>\n\t\t\t\t<\/div>\n\t\t\t\t<div class=\"elementor-element elementor-element-1df15862 elementor-widget elementor-widget-heading\" data-id=\"1df15862\" data-element_type=\"widget\" data-widget_type=\"heading.default\">\n\t\t\t\t<div class=\"elementor-widget-container\">\n\t\t\t<h2 class=\"elementor-heading-title elementor-size-default\">Precio 34.545,55 \u20ac<\/h2>\t\t<\/div>\n\t\t\t\t<\/div>\n\t\t\t\t<div class=\"elementor-element elementor-element-12a1cbeb elementor-widget elementor-widget-text-editor\" data-id=\"12a1cbeb\" data-element_type=\"widget\" data-widget_type=\"text-editor.default\">\n\t\t\t\t<div class=\"elementor-widget-container\">\n\t\t\t\t\t\t\t<p>excl. el IVA de 19%<\/p>\t\t\t\t\t\t<\/div>\n\t\t\t\t<\/div>\n\t\t\t\t<div class=\"elementor-element elementor-element-2de51ea3 elementor-widget elementor-widget-button\" data-id=\"2de51ea3\" data-element_type=\"widget\" data-widget_type=\"button.default\">\n\t\t\t\t<div class=\"elementor-widget-container\">\n\t\t\t\t\t<div class=\"elementor-button-wrapper\">\n\t\t\t<a class=\"elementor-button elementor-button-link elementor-size-sm\" href=\"https:\/\/geruestexperten.de\/wp-content\/uploads\/2018\/04\/14738sqm-offer.pdf?x94433\" target=\"_blank\">\n\t\t\t\t\t\t<span class=\"elementor-button-content-wrapper\">\n\t\t\t\t\t\t\t\t\t<span class=\"elementor-button-text\">PDF descarga<\/span>\n\t\t\t\t\t<\/span>\n\t\t\t\t\t<\/a>\n\t\t<\/div>\n\t\t\t\t<\/div>\n\t\t\t\t<\/div>\n\t\t\t\t<div class=\"elementor-element elementor-element-689b6f05 elementor-widget elementor-widget-button\" data-id=\"689b6f05\" data-element_type=\"widget\" data-widget_type=\"button.default\">\n\t\t\t\t<div class=\"elementor-widget-container\">\n\t\t\t\t\t<div class=\"elementor-button-wrapper\">\n\t\t\t<a class=\"elementor-button elementor-button-link elementor-size-sm\" href=\"https:\/\/geruestexperten.de\/es\/contacto?asunto=1.473%2C8%20m%C2%B2%20andamio%20Layher%20Blitz%E2%80%8B\">\n\t\t\t\t\t\t<span class=\"elementor-button-content-wrapper\">\n\t\t\t\t\t\t\t\t\t<span class=\"elementor-button-text\">Cont\u00e1ctenos ahora<\/span>\n\t\t\t\t\t<\/span>\n\t\t\t\t\t<\/a>\n\t\t<\/div>\n\t\t\t\t<\/div>\n\t\t\t\t<\/div>\n\t\t\t\t<div class=\"elementor-element elementor-element-35398103 elementor-icon-list--layout-traditional elementor-list-item-link-full_width elementor-widget elementor-widget-icon-list\" data-id=\"35398103\" data-element_type=\"widget\" data-widget_type=\"icon-list.default\">\n\t\t\t\t<div class=\"elementor-widget-container\">\n\t\t\t\t\t<ul class=\"elementor-icon-list-items\">\n\t\t\t\t\t\t\t<li class=\"elementor-icon-list-item\">\n\t\t\t\t\t\t\t\t\t\t\t<a href=\"tel:+4962518698420\">\n\n\t\t\t\t\t\t\t\t\t\t\t\t<span class=\"elementor-icon-list-icon\">\n\t\t\t\t\t\t\t\t\t\t\t\t\t\t\t\t<i class=\"fa fa-phone\" aria-hidden=\"true\"><\/i>\n\t\t\t\t\t\t\t\t\t\t\t\t\t<\/span>\n\t\t\t\t\t\t\t\t\t\t<span class=\"elementor-icon-list-text\">+4962518698420<\/span>\n\t\t\t\t\t\t\t\t\t\t\t<\/a>\n\t\t\t\t\t\t\t\t\t<\/li>\n\t\t\t\t\t\t<\/ul>\n\t\t\t\t<\/div>\n\t\t\t\t<\/div>\n\t\t\t\t<div class=\"elementor-element elementor-element-41bab2d elementor-align-left elementor-icon-list--layout-traditional elementor-list-item-link-full_width elementor-widget elementor-widget-icon-list\" data-id=\"41bab2d\" data-element_type=\"widget\" data-widget_type=\"icon-list.default\">\n\t\t\t\t<div class=\"elementor-widget-container\">\n\t\t\t\t\t<ul class=\"elementor-icon-list-items\">\n\t\t\t\t\t\t\t<li class=\"elementor-icon-list-item\">\n\t\t\t\t\t\t\t\t\t\t\t<span class=\"elementor-icon-list-icon\">\n\t\t\t\t\t\t\t\t\t\t\t\t\t\t\t\t<i class=\"fa fa-address-card\" aria-hidden=\"true\"><\/i>\n\t\t\t\t\t\t\t\t\t\t\t\t\t<\/span>\n\t\t\t\t\t\t\t\t\t\t<span class=\"elementor-icon-list-text\"><a href=\"mailto:info@andamiosexpert.com?subject=1.473,8 m\u00b2 andamio Layher Blitz\">info@andamiosexpert.com<\/a><\/span>\n\t\t\t\t\t\t\t\t\t<\/li>\n\t\t\t\t\t\t<\/ul>\n\t\t\t\t<\/div>\n\t\t\t\t<\/div>\n\t\t\t\t\t<\/div>\n\t\t<\/div>\n\t\t\t\t\t<\/div>\n\t\t<\/section>\n\t\t\t\t<section class=\"elementor-section elementor-top-section elementor-element elementor-element-14200aba elementor-section-stretched elementor-section-boxed elementor-section-height-default elementor-section-height-default\" data-id=\"14200aba\" data-element_type=\"section\" data-settings=\"{&quot;stretch_section&quot;:&quot;section-stretched&quot;}\">\n\t\t\t\t\t\t<div class=\"elementor-container elementor-column-gap-default\">\n\t\t\t\t\t<div class=\"elementor-column elementor-col-100 elementor-top-column elementor-element elementor-element-22e3f0a3\" data-id=\"22e3f0a3\" data-element_type=\"column\">\n\t\t\t<div class=\"elementor-widget-wrap elementor-element-populated\">\n\t\t\t\t\t\t<div class=\"elementor-element elementor-element-95ddbd0 elementor-tabs-view-horizontal elementor-widget elementor-widget-tabs\" data-id=\"95ddbd0\" data-element_type=\"widget\" data-widget_type=\"tabs.default\">\n\t\t\t\t<div class=\"elementor-widget-container\">\n\t\t\t\t\t<div class=\"elementor-tabs\">\n\t\t\t<div class=\"elementor-tabs-wrapper\" role=\"tablist\" >\n\t\t\t\t\t\t\t\t\t<div id=\"elementor-tab-title-1571\" class=\"elementor-tab-title elementor-tab-desktop-title\" aria-selected=\"true\" data-tab=\"1\" role=\"tab\" tabindex=\"0\" aria-controls=\"elementor-tab-content-1571\" aria-expanded=\"false\">Detalle<\/div>\n\t\t\t\t\t\t\t\t\t<div id=\"elementor-tab-title-1572\" class=\"elementor-tab-title elementor-tab-desktop-title\" aria-selected=\"false\" data-tab=\"2\" role=\"tab\" tabindex=\"-1\" aria-controls=\"elementor-tab-content-1572\" aria-expanded=\"false\">Variantes<\/div>\n\t\t\t\t\t\t\t<\/div>\n\t\t\t<div class=\"elementor-tabs-content-wrapper\" role=\"tablist\" aria-orientation=\"vertical\">\n\t\t\t\t\t\t\t\t\t<div class=\"elementor-tab-title elementor-tab-mobile-title\" aria-selected=\"true\" data-tab=\"1\" role=\"tab\" tabindex=\"0\" aria-controls=\"elementor-tab-content-1571\" aria-expanded=\"false\">Detalle<\/div>\n\t\t\t\t\t<div id=\"elementor-tab-content-1571\" class=\"elementor-tab-content elementor-clearfix\" data-tab=\"1\" role=\"tabpanel\" aria-labelledby=\"elementor-tab-title-1571\" tabindex=\"0\" hidden=\"false\"><\/div>\n\t\t\t\t\t\t\t\t\t<div class=\"elementor-tab-title elementor-tab-mobile-title\" aria-selected=\"false\" data-tab=\"2\" role=\"tab\" tabindex=\"-1\" aria-controls=\"elementor-tab-content-1572\" aria-expanded=\"false\">Variantes<\/div>\n\t\t\t\t\t<div id=\"elementor-tab-content-1572\" class=\"elementor-tab-content elementor-clearfix\" data-tab=\"2\" role=\"tabpanel\" aria-labelledby=\"elementor-tab-title-1572\" tabindex=\"0\" hidden=\"hidden\"><p>Todos nuestros andamios tambien ofrecemos con marcos de aluminio, en destintos dimensi\u00f3nes y con plataformas de acceso.\u00a0<\/p><\/div>\n\t\t\t\t\t\t\t<\/div>\n\t\t<\/div>\n\t\t\t\t<\/div>\n\t\t\t\t<\/div>\n\t\t\t\t\t<\/div>\n\t\t<\/div>\n\t\t\t\t\t<\/div>\n\t\t<\/section>\n\t\t\t\t<\/div>\n\t\t","protected":false},"excerpt":{"rendered":"<p>1.473,8 m\u00b2 andamio Layher Blitz Precio 34.545,55 \u20ac excl. el IVA de 19% PDF descarga Cont\u00e1ctenos ahora +4962518698420 info@andamiosexpert.com Detalle Variantes Detalle Variantes Todos nuestros andamios tambien ofrecemos con marcos de aluminio, en destintos dimensi\u00f3nes y con plataformas de acceso.\u00a0<\/p>\n","protected":false},"author":1,"featured_media":0,"parent":2800,"menu_order":0,"comment_status":"closed","ping_status":"closed","template":"","meta":{"generate_page_header":"","footnotes":""},"class_list":["post-5415","page","type-page","status-publish"],"yoast_head":"<!-- This site is optimized with the Yoast SEO plugin v22.3 - https:\/\/yoast.com\/wordpress\/plugins\/seo\/ -->\n<title>1.473,8 m\u00b2 andamio Layher Blitz de segunda mano de Alemania<\/title>\n<meta name=\"description\" content=\"El andamio m\u00e1s vendido mundial ofrecemos en acero y aluminio, id\u00f3neo para obra nueva, reformas y todo es sector de construcci\u00f3n.\" \/>\n<meta name=\"robots\" content=\"index, follow, max-snippet:-1, max-image-preview:large, max-video-preview:-1\" \/>\n<link rel=\"canonical\" href=\"https:\/\/geruestexperten.de\/es\/layher-blitz\/1-4738-m\u00b2-andamio-layher\" \/>\n<meta property=\"og:locale\" content=\"es_ES\" \/>\n<meta property=\"og:type\" content=\"article\" \/>\n<meta property=\"og:title\" content=\"1.473,8 m\u00b2 andamio Layher Blitz de segunda mano de Alemania\" \/>\n<meta property=\"og:description\" content=\"El andamio m\u00e1s vendido mundial ofrecemos en acero y aluminio, id\u00f3neo para obra nueva, reformas y todo es sector de construcci\u00f3n.\" \/>\n<meta property=\"og:url\" content=\"https:\/\/geruestexperten.de\/es\/layher-blitz\/1-4738-m\u00b2-andamio-layher\" \/>\n<meta property=\"article:modified_time\" content=\"2018-08-07T11:20:36+00:00\" \/>\n<meta property=\"og:image\" content=\"https:\/\/geruestexperten.de\/wp-content\/uploads\/elementor\/thumbs\/14738m2-npauhf9vgemu2wakfo7ukdjgacqoq8xa5dbyef03wo.jpg\" \/>\n<meta name=\"twitter:card\" content=\"summary_large_image\" \/>\n<script type=\"application\/ld+json\" class=\"yoast-schema-graph\">{\"@context\":\"https:\/\/schema.org\",\"@graph\":[{\"@type\":\"WebPage\",\"@id\":\"https:\/\/geruestexperten.de\/es\/layher-blitz\/1-4738-m%c2%b2-andamio-layher\",\"url\":\"https:\/\/geruestexperten.de\/es\/layher-blitz\/1-4738-m%c2%b2-andamio-layher\",\"name\":\"1.473,8 m\u00b2 andamio Layher Blitz de segunda mano de Alemania\",\"isPartOf\":{\"@id\":\"https:\/\/geruestexperten.de\/#website\"},\"primaryImageOfPage\":{\"@id\":\"https:\/\/geruestexperten.de\/es\/layher-blitz\/1-4738-m%c2%b2-andamio-layher#primaryimage\"},\"image\":{\"@id\":\"https:\/\/geruestexperten.de\/es\/layher-blitz\/1-4738-m%c2%b2-andamio-layher#primaryimage\"},\"thumbnailUrl\":\"https:\/\/geruestexperten.de\/wp-content\/uploads\/elementor\/thumbs\/14738m2-npauhf9vgemu2wakfo7ukdjgacqoq8xa5dbyef03wo.jpg\",\"datePublished\":\"2018-08-07T11:18:40+00:00\",\"dateModified\":\"2018-08-07T11:20:36+00:00\",\"description\":\"El andamio m\u00e1s vendido mundial ofrecemos en acero y aluminio, id\u00f3neo para obra nueva, reformas y todo es sector de construcci\u00f3n.\",\"breadcrumb\":{\"@id\":\"https:\/\/geruestexperten.de\/es\/layher-blitz\/1-4738-m%c2%b2-andamio-layher#breadcrumb\"},\"inLanguage\":\"es\",\"potentialAction\":[{\"@type\":\"ReadAction\",\"target\":[\"https:\/\/geruestexperten.de\/es\/layher-blitz\/1-4738-m%c2%b2-andamio-layher\"]}]},{\"@type\":\"ImageObject\",\"inLanguage\":\"es\",\"@id\":\"https:\/\/geruestexperten.de\/es\/layher-blitz\/1-4738-m%c2%b2-andamio-layher#primaryimage\",\"url\":\"https:\/\/geruestexperten.de\/wp-content\/uploads\/elementor\/thumbs\/14738m2-npauhf9vgemu2wakfo7ukdjgacqoq8xa5dbyef03wo.jpg\",\"contentUrl\":\"https:\/\/geruestexperten.de\/wp-content\/uploads\/elementor\/thumbs\/14738m2-npauhf9vgemu2wakfo7ukdjgacqoq8xa5dbyef03wo.jpg\"},{\"@type\":\"BreadcrumbList\",\"@id\":\"https:\/\/geruestexperten.de\/es\/layher-blitz\/1-4738-m%c2%b2-andamio-layher#breadcrumb\",\"itemListElement\":[{\"@type\":\"ListItem\",\"position\":1,\"name\":\"Startseite\",\"item\":\"https:\/\/geruestexperten.de\/es\"},{\"@type\":\"ListItem\",\"position\":2,\"name\":\"Layher Blitz\",\"item\":\"https:\/\/geruestexperten.de\/es\/layher-blitz\"},{\"@type\":\"ListItem\",\"position\":3,\"name\":\"1.473,8 m\u00b2 andamio Layher\"}]},{\"@type\":\"WebSite\",\"@id\":\"https:\/\/geruestexperten.de\/#website\",\"url\":\"https:\/\/geruestexperten.de\/\",\"name\":\"\",\"description\":\"\",\"publisher\":{\"@id\":\"https:\/\/geruestexperten.de\/#organization\"},\"potentialAction\":[{\"@type\":\"SearchAction\",\"target\":{\"@type\":\"EntryPoint\",\"urlTemplate\":\"https:\/\/geruestexperten.de\/?s={search_term_string}\"},\"query-input\":\"required name=search_term_string\"}],\"inLanguage\":\"es\"},{\"@type\":\"Organization\",\"@id\":\"https:\/\/geruestexperten.de\/#organization\",\"name\":\"Ger\u00fcstexperten\",\"url\":\"https:\/\/geruestexperten.de\/\",\"logo\":{\"@type\":\"ImageObject\",\"inLanguage\":\"es\",\"@id\":\"https:\/\/geruestexperten.de\/#\/schema\/logo\/image\/\",\"url\":\"https:\/\/geruestexperten.de\/wp-content\/uploads\/2018\/06\/Geru\u0308stexperten.png\",\"contentUrl\":\"https:\/\/geruestexperten.de\/wp-content\/uploads\/2018\/06\/Geru\u0308stexperten.png\",\"width\":350,\"height\":70,\"caption\":\"Ger\u00fcstexperten\"},\"image\":{\"@id\":\"https:\/\/geruestexperten.de\/#\/schema\/logo\/image\/\"}}]}<\/script>\n<!-- \/ Yoast SEO plugin. -->","yoast_head_json":{"title":"1.473,8 m\u00b2 andamio Layher Blitz de segunda mano de Alemania","description":"El andamio m\u00e1s vendido mundial ofrecemos en acero y aluminio, id\u00f3neo para obra nueva, reformas y todo es sector de construcci\u00f3n.","robots":{"index":"index","follow":"follow","max-snippet":"max-snippet:-1","max-image-preview":"max-image-preview:large","max-video-preview":"max-video-preview:-1"},"canonical":"https:\/\/geruestexperten.de\/es\/layher-blitz\/1-4738-m\u00b2-andamio-layher","og_locale":"es_ES","og_type":"article","og_title":"1.473,8 m\u00b2 andamio Layher Blitz de segunda mano de Alemania","og_description":"El andamio m\u00e1s vendido mundial ofrecemos en acero y aluminio, id\u00f3neo para obra nueva, reformas y todo es sector de construcci\u00f3n.","og_url":"https:\/\/geruestexperten.de\/es\/layher-blitz\/1-4738-m\u00b2-andamio-layher","article_modified_time":"2018-08-07T11:20:36+00:00","og_image":[{"url":"https:\/\/geruestexperten.de\/wp-content\/uploads\/elementor\/thumbs\/14738m2-npauhf9vgemu2wakfo7ukdjgacqoq8xa5dbyef03wo.jpg"}],"twitter_card":"summary_large_image","schema":{"@context":"https:\/\/schema.org","@graph":[{"@type":"WebPage","@id":"https:\/\/geruestexperten.de\/es\/layher-blitz\/1-4738-m%c2%b2-andamio-layher","url":"https:\/\/geruestexperten.de\/es\/layher-blitz\/1-4738-m%c2%b2-andamio-layher","name":"1.473,8 m\u00b2 andamio Layher Blitz de segunda mano de Alemania","isPartOf":{"@id":"https:\/\/geruestexperten.de\/#website"},"primaryImageOfPage":{"@id":"https:\/\/geruestexperten.de\/es\/layher-blitz\/1-4738-m%c2%b2-andamio-layher#primaryimage"},"image":{"@id":"https:\/\/geruestexperten.de\/es\/layher-blitz\/1-4738-m%c2%b2-andamio-layher#primaryimage"},"thumbnailUrl":"https:\/\/geruestexperten.de\/wp-content\/uploads\/elementor\/thumbs\/14738m2-npauhf9vgemu2wakfo7ukdjgacqoq8xa5dbyef03wo.jpg","datePublished":"2018-08-07T11:18:40+00:00","dateModified":"2018-08-07T11:20:36+00:00","description":"El andamio m\u00e1s vendido mundial ofrecemos en acero y aluminio, id\u00f3neo para obra nueva, reformas y todo es sector de construcci\u00f3n.","breadcrumb":{"@id":"https:\/\/geruestexperten.de\/es\/layher-blitz\/1-4738-m%c2%b2-andamio-layher#breadcrumb"},"inLanguage":"es","potentialAction":[{"@type":"ReadAction","target":["https:\/\/geruestexperten.de\/es\/layher-blitz\/1-4738-m%c2%b2-andamio-layher"]}]},{"@type":"ImageObject","inLanguage":"es","@id":"https:\/\/geruestexperten.de\/es\/layher-blitz\/1-4738-m%c2%b2-andamio-layher#primaryimage","url":"https:\/\/geruestexperten.de\/wp-content\/uploads\/elementor\/thumbs\/14738m2-npauhf9vgemu2wakfo7ukdjgacqoq8xa5dbyef03wo.jpg","contentUrl":"https:\/\/geruestexperten.de\/wp-content\/uploads\/elementor\/thumbs\/14738m2-npauhf9vgemu2wakfo7ukdjgacqoq8xa5dbyef03wo.jpg"},{"@type":"BreadcrumbList","@id":"https:\/\/geruestexperten.de\/es\/layher-blitz\/1-4738-m%c2%b2-andamio-layher#breadcrumb","itemListElement":[{"@type":"ListItem","position":1,"name":"Startseite","item":"https:\/\/geruestexperten.de\/es"},{"@type":"ListItem","position":2,"name":"Layher Blitz","item":"https:\/\/geruestexperten.de\/es\/layher-blitz"},{"@type":"ListItem","position":3,"name":"1.473,8 m\u00b2 andamio Layher"}]},{"@type":"WebSite","@id":"https:\/\/geruestexperten.de\/#website","url":"https:\/\/geruestexperten.de\/","name":"","description":"","publisher":{"@id":"https:\/\/geruestexperten.de\/#organization"},"potentialAction":[{"@type":"SearchAction","target":{"@type":"EntryPoint","urlTemplate":"https:\/\/geruestexperten.de\/?s={search_term_string}"},"query-input":"required name=search_term_string"}],"inLanguage":"es"},{"@type":"Organization","@id":"https:\/\/geruestexperten.de\/#organization","name":"Ger\u00fcstexperten","url":"https:\/\/geruestexperten.de\/","logo":{"@type":"ImageObject","inLanguage":"es","@id":"https:\/\/geruestexperten.de\/#\/schema\/logo\/image\/","url":"https:\/\/geruestexperten.de\/wp-content\/uploads\/2018\/06\/Geru\u0308stexperten.png","contentUrl":"https:\/\/geruestexperten.de\/wp-content\/uploads\/2018\/06\/Geru\u0308stexperten.png","width":350,"height":70,"caption":"Ger\u00fcstexperten"},"image":{"@id":"https:\/\/geruestexperten.de\/#\/schema\/logo\/image\/"}}]}},"_links":{"self":[{"href":"https:\/\/geruestexperten.de\/es\/wp-json\/wp\/v2\/pages\/5415"}],"collection":[{"href":"https:\/\/geruestexperten.de\/es\/wp-json\/wp\/v2\/pages"}],"about":[{"href":"https:\/\/geruestexperten.de\/es\/wp-json\/wp\/v2\/types\/page"}],"author":[{"embeddable":true,"href":"https:\/\/geruestexperten.de\/es\/wp-json\/wp\/v2\/users\/1"}],"replies":[{"embeddable":true,"href":"https:\/\/geruestexperten.de\/es\/wp-json\/wp\/v2\/comments?post=5415"}],"version-history":[{"count":2,"href":"https:\/\/geruestexperten.de\/es\/wp-json\/wp\/v2\/pages\/5415\/revisions"}],"predecessor-version":[{"id":5417,"href":"https:\/\/geruestexperten.de\/es\/wp-json\/wp\/v2\/pages\/5415\/revisions\/5417"}],"up":[{"embeddable":true,"href":"https:\/\/geruestexperten.de\/es\/wp-json\/wp\/v2\/pages\/2800"}],"wp:attachment":[{"href":"https:\/\/geruestexperten.de\/es\/wp-json\/wp\/v2\/media?parent=5415"}],"curies":[{"name":"wp","href":"https:\/\/api.w.org\/{rel}","templated":true}]}}