{"id":5355,"date":"2018-08-06T10:05:39","date_gmt":"2018-08-06T10:05:39","guid":{"rendered":"https:\/\/geruestexperten.de\/layher-blitz\/1473-m%c2%b2-andamio-layher-blitz"},"modified":"2018-08-07T10:29:31","modified_gmt":"2018-08-07T10:29:31","slug":"1473-m%c2%b2-andamio-layher-blitz","status":"publish","type":"page","link":"https:\/\/geruestexperten.de\/es\/layher-blitz\/1473-m%c2%b2-andamio-layher-blitz","title":{"rendered":"147,3 m\u00b2 andamio Layher Blitz"},"content":{"rendered":"\t\t<div data-elementor-type=\"wp-post\" data-elementor-id=\"5355\" class=\"elementor elementor-5355 elementor-1769 elementor-bc-flex-widget\">\n\t\t\t\t\t\t<section class=\"elementor-section elementor-top-section elementor-element elementor-element-codjubl elementor-section-stretched elementor-section-boxed elementor-section-height-default elementor-section-height-default\" data-id=\"codjubl\" data-element_type=\"section\" data-settings=\"{&quot;stretch_section&quot;:&quot;section-stretched&quot;}\">\n\t\t\t\t\t\t<div class=\"elementor-container elementor-column-gap-default\">\n\t\t\t\t\t<div class=\"elementor-column elementor-col-100 elementor-top-column elementor-element elementor-element-hrdjumq\" data-id=\"hrdjumq\" data-element_type=\"column\">\n\t\t\t<div class=\"elementor-widget-wrap elementor-element-populated\">\n\t\t\t\t\t\t<div class=\"elementor-element elementor-element-3edb76f elementor-widget elementor-widget-breadcrumbs\" data-id=\"3edb76f\" data-element_type=\"widget\" data-widget_type=\"breadcrumbs.default\">\n\t\t\t\t<div class=\"elementor-widget-container\">\n\t\t\t<p id=\"breadcrumbs\"><span><span><a href=\"https:\/\/geruestexperten.de\/es\">Startseite<\/a><\/span><\/span><\/p>\t\t<\/div>\n\t\t\t\t<\/div>\n\t\t\t\t\t<\/div>\n\t\t<\/div>\n\t\t\t\t\t<\/div>\n\t\t<\/section>\n\t\t\t\t<section class=\"elementor-section elementor-top-section elementor-element elementor-element-tgupxam elementor-section-stretched elementor-section-boxed elementor-section-height-default elementor-section-height-default\" data-id=\"tgupxam\" data-element_type=\"section\" data-settings=\"{&quot;stretch_section&quot;:&quot;section-stretched&quot;}\">\n\t\t\t\t\t\t<div class=\"elementor-container elementor-column-gap-default\">\n\t\t\t\t\t<div class=\"elementor-column elementor-col-33 elementor-top-column elementor-element elementor-element-wrlcxvr\" data-id=\"wrlcxvr\" data-element_type=\"column\">\n\t\t\t<div class=\"elementor-widget-wrap elementor-element-populated\">\n\t\t\t\t\t\t<div class=\"elementor-element elementor-element-dugztsq elementor-arrows-position-inside elementor-pagination-position-outside elementor-widget elementor-widget-image-carousel\" data-id=\"dugztsq\" data-element_type=\"widget\" data-settings=\"{&quot;slides_to_show&quot;:&quot;1&quot;,&quot;navigation&quot;:&quot;both&quot;,&quot;autoplay&quot;:&quot;yes&quot;,&quot;pause_on_hover&quot;:&quot;yes&quot;,&quot;pause_on_interaction&quot;:&quot;yes&quot;,&quot;autoplay_speed&quot;:5000,&quot;infinite&quot;:&quot;yes&quot;,&quot;effect&quot;:&quot;slide&quot;,&quot;speed&quot;:500}\" data-widget_type=\"image-carousel.default\">\n\t\t\t\t<div class=\"elementor-widget-container\">\n\t\t\t\t\t<div class=\"elementor-image-carousel-wrapper swiper\" dir=\"ltr\">\n\t\t\t<div class=\"elementor-image-carousel swiper-wrapper\" aria-live=\"off\">\n\t\t\t\t\t\t\t\t<div class=\"swiper-slide\" role=\"group\" aria-roledescription=\"slide\" aria-label=\"1 de 2\"><figure class=\"swiper-slide-inner\"><img decoding=\"async\" class=\"swiper-slide-image\" src=\"https:\/\/geruestexperten.de\/wp-content\/uploads\/2017\/06\/1473m2-Skizze.png\" alt=\"\" \/><\/figure><\/div><div class=\"swiper-slide\" role=\"group\" aria-roledescription=\"slide\" aria-label=\"2 de 2\"><figure class=\"swiper-slide-inner\"><img decoding=\"async\" class=\"swiper-slide-image\" src=\"https:\/\/geruestexperten.de\/wp-content\/uploads\/elementor\/thumbs\/Layher-Blitz-Geru\u0308st-261m2-quer--n9ycltrjhtvqp3y6eugusyqogz26xs8i27ncaq4d4g.jpg\" alt=\"Layher Blitz Ger\u00fcst 26,1m2 oben\" \/><\/figure><\/div>\t\t\t<\/div>\n\t\t\t\t\t\t\t\t\t\t\t\t<div class=\"elementor-swiper-button elementor-swiper-button-prev\" role=\"button\" tabindex=\"0\">\n\t\t\t\t\t\t<i aria-hidden=\"true\" class=\"eicon-chevron-left\"><\/i>\t\t\t\t\t<\/div>\n\t\t\t\t\t<div class=\"elementor-swiper-button elementor-swiper-button-next\" role=\"button\" tabindex=\"0\">\n\t\t\t\t\t\t<i aria-hidden=\"true\" class=\"eicon-chevron-right\"><\/i>\t\t\t\t\t<\/div>\n\t\t\t\t\n\t\t\t\t\t\t\t\t\t<div class=\"swiper-pagination\"><\/div>\n\t\t\t\t\t\t\t\t\t<\/div>\n\t\t\t\t<\/div>\n\t\t\t\t<\/div>\n\t\t\t\t\t<\/div>\n\t\t<\/div>\n\t\t\t\t<div class=\"elementor-column elementor-col-66 elementor-top-column elementor-element elementor-element-wtuekid\" data-id=\"wtuekid\" data-element_type=\"column\">\n\t\t\t<div class=\"elementor-widget-wrap elementor-element-populated\">\n\t\t\t\t\t\t<div class=\"elementor-element elementor-element-sgwrjix elementor-widget elementor-widget-heading\" data-id=\"sgwrjix\" data-element_type=\"widget\" data-widget_type=\"heading.default\">\n\t\t\t\t<div class=\"elementor-widget-container\">\n\t\t\t<h1 class=\"elementor-heading-title elementor-size-default\">147,3 m\u00b2 andamio Layher Blitz <\/h1>\t\t<\/div>\n\t\t\t\t<\/div>\n\t\t\t\t<div class=\"elementor-element elementor-element-cxyisuw elementor-widget elementor-widget-heading\" data-id=\"cxyisuw\" data-element_type=\"widget\" data-widget_type=\"heading.default\">\n\t\t\t\t<div class=\"elementor-widget-container\">\n\t\t\t<h2 class=\"elementor-heading-title elementor-size-default\">Precio 3.458,80 \u20ac<\/h2>\t\t<\/div>\n\t\t\t\t<\/div>\n\t\t\t\t<div class=\"elementor-element elementor-element-gdjymlp elementor-widget elementor-widget-text-editor\" data-id=\"gdjymlp\" data-element_type=\"widget\" data-widget_type=\"text-editor.default\">\n\t\t\t\t<div class=\"elementor-widget-container\">\n\t\t\t\t\t\t\t<p>excl. el IVA de 19%<\/p>\n\t\t\t\t\t\t<\/div>\n\t\t\t\t<\/div>\n\t\t\t\t<div class=\"elementor-element elementor-element-plvakwy elementor-widget elementor-widget-button\" data-id=\"plvakwy\" data-element_type=\"widget\" data-widget_type=\"button.default\">\n\t\t\t\t<div class=\"elementor-widget-container\">\n\t\t\t\t\t<div class=\"elementor-button-wrapper\">\n\t\t\t<a class=\"elementor-button elementor-size-sm\" role=\"button\">\n\t\t\t\t\t\t<span class=\"elementor-button-content-wrapper\">\n\t\t\t\t\t\t\t\t\t<span class=\"elementor-button-text\">PDF descarga<\/span>\n\t\t\t\t\t<\/span>\n\t\t\t\t\t<\/a>\n\t\t<\/div>\n\t\t\t\t<\/div>\n\t\t\t\t<\/div>\n\t\t\t\t<div class=\"elementor-element elementor-element-ncijdsr elementor-mobile-align-left elementor-widget elementor-widget-button\" data-id=\"ncijdsr\" data-element_type=\"widget\" data-widget_type=\"button.default\">\n\t\t\t\t<div class=\"elementor-widget-container\">\n\t\t\t\t\t<div class=\"elementor-button-wrapper\">\n\t\t\t<a class=\"elementor-button elementor-button-link elementor-size-sm\" href=\"\/es\/contacto?asunto=147%2C3%20m%C2%B2%20andamio%20Layher%20Blitz%20\">\n\t\t\t\t\t\t<span class=\"elementor-button-content-wrapper\">\n\t\t\t\t\t\t\t\t\t<span class=\"elementor-button-text\">Cont\u00e1ctenos ahora<\/span>\n\t\t\t\t\t<\/span>\n\t\t\t\t\t<\/a>\n\t\t<\/div>\n\t\t\t\t<\/div>\n\t\t\t\t<\/div>\n\t\t\t\t<div class=\"elementor-element elementor-element-drwguql elementor-icon-list--layout-traditional elementor-list-item-link-full_width elementor-widget elementor-widget-icon-list\" data-id=\"drwguql\" data-element_type=\"widget\" data-widget_type=\"icon-list.default\">\n\t\t\t\t<div class=\"elementor-widget-container\">\n\t\t\t\t\t<ul class=\"elementor-icon-list-items\">\n\t\t\t\t\t\t\t<li class=\"elementor-icon-list-item\">\n\t\t\t\t\t\t\t\t\t\t\t<a href=\"tel:+4962518698420\">\n\n\t\t\t\t\t\t\t\t\t\t\t\t<span class=\"elementor-icon-list-icon\">\n\t\t\t\t\t\t\t\t\t\t\t\t\t\t\t\t<i class=\"fa fa-phone\" aria-hidden=\"true\"><\/i>\n\t\t\t\t\t\t\t\t\t\t\t\t\t<\/span>\n\t\t\t\t\t\t\t\t\t\t<span class=\"elementor-icon-list-text\">+4962518698420<\/span>\n\t\t\t\t\t\t\t\t\t\t\t<\/a>\n\t\t\t\t\t\t\t\t\t<\/li>\n\t\t\t\t\t\t<\/ul>\n\t\t\t\t<\/div>\n\t\t\t\t<\/div>\n\t\t\t\t<div class=\"elementor-element elementor-element-7b204189 elementor-align-left elementor-icon-list--layout-traditional elementor-list-item-link-full_width elementor-widget elementor-widget-icon-list\" data-id=\"7b204189\" data-element_type=\"widget\" data-widget_type=\"icon-list.default\">\n\t\t\t\t<div class=\"elementor-widget-container\">\n\t\t\t\t\t<ul class=\"elementor-icon-list-items\">\n\t\t\t\t\t\t\t<li class=\"elementor-icon-list-item\">\n\t\t\t\t\t\t\t\t\t\t\t<span class=\"elementor-icon-list-icon\">\n\t\t\t\t\t\t\t\t\t\t\t\t\t\t\t\t<i class=\"fa fa-address-card\" aria-hidden=\"true\"><\/i>\n\t\t\t\t\t\t\t\t\t\t\t\t\t<\/span>\n\t\t\t\t\t\t\t\t\t\t<span class=\"elementor-icon-list-text\"><a href=\"mailto:info@andamiosexpert.com?subject=147,3 m\u00b2 andamio Layher Blitz\">info@andamiosexpert.com<\/a><\/span>\n\t\t\t\t\t\t\t\t\t<\/li>\n\t\t\t\t\t\t<\/ul>\n\t\t\t\t<\/div>\n\t\t\t\t<\/div>\n\t\t\t\t\t<\/div>\n\t\t<\/div>\n\t\t\t\t\t<\/div>\n\t\t<\/section>\n\t\t\t\t<section class=\"elementor-section elementor-top-section elementor-element elementor-element-bfcsmqy elementor-section-stretched elementor-section-boxed elementor-section-height-default elementor-section-height-default\" data-id=\"bfcsmqy\" data-element_type=\"section\" data-settings=\"{&quot;stretch_section&quot;:&quot;section-stretched&quot;}\">\n\t\t\t\t\t\t<div class=\"elementor-container elementor-column-gap-default\">\n\t\t\t\t\t<div class=\"elementor-column elementor-col-100 elementor-top-column elementor-element elementor-element-dzvnjoy\" data-id=\"dzvnjoy\" data-element_type=\"column\">\n\t\t\t<div class=\"elementor-widget-wrap elementor-element-populated\">\n\t\t\t\t\t\t<div class=\"elementor-element elementor-element-fxsjphp elementor-tabs-view-horizontal elementor-widget elementor-widget-tabs\" data-id=\"fxsjphp\" data-element_type=\"widget\" data-widget_type=\"tabs.default\">\n\t\t\t\t<div class=\"elementor-widget-container\">\n\t\t\t\t\t<div class=\"elementor-tabs\">\n\t\t\t<div class=\"elementor-tabs-wrapper\" role=\"tablist\" >\n\t\t\t\t\t\t\t\t\t<div id=\"elementor-tab-title-151\" class=\"elementor-tab-title elementor-tab-desktop-title\" aria-selected=\"true\" data-tab=\"1\" role=\"tab\" tabindex=\"0\" aria-controls=\"elementor-tab-content-151\" aria-expanded=\"false\">Details<\/div>\n\t\t\t\t\t\t\t\t\t<div id=\"elementor-tab-title-152\" class=\"elementor-tab-title elementor-tab-desktop-title\" aria-selected=\"false\" data-tab=\"2\" role=\"tab\" tabindex=\"-1\" aria-controls=\"elementor-tab-content-152\" aria-expanded=\"false\">Variantes<\/div>\n\t\t\t\t\t\t\t<\/div>\n\t\t\t<div class=\"elementor-tabs-content-wrapper\" role=\"tablist\" aria-orientation=\"vertical\">\n\t\t\t\t\t\t\t\t\t<div class=\"elementor-tab-title elementor-tab-mobile-title\" aria-selected=\"true\" data-tab=\"1\" role=\"tab\" tabindex=\"0\" aria-controls=\"elementor-tab-content-151\" aria-expanded=\"false\">Details<\/div>\n\t\t\t\t\t<div id=\"elementor-tab-content-151\" class=\"elementor-tab-content elementor-clearfix\" data-tab=\"1\" role=\"tabpanel\" aria-labelledby=\"elementor-tab-title-151\" tabindex=\"0\" hidden=\"false\"><p>\n<table id=\"tablepress-35\" class=\"tablepress tablepress-id-35\">\n<thead>\n<tr class=\"row-1 odd\">\n\t<th class=\"column-1\">Andamio completo para:<\/th><th class=\"column-2\">Dimensi\u00f3n carga 1\/2:<\/th><th class=\"column-3\">Dimensi\u00f3n carga 2\/2:<\/th>\n<\/tr>\n<\/thead>\n<tbody class=\"row-hover\">\n<tr class=\"row-2 even\">\n\t<td class=\"column-1\">Largo: 8,21 m<\/td><td class=\"column-2\">Largo: 3,10 m<\/td><td class=\"column-3\">Largo: 2,40 m<\/td>\n<\/tr>\n<tr class=\"row-3 odd\">\n\t<td class=\"column-1\">Altura de trabajo: 6,30 m<\/td><td class=\"column-2\">Ancho: 1,05 m<\/td><td class=\"column-3\">Ancho: 1,15 m<\/td>\n<\/tr>\n<tr class=\"row-4 even\">\n\t<td class=\"column-1\">Altura de andamio: 5,30 m<\/td><td class=\"column-2\">Altura: 0,80 m<\/td><td class=\"column-3\">Altura: 0,80 m<\/td>\n<\/tr>\n<tr class=\"row-5 odd\">\n\t<td class=\"column-1\">Altura de ultima plataforma: 4,30 m<\/td><td class=\"column-2\"><\/td><td class=\"column-3\">Peso total: 1.489,8 kg<\/td>\n<\/tr>\n<\/tbody>\n<\/table>\n<!-- #tablepress-35 from cache -->\u00a0<\/p><\/div>\n\t\t\t\t\t\t\t\t\t<div class=\"elementor-tab-title elementor-tab-mobile-title\" aria-selected=\"false\" data-tab=\"2\" role=\"tab\" tabindex=\"-1\" aria-controls=\"elementor-tab-content-152\" aria-expanded=\"false\">Variantes<\/div>\n\t\t\t\t\t<div id=\"elementor-tab-content-152\" class=\"elementor-tab-content elementor-clearfix\" data-tab=\"2\" role=\"tabpanel\" aria-labelledby=\"elementor-tab-title-152\" tabindex=\"0\" hidden=\"hidden\"><p>Todos nuestros andamios tambien ofrecemos con marcos de aluminio, en destintos dimensi\u00f3nes y con plataformas de acceso.\u00a0<\/p><\/div>\n\t\t\t\t\t\t\t<\/div>\n\t\t<\/div>\n\t\t\t\t<\/div>\n\t\t\t\t<\/div>\n\t\t\t\t\t<\/div>\n\t\t<\/div>\n\t\t\t\t\t<\/div>\n\t\t<\/section>\n\t\t\t\t<\/div>\n\t\t","protected":false},"excerpt":{"rendered":"<p>147,3 m\u00b2 andamio Layher Blitz Precio 3.458,80 \u20ac excl. el IVA de 19% PDF descarga Cont\u00e1ctenos ahora +4962518698420 info@andamiosexpert.com Details Variantes Details \u00a0 Variantes Todos nuestros andamios tambien ofrecemos con marcos de aluminio, en destintos dimensi\u00f3nes y con plataformas de acceso.\u00a0<\/p>\n","protected":false},"author":1,"featured_media":0,"parent":2800,"menu_order":0,"comment_status":"closed","ping_status":"closed","template":"","meta":{"generate_page_header":"","footnotes":""},"class_list":["post-5355","page","type-page","status-publish"],"yoast_head":"<!-- This site is optimized with the Yoast SEO plugin v22.3 - https:\/\/yoast.com\/wordpress\/plugins\/seo\/ -->\n<title>147,3 m\u00b2 andamio Layher Blitz de segunda mano de Alemania<\/title>\n<meta name=\"description\" content=\"El andamio m\u00e1s vendido mundial ofrecemos en acero y aluminio, id\u00f3neo para obra nueva, reformas y todo es sector de construcci\u00f3n.\" \/>\n<meta name=\"robots\" content=\"index, follow, max-snippet:-1, max-image-preview:large, max-video-preview:-1\" \/>\n<link rel=\"canonical\" href=\"https:\/\/geruestexperten.de\/es\/layher-blitz\/1473-m\u00b2-andamio-layher-blitz\" \/>\n<meta property=\"og:locale\" content=\"es_ES\" \/>\n<meta property=\"og:type\" content=\"article\" \/>\n<meta property=\"og:title\" content=\"147,3 m\u00b2 andamio Layher Blitz de segunda mano de Alemania\" \/>\n<meta property=\"og:description\" content=\"El andamio m\u00e1s vendido mundial ofrecemos en acero y aluminio, id\u00f3neo para obra nueva, reformas y todo es sector de construcci\u00f3n.\" \/>\n<meta property=\"og:url\" content=\"https:\/\/geruestexperten.de\/es\/layher-blitz\/1473-m\u00b2-andamio-layher-blitz\" \/>\n<meta property=\"article:modified_time\" content=\"2018-08-07T10:29:31+00:00\" \/>\n<meta property=\"og:image\" content=\"https:\/\/geruestexperten.de\/wp-content\/uploads\/elementor\/thumbs\/1473m2-Skizze-ncptwl7ztoweu6mso5cviqu863ghjqjp6funih4i28.png\" \/>\n<meta name=\"twitter:card\" content=\"summary_large_image\" \/>\n<script type=\"application\/ld+json\" class=\"yoast-schema-graph\">{\"@context\":\"https:\/\/schema.org\",\"@graph\":[{\"@type\":\"WebPage\",\"@id\":\"https:\/\/geruestexperten.de\/es\/layher-blitz\/1473-m%c2%b2-andamio-layher-blitz\",\"url\":\"https:\/\/geruestexperten.de\/es\/layher-blitz\/1473-m%c2%b2-andamio-layher-blitz\",\"name\":\"147,3 m\u00b2 andamio Layher Blitz de segunda mano de Alemania\",\"isPartOf\":{\"@id\":\"https:\/\/geruestexperten.de\/#website\"},\"primaryImageOfPage\":{\"@id\":\"https:\/\/geruestexperten.de\/es\/layher-blitz\/1473-m%c2%b2-andamio-layher-blitz#primaryimage\"},\"image\":{\"@id\":\"https:\/\/geruestexperten.de\/es\/layher-blitz\/1473-m%c2%b2-andamio-layher-blitz#primaryimage\"},\"thumbnailUrl\":\"https:\/\/geruestexperten.de\/wp-content\/uploads\/elementor\/thumbs\/1473m2-Skizze-ncptwl7ztoweu6mso5cviqu863ghjqjp6funih4i28.png\",\"datePublished\":\"2018-08-06T10:05:39+00:00\",\"dateModified\":\"2018-08-07T10:29:31+00:00\",\"description\":\"El andamio m\u00e1s vendido mundial ofrecemos en acero y aluminio, id\u00f3neo para obra nueva, reformas y todo es sector de construcci\u00f3n.\",\"breadcrumb\":{\"@id\":\"https:\/\/geruestexperten.de\/es\/layher-blitz\/1473-m%c2%b2-andamio-layher-blitz#breadcrumb\"},\"inLanguage\":\"es\",\"potentialAction\":[{\"@type\":\"ReadAction\",\"target\":[\"https:\/\/geruestexperten.de\/es\/layher-blitz\/1473-m%c2%b2-andamio-layher-blitz\"]}]},{\"@type\":\"ImageObject\",\"inLanguage\":\"es\",\"@id\":\"https:\/\/geruestexperten.de\/es\/layher-blitz\/1473-m%c2%b2-andamio-layher-blitz#primaryimage\",\"url\":\"https:\/\/geruestexperten.de\/wp-content\/uploads\/elementor\/thumbs\/1473m2-Skizze-ncptwl7ztoweu6mso5cviqu863ghjqjp6funih4i28.png\",\"contentUrl\":\"https:\/\/geruestexperten.de\/wp-content\/uploads\/elementor\/thumbs\/1473m2-Skizze-ncptwl7ztoweu6mso5cviqu863ghjqjp6funih4i28.png\"},{\"@type\":\"BreadcrumbList\",\"@id\":\"https:\/\/geruestexperten.de\/es\/layher-blitz\/1473-m%c2%b2-andamio-layher-blitz#breadcrumb\",\"itemListElement\":[{\"@type\":\"ListItem\",\"position\":1,\"name\":\"Startseite\",\"item\":\"https:\/\/geruestexperten.de\/es\"},{\"@type\":\"ListItem\",\"position\":2,\"name\":\"Layher Blitz\",\"item\":\"https:\/\/geruestexperten.de\/es\/layher-blitz\"},{\"@type\":\"ListItem\",\"position\":3,\"name\":\"147,3 m\u00b2 andamio Layher Blitz\"}]},{\"@type\":\"WebSite\",\"@id\":\"https:\/\/geruestexperten.de\/#website\",\"url\":\"https:\/\/geruestexperten.de\/\",\"name\":\"\",\"description\":\"\",\"publisher\":{\"@id\":\"https:\/\/geruestexperten.de\/#organization\"},\"potentialAction\":[{\"@type\":\"SearchAction\",\"target\":{\"@type\":\"EntryPoint\",\"urlTemplate\":\"https:\/\/geruestexperten.de\/?s={search_term_string}\"},\"query-input\":\"required name=search_term_string\"}],\"inLanguage\":\"es\"},{\"@type\":\"Organization\",\"@id\":\"https:\/\/geruestexperten.de\/#organization\",\"name\":\"Ger\u00fcstexperten\",\"url\":\"https:\/\/geruestexperten.de\/\",\"logo\":{\"@type\":\"ImageObject\",\"inLanguage\":\"es\",\"@id\":\"https:\/\/geruestexperten.de\/#\/schema\/logo\/image\/\",\"url\":\"https:\/\/geruestexperten.de\/wp-content\/uploads\/2018\/06\/Geru\u0308stexperten.png\",\"contentUrl\":\"https:\/\/geruestexperten.de\/wp-content\/uploads\/2018\/06\/Geru\u0308stexperten.png\",\"width\":350,\"height\":70,\"caption\":\"Ger\u00fcstexperten\"},\"image\":{\"@id\":\"https:\/\/geruestexperten.de\/#\/schema\/logo\/image\/\"}}]}<\/script>\n<!-- \/ Yoast SEO plugin. -->","yoast_head_json":{"title":"147,3 m\u00b2 andamio Layher Blitz de segunda mano de Alemania","description":"El andamio m\u00e1s vendido mundial ofrecemos en acero y aluminio, id\u00f3neo para obra nueva, reformas y todo es sector de construcci\u00f3n.","robots":{"index":"index","follow":"follow","max-snippet":"max-snippet:-1","max-image-preview":"max-image-preview:large","max-video-preview":"max-video-preview:-1"},"canonical":"https:\/\/geruestexperten.de\/es\/layher-blitz\/1473-m\u00b2-andamio-layher-blitz","og_locale":"es_ES","og_type":"article","og_title":"147,3 m\u00b2 andamio Layher Blitz de segunda mano de Alemania","og_description":"El andamio m\u00e1s vendido mundial ofrecemos en acero y aluminio, id\u00f3neo para obra nueva, reformas y todo es sector de construcci\u00f3n.","og_url":"https:\/\/geruestexperten.de\/es\/layher-blitz\/1473-m\u00b2-andamio-layher-blitz","article_modified_time":"2018-08-07T10:29:31+00:00","og_image":[{"url":"https:\/\/geruestexperten.de\/wp-content\/uploads\/elementor\/thumbs\/1473m2-Skizze-ncptwl7ztoweu6mso5cviqu863ghjqjp6funih4i28.png"}],"twitter_card":"summary_large_image","schema":{"@context":"https:\/\/schema.org","@graph":[{"@type":"WebPage","@id":"https:\/\/geruestexperten.de\/es\/layher-blitz\/1473-m%c2%b2-andamio-layher-blitz","url":"https:\/\/geruestexperten.de\/es\/layher-blitz\/1473-m%c2%b2-andamio-layher-blitz","name":"147,3 m\u00b2 andamio Layher Blitz de segunda mano de Alemania","isPartOf":{"@id":"https:\/\/geruestexperten.de\/#website"},"primaryImageOfPage":{"@id":"https:\/\/geruestexperten.de\/es\/layher-blitz\/1473-m%c2%b2-andamio-layher-blitz#primaryimage"},"image":{"@id":"https:\/\/geruestexperten.de\/es\/layher-blitz\/1473-m%c2%b2-andamio-layher-blitz#primaryimage"},"thumbnailUrl":"https:\/\/geruestexperten.de\/wp-content\/uploads\/elementor\/thumbs\/1473m2-Skizze-ncptwl7ztoweu6mso5cviqu863ghjqjp6funih4i28.png","datePublished":"2018-08-06T10:05:39+00:00","dateModified":"2018-08-07T10:29:31+00:00","description":"El andamio m\u00e1s vendido mundial ofrecemos en acero y aluminio, id\u00f3neo para obra nueva, reformas y todo es sector de construcci\u00f3n.","breadcrumb":{"@id":"https:\/\/geruestexperten.de\/es\/layher-blitz\/1473-m%c2%b2-andamio-layher-blitz#breadcrumb"},"inLanguage":"es","potentialAction":[{"@type":"ReadAction","target":["https:\/\/geruestexperten.de\/es\/layher-blitz\/1473-m%c2%b2-andamio-layher-blitz"]}]},{"@type":"ImageObject","inLanguage":"es","@id":"https:\/\/geruestexperten.de\/es\/layher-blitz\/1473-m%c2%b2-andamio-layher-blitz#primaryimage","url":"https:\/\/geruestexperten.de\/wp-content\/uploads\/elementor\/thumbs\/1473m2-Skizze-ncptwl7ztoweu6mso5cviqu863ghjqjp6funih4i28.png","contentUrl":"https:\/\/geruestexperten.de\/wp-content\/uploads\/elementor\/thumbs\/1473m2-Skizze-ncptwl7ztoweu6mso5cviqu863ghjqjp6funih4i28.png"},{"@type":"BreadcrumbList","@id":"https:\/\/geruestexperten.de\/es\/layher-blitz\/1473-m%c2%b2-andamio-layher-blitz#breadcrumb","itemListElement":[{"@type":"ListItem","position":1,"name":"Startseite","item":"https:\/\/geruestexperten.de\/es"},{"@type":"ListItem","position":2,"name":"Layher Blitz","item":"https:\/\/geruestexperten.de\/es\/layher-blitz"},{"@type":"ListItem","position":3,"name":"147,3 m\u00b2 andamio Layher Blitz"}]},{"@type":"WebSite","@id":"https:\/\/geruestexperten.de\/#website","url":"https:\/\/geruestexperten.de\/","name":"","description":"","publisher":{"@id":"https:\/\/geruestexperten.de\/#organization"},"potentialAction":[{"@type":"SearchAction","target":{"@type":"EntryPoint","urlTemplate":"https:\/\/geruestexperten.de\/?s={search_term_string}"},"query-input":"required name=search_term_string"}],"inLanguage":"es"},{"@type":"Organization","@id":"https:\/\/geruestexperten.de\/#organization","name":"Ger\u00fcstexperten","url":"https:\/\/geruestexperten.de\/","logo":{"@type":"ImageObject","inLanguage":"es","@id":"https:\/\/geruestexperten.de\/#\/schema\/logo\/image\/","url":"https:\/\/geruestexperten.de\/wp-content\/uploads\/2018\/06\/Geru\u0308stexperten.png","contentUrl":"https:\/\/geruestexperten.de\/wp-content\/uploads\/2018\/06\/Geru\u0308stexperten.png","width":350,"height":70,"caption":"Ger\u00fcstexperten"},"image":{"@id":"https:\/\/geruestexperten.de\/#\/schema\/logo\/image\/"}}]}},"_links":{"self":[{"href":"https:\/\/geruestexperten.de\/es\/wp-json\/wp\/v2\/pages\/5355"}],"collection":[{"href":"https:\/\/geruestexperten.de\/es\/wp-json\/wp\/v2\/pages"}],"about":[{"href":"https:\/\/geruestexperten.de\/es\/wp-json\/wp\/v2\/types\/page"}],"author":[{"embeddable":true,"href":"https:\/\/geruestexperten.de\/es\/wp-json\/wp\/v2\/users\/1"}],"replies":[{"embeddable":true,"href":"https:\/\/geruestexperten.de\/es\/wp-json\/wp\/v2\/comments?post=5355"}],"version-history":[{"count":6,"href":"https:\/\/geruestexperten.de\/es\/wp-json\/wp\/v2\/pages\/5355\/revisions"}],"predecessor-version":[{"id":5368,"href":"https:\/\/geruestexperten.de\/es\/wp-json\/wp\/v2\/pages\/5355\/revisions\/5368"}],"up":[{"embeddable":true,"href":"https:\/\/geruestexperten.de\/es\/wp-json\/wp\/v2\/pages\/2800"}],"wp:attachment":[{"href":"https:\/\/geruestexperten.de\/es\/wp-json\/wp\/v2\/media?parent=5355"}],"curies":[{"name":"wp","href":"https:\/\/api.w.org\/{rel}","templated":true}]}}