{"id":3218,"date":"2017-10-19T11:08:34","date_gmt":"2017-10-19T11:08:34","guid":{"rendered":"https:\/\/geruestexperten.de\/torres-moviles\/uniancho-2p"},"modified":"2017-10-19T11:11:24","modified_gmt":"2017-10-19T11:11:24","slug":"uniancho-2p","status":"publish","type":"page","link":"https:\/\/geruestexperten.de\/es\/torre-movil\/uniancho-2p","title":{"rendered":"UniAncho 2P"},"content":{"rendered":"\t\t<div data-elementor-type=\"wp-post\" data-elementor-id=\"3218\" class=\"elementor elementor-3218 elementor-1805 elementor-bc-flex-widget\">\n\t\t\t\t\t\t<section class=\"elementor-section elementor-top-section elementor-element elementor-element-zpsbohd elementor-section-stretched elementor-section-boxed elementor-section-height-default elementor-section-height-default\" data-id=\"zpsbohd\" data-element_type=\"section\" data-settings=\"{&quot;stretch_section&quot;:&quot;section-stretched&quot;}\">\n\t\t\t\t\t\t<div class=\"elementor-container elementor-column-gap-default\">\n\t\t\t\t\t<div class=\"elementor-column elementor-col-100 elementor-top-column elementor-element elementor-element-uaxzgmn\" data-id=\"uaxzgmn\" data-element_type=\"column\">\n\t\t\t<div class=\"elementor-widget-wrap elementor-element-populated\">\n\t\t\t\t\t\t<div class=\"elementor-element elementor-element-bnhzmlb elementor-widget elementor-widget-html\" data-id=\"bnhzmlb\" data-element_type=\"widget\" data-widget_type=\"html.default\">\n\t\t\t\t<div class=\"elementor-widget-container\">\n\t\t\t[breadcrumb]\t\t<\/div>\n\t\t\t\t<\/div>\n\t\t\t\t\t<\/div>\n\t\t<\/div>\n\t\t\t\t\t<\/div>\n\t\t<\/section>\n\t\t\t\t<section class=\"elementor-section elementor-top-section elementor-element elementor-element-jbltkof elementor-section-stretched elementor-section-boxed elementor-section-height-default elementor-section-height-default\" data-id=\"jbltkof\" data-element_type=\"section\" data-settings=\"{&quot;stretch_section&quot;:&quot;section-stretched&quot;}\">\n\t\t\t\t\t\t<div class=\"elementor-container elementor-column-gap-default\">\n\t\t\t\t\t<div class=\"elementor-column elementor-col-100 elementor-top-column elementor-element elementor-element-ivfcjdo\" data-id=\"ivfcjdo\" data-element_type=\"column\">\n\t\t\t<div class=\"elementor-widget-wrap elementor-element-populated\">\n\t\t\t\t\t\t<div class=\"elementor-element elementor-element-exqrcdd elementor-widget elementor-widget-heading\" data-id=\"exqrcdd\" data-element_type=\"widget\" data-widget_type=\"heading.default\">\n\t\t\t\t<div class=\"elementor-widget-container\">\n\t\t\t<h1 class=\"elementor-heading-title elementor-size-default\">UniAncho 2P<\/h1>\t\t<\/div>\n\t\t\t\t<\/div>\n\t\t\t\t<div class=\"elementor-element elementor-element-rdxxcah elementor-widget elementor-widget-heading\" data-id=\"rdxxcah\" data-element_type=\"widget\" data-widget_type=\"heading.default\">\n\t\t\t\t<div class=\"elementor-widget-container\">\n\t\t\t<h2 class=\"elementor-heading-title elementor-size-default\">Una torre universal con plataforma de trabajo de \u201cdoble anchura\u201d<\/h2>\t\t<\/div>\n\t\t\t\t<\/div>\n\t\t\t\t<div class=\"elementor-element elementor-element-zbrflag elementor-widget elementor-widget-image\" data-id=\"zbrflag\" data-element_type=\"widget\" data-widget_type=\"image.default\">\n\t\t\t\t<div class=\"elementor-widget-container\">\n\t\t\t\t\t\t\t\t\t\t\t\t\t<img fetchpriority=\"high\" decoding=\"async\" width=\"1024\" height=\"559\" src=\"https:\/\/geruestexperten.de\/wp-content\/uploads\/2017\/06\/b-2.png\" class=\"attachment-large size-large wp-image-1047\" alt=\"layher uni breit rollger\u00fcst\" \/>\t\t\t\t\t\t\t\t\t\t\t\t\t<\/div>\n\t\t\t\t<\/div>\n\t\t\t\t\t<\/div>\n\t\t<\/div>\n\t\t\t\t\t<\/div>\n\t\t<\/section>\n\t\t\t\t<section class=\"elementor-section elementor-top-section elementor-element elementor-element-rsfnleu elementor-section-stretched elementor-section-boxed elementor-section-height-default elementor-section-height-default\" data-id=\"rsfnleu\" data-element_type=\"section\" data-settings=\"{&quot;stretch_section&quot;:&quot;section-stretched&quot;}\">\n\t\t\t\t\t\t<div class=\"elementor-container elementor-column-gap-default\">\n\t\t\t\t\t<div class=\"elementor-column elementor-col-50 elementor-top-column elementor-element elementor-element-ibfpmye\" data-id=\"ibfpmye\" data-element_type=\"column\">\n\t\t\t<div class=\"elementor-widget-wrap elementor-element-populated\">\n\t\t\t\t\t\t<div class=\"elementor-element elementor-element-pdmpzag elementor-widget elementor-widget-text-editor\" data-id=\"pdmpzag\" data-element_type=\"widget\" data-widget_type=\"text-editor.default\">\n\t\t\t\t<div class=\"elementor-widget-container\">\n\t\t\t\t\t\t\t<h4>Andamio m\u00f3vil universal con plataforma de doble anchura lo que supone\u00a0un amplio espacio de trabajo, muy \u00fatil para obras en altura.<\/h4>\t\t\t\t\t\t<\/div>\n\t\t\t\t<\/div>\n\t\t\t\t\t<\/div>\n\t\t<\/div>\n\t\t\t\t<div class=\"elementor-column elementor-col-50 elementor-top-column elementor-element elementor-element-hozbmea\" data-id=\"hozbmea\" data-element_type=\"column\">\n\t\t\t<div class=\"elementor-widget-wrap elementor-element-populated\">\n\t\t\t\t\t\t<div class=\"elementor-element elementor-element-zljhonp elementor-widget elementor-widget-text-editor\" data-id=\"zljhonp\" data-element_type=\"widget\" data-widget_type=\"text-editor.default\">\n\t\t\t\t<div class=\"elementor-widget-container\">\n\t\t\t\t\t\t\t<strong>TECHNICAL DATA:<\/strong>\r\n\r\n\u00bb Altura de trabajo: 13.38 m\r\n\r\n\u00bb Plataforma de trabajo: 1.50 x 2.85 m\r\n\r\n\u00bb Carga de trabajo: 2 kN\/m\u00b2 (Grupo 3)\t\t\t\t\t\t<\/div>\n\t\t\t\t<\/div>\n\t\t\t\t\t<\/div>\n\t\t<\/div>\n\t\t\t\t\t<\/div>\n\t\t<\/section>\n\t\t\t\t<section class=\"elementor-section elementor-top-section elementor-element elementor-element-suoeuzj elementor-section-stretched elementor-section-boxed elementor-section-height-default elementor-section-height-default\" data-id=\"suoeuzj\" data-element_type=\"section\" data-settings=\"{&quot;stretch_section&quot;:&quot;section-stretched&quot;}\">\n\t\t\t\t\t\t<div class=\"elementor-container elementor-column-gap-default\">\n\t\t\t\t\t<div class=\"elementor-column elementor-col-100 elementor-top-column elementor-element elementor-element-cvtfrij\" data-id=\"cvtfrij\" data-element_type=\"column\">\n\t\t\t<div class=\"elementor-widget-wrap elementor-element-populated\">\n\t\t\t\t\t\t<div class=\"elementor-element elementor-element-dllueib elementor-tabs-view-horizontal elementor-widget elementor-widget-tabs\" data-id=\"dllueib\" data-element_type=\"widget\" data-widget_type=\"tabs.default\">\n\t\t\t\t<div class=\"elementor-widget-container\">\n\t\t\t\t\t<div class=\"elementor-tabs\">\n\t\t\t<div class=\"elementor-tabs-wrapper\" role=\"tablist\" >\n\t\t\t\t\t\t\t\t\t<div id=\"elementor-tab-title-3561\" class=\"elementor-tab-title elementor-tab-desktop-title\" aria-selected=\"true\" data-tab=\"1\" role=\"tab\" tabindex=\"0\" aria-controls=\"elementor-tab-content-3561\" aria-expanded=\"false\">Informationen<\/div>\n\t\t\t\t\t\t\t<\/div>\n\t\t\t<div class=\"elementor-tabs-content-wrapper\" role=\"tablist\" aria-orientation=\"vertical\">\n\t\t\t\t\t\t\t\t\t<div class=\"elementor-tab-title elementor-tab-mobile-title\" aria-selected=\"true\" data-tab=\"1\" role=\"tab\" tabindex=\"0\" aria-controls=\"elementor-tab-content-3561\" aria-expanded=\"false\">Informationen<\/div>\n\t\t\t\t\t<div id=\"elementor-tab-content-3561\" class=\"elementor-tab-content elementor-clearfix\" data-tab=\"1\" role=\"tabpanel\" aria-labelledby=\"elementor-tab-title-3561\" tabindex=\"0\" hidden=\"false\"><p>Erfahren Sie alle Einzelheiten zu Uni Breit im Layher Steigtechnik Katalog auf <strong>Seite 66<\/strong>.<\/p><p><a href=\"https:\/\/geruestexperten.de\/wp-content\/uploads\/2017\/06\/DE_Leitern-Fahrger\u00fcste_Preisliste.pdf\" target=\"_blank\" rel=\"noopener\">Hier herunterladen<\/a><\/p><p><strong>Auf alle aktuellen Listenpreise erhalten Sie bei den Ger\u00fcstexperten einen attraktiven Sonderrabat!<\/strong><\/p><\/div>\n\t\t\t\t\t\t\t<\/div>\n\t\t<\/div>\n\t\t\t\t<\/div>\n\t\t\t\t<\/div>\n\t\t\t\t\t<\/div>\n\t\t<\/div>\n\t\t\t\t\t<\/div>\n\t\t<\/section>\n\t\t\t\t<section class=\"elementor-section elementor-top-section elementor-element elementor-element-tgeplct elementor-section-stretched elementor-section-content-bottom elementor-section-boxed elementor-section-height-default elementor-section-height-default\" data-id=\"tgeplct\" data-element_type=\"section\" data-settings=\"{&quot;stretch_section&quot;:&quot;section-stretched&quot;,&quot;background_background&quot;:&quot;none&quot;}\">\n\t\t\t\t\t\t<div class=\"elementor-container elementor-column-gap-default\">\n\t\t\t\t\t<div class=\"elementor-column elementor-col-50 elementor-top-column elementor-element elementor-element-lwrewbs\" data-id=\"lwrewbs\" data-element_type=\"column\">\n\t\t\t<div class=\"elementor-widget-wrap elementor-element-populated\">\n\t\t\t\t\t\t<div class=\"elementor-element elementor-element-oprcecs elementor-widget elementor-widget-heading\" data-id=\"oprcecs\" data-element_type=\"widget\" data-widget_type=\"heading.default\">\n\t\t\t\t<div class=\"elementor-widget-container\">\n\t\t\t<h2 class=\"elementor-heading-title elementor-size-default\">\u00bfNecesita ayuda o interes para comprar?<\/h2>\t\t<\/div>\n\t\t\t\t<\/div>\n\t\t\t\t\t<\/div>\n\t\t<\/div>\n\t\t\t\t<div class=\"elementor-column elementor-col-50 elementor-top-column elementor-element elementor-element-rdoptjm\" data-id=\"rdoptjm\" data-element_type=\"column\">\n\t\t\t<div class=\"elementor-widget-wrap elementor-element-populated\">\n\t\t\t\t\t\t<div class=\"elementor-element elementor-element-mavywrt elementor-align-left elementor-mobile-align-center elementor-widget elementor-widget-button\" data-id=\"mavywrt\" data-element_type=\"widget\" data-widget_type=\"button.default\">\n\t\t\t\t<div class=\"elementor-widget-container\">\n\t\t\t\t\t<div class=\"elementor-button-wrapper\">\n\t\t\t<a class=\"elementor-button elementor-button-link elementor-size-sm\" href=\"https:\/\/geruestexperten.de\/es\/contacto\">\n\t\t\t\t\t\t<span class=\"elementor-button-content-wrapper\">\n\t\t\t\t\t\t<span class=\"elementor-button-icon\">\n\t\t\t\t\t\t\t\t\t<i class=\"fa fa-check\" aria-hidden=\"true\"><\/i>\n\t\t\t\t\t\t\t<\/span>\n\t\t\t\t\t\t\t\t\t<span class=\"elementor-button-text\">CONT\u00c1CTENOS AHORA<\/span>\n\t\t\t\t\t<\/span>\n\t\t\t\t\t<\/a>\n\t\t<\/div>\n\t\t\t\t<\/div>\n\t\t\t\t<\/div>\n\t\t\t\t\t<\/div>\n\t\t<\/div>\n\t\t\t\t\t<\/div>\n\t\t<\/section>\n\t\t\t\t<\/div>\n\t\t","protected":false},"excerpt":{"rendered":"","protected":false},"author":1,"featured_media":0,"parent":2812,"menu_order":0,"comment_status":"closed","ping_status":"closed","template":"","meta":{"generate_page_header":"","footnotes":""},"class_list":["post-3218","page","type-page","status-publish"],"yoast_head":"<!-- This site is optimized with the Yoast SEO plugin v22.3 - https:\/\/yoast.com\/wordpress\/plugins\/seo\/ -->\n<title>UniAncho 2P - Torre m\u00f3vil Layher nuevo y usado<\/title>\n<meta name=\"description\" content=\"Compra Layher torre m\u00f3vil UniAncho 2P de Alemania. Somos los expertos alemanes para andamios Layher. Env\u00edo rapido y mundial. Compra ahora \u2713\" \/>\n<meta name=\"robots\" content=\"index, follow, max-snippet:-1, max-image-preview:large, max-video-preview:-1\" \/>\n<link rel=\"canonical\" href=\"https:\/\/geruestexperten.de\/es\/torre-movil\/uniancho-2p\" \/>\n<meta property=\"og:locale\" content=\"es_ES\" \/>\n<meta property=\"og:type\" content=\"article\" \/>\n<meta property=\"og:title\" content=\"UniAncho 2P - Torre m\u00f3vil Layher nuevo y usado\" \/>\n<meta property=\"og:description\" content=\"Compra Layher torre m\u00f3vil UniAncho 2P de Alemania. Somos los expertos alemanes para andamios Layher. Env\u00edo rapido y mundial. Compra ahora \u2713\" \/>\n<meta property=\"og:url\" content=\"https:\/\/geruestexperten.de\/es\/torre-movil\/uniancho-2p\" \/>\n<meta property=\"article:modified_time\" content=\"2017-10-19T11:11:24+00:00\" \/>\n<meta name=\"twitter:card\" content=\"summary_large_image\" \/>\n<script type=\"application\/ld+json\" class=\"yoast-schema-graph\">{\"@context\":\"https:\/\/schema.org\",\"@graph\":[{\"@type\":\"WebPage\",\"@id\":\"https:\/\/geruestexperten.de\/es\/torre-movil\/uniancho-2p\",\"url\":\"https:\/\/geruestexperten.de\/es\/torre-movil\/uniancho-2p\",\"name\":\"UniAncho 2P - Torre m\u00f3vil Layher nuevo y usado\",\"isPartOf\":{\"@id\":\"https:\/\/geruestexperten.de\/#website\"},\"datePublished\":\"2017-10-19T11:08:34+00:00\",\"dateModified\":\"2017-10-19T11:11:24+00:00\",\"description\":\"Compra Layher torre m\u00f3vil UniAncho 2P de Alemania. Somos los expertos alemanes para andamios Layher. Env\u00edo rapido y mundial. Compra ahora \u2713\",\"breadcrumb\":{\"@id\":\"https:\/\/geruestexperten.de\/es\/torre-movil\/uniancho-2p#breadcrumb\"},\"inLanguage\":\"es\",\"potentialAction\":[{\"@type\":\"ReadAction\",\"target\":[\"https:\/\/geruestexperten.de\/es\/torre-movil\/uniancho-2p\"]}]},{\"@type\":\"BreadcrumbList\",\"@id\":\"https:\/\/geruestexperten.de\/es\/torre-movil\/uniancho-2p#breadcrumb\",\"itemListElement\":[{\"@type\":\"ListItem\",\"position\":1,\"name\":\"Startseite\",\"item\":\"https:\/\/geruestexperten.de\/es\"},{\"@type\":\"ListItem\",\"position\":2,\"name\":\"Torre movil\",\"item\":\"https:\/\/geruestexperten.de\/es\/torre-movil\"},{\"@type\":\"ListItem\",\"position\":3,\"name\":\"UniAncho 2P\"}]},{\"@type\":\"WebSite\",\"@id\":\"https:\/\/geruestexperten.de\/#website\",\"url\":\"https:\/\/geruestexperten.de\/\",\"name\":\"\",\"description\":\"\",\"publisher\":{\"@id\":\"https:\/\/geruestexperten.de\/#organization\"},\"potentialAction\":[{\"@type\":\"SearchAction\",\"target\":{\"@type\":\"EntryPoint\",\"urlTemplate\":\"https:\/\/geruestexperten.de\/?s={search_term_string}\"},\"query-input\":\"required name=search_term_string\"}],\"inLanguage\":\"es\"},{\"@type\":\"Organization\",\"@id\":\"https:\/\/geruestexperten.de\/#organization\",\"name\":\"Ger\u00fcstexperten\",\"url\":\"https:\/\/geruestexperten.de\/\",\"logo\":{\"@type\":\"ImageObject\",\"inLanguage\":\"es\",\"@id\":\"https:\/\/geruestexperten.de\/#\/schema\/logo\/image\/\",\"url\":\"https:\/\/geruestexperten.de\/wp-content\/uploads\/2018\/06\/Geru\u0308stexperten.png\",\"contentUrl\":\"https:\/\/geruestexperten.de\/wp-content\/uploads\/2018\/06\/Geru\u0308stexperten.png\",\"width\":350,\"height\":70,\"caption\":\"Ger\u00fcstexperten\"},\"image\":{\"@id\":\"https:\/\/geruestexperten.de\/#\/schema\/logo\/image\/\"}}]}<\/script>\n<!-- \/ Yoast SEO plugin. -->","yoast_head_json":{"title":"UniAncho 2P - Torre m\u00f3vil Layher nuevo y usado","description":"Compra Layher torre m\u00f3vil UniAncho 2P de Alemania. Somos los expertos alemanes para andamios Layher. Env\u00edo rapido y mundial. Compra ahora \u2713","robots":{"index":"index","follow":"follow","max-snippet":"max-snippet:-1","max-image-preview":"max-image-preview:large","max-video-preview":"max-video-preview:-1"},"canonical":"https:\/\/geruestexperten.de\/es\/torre-movil\/uniancho-2p","og_locale":"es_ES","og_type":"article","og_title":"UniAncho 2P - Torre m\u00f3vil Layher nuevo y usado","og_description":"Compra Layher torre m\u00f3vil UniAncho 2P de Alemania. Somos los expertos alemanes para andamios Layher. Env\u00edo rapido y mundial. Compra ahora \u2713","og_url":"https:\/\/geruestexperten.de\/es\/torre-movil\/uniancho-2p","article_modified_time":"2017-10-19T11:11:24+00:00","twitter_card":"summary_large_image","schema":{"@context":"https:\/\/schema.org","@graph":[{"@type":"WebPage","@id":"https:\/\/geruestexperten.de\/es\/torre-movil\/uniancho-2p","url":"https:\/\/geruestexperten.de\/es\/torre-movil\/uniancho-2p","name":"UniAncho 2P - Torre m\u00f3vil Layher nuevo y usado","isPartOf":{"@id":"https:\/\/geruestexperten.de\/#website"},"datePublished":"2017-10-19T11:08:34+00:00","dateModified":"2017-10-19T11:11:24+00:00","description":"Compra Layher torre m\u00f3vil UniAncho 2P de Alemania. Somos los expertos alemanes para andamios Layher. Env\u00edo rapido y mundial. Compra ahora \u2713","breadcrumb":{"@id":"https:\/\/geruestexperten.de\/es\/torre-movil\/uniancho-2p#breadcrumb"},"inLanguage":"es","potentialAction":[{"@type":"ReadAction","target":["https:\/\/geruestexperten.de\/es\/torre-movil\/uniancho-2p"]}]},{"@type":"BreadcrumbList","@id":"https:\/\/geruestexperten.de\/es\/torre-movil\/uniancho-2p#breadcrumb","itemListElement":[{"@type":"ListItem","position":1,"name":"Startseite","item":"https:\/\/geruestexperten.de\/es"},{"@type":"ListItem","position":2,"name":"Torre movil","item":"https:\/\/geruestexperten.de\/es\/torre-movil"},{"@type":"ListItem","position":3,"name":"UniAncho 2P"}]},{"@type":"WebSite","@id":"https:\/\/geruestexperten.de\/#website","url":"https:\/\/geruestexperten.de\/","name":"","description":"","publisher":{"@id":"https:\/\/geruestexperten.de\/#organization"},"potentialAction":[{"@type":"SearchAction","target":{"@type":"EntryPoint","urlTemplate":"https:\/\/geruestexperten.de\/?s={search_term_string}"},"query-input":"required name=search_term_string"}],"inLanguage":"es"},{"@type":"Organization","@id":"https:\/\/geruestexperten.de\/#organization","name":"Ger\u00fcstexperten","url":"https:\/\/geruestexperten.de\/","logo":{"@type":"ImageObject","inLanguage":"es","@id":"https:\/\/geruestexperten.de\/#\/schema\/logo\/image\/","url":"https:\/\/geruestexperten.de\/wp-content\/uploads\/2018\/06\/Geru\u0308stexperten.png","contentUrl":"https:\/\/geruestexperten.de\/wp-content\/uploads\/2018\/06\/Geru\u0308stexperten.png","width":350,"height":70,"caption":"Ger\u00fcstexperten"},"image":{"@id":"https:\/\/geruestexperten.de\/#\/schema\/logo\/image\/"}}]}},"_links":{"self":[{"href":"https:\/\/geruestexperten.de\/es\/wp-json\/wp\/v2\/pages\/3218"}],"collection":[{"href":"https:\/\/geruestexperten.de\/es\/wp-json\/wp\/v2\/pages"}],"about":[{"href":"https:\/\/geruestexperten.de\/es\/wp-json\/wp\/v2\/types\/page"}],"author":[{"embeddable":true,"href":"https:\/\/geruestexperten.de\/es\/wp-json\/wp\/v2\/users\/1"}],"replies":[{"embeddable":true,"href":"https:\/\/geruestexperten.de\/es\/wp-json\/wp\/v2\/comments?post=3218"}],"version-history":[{"count":1,"href":"https:\/\/geruestexperten.de\/es\/wp-json\/wp\/v2\/pages\/3218\/revisions"}],"predecessor-version":[{"id":3220,"href":"https:\/\/geruestexperten.de\/es\/wp-json\/wp\/v2\/pages\/3218\/revisions\/3220"}],"up":[{"embeddable":true,"href":"https:\/\/geruestexperten.de\/es\/wp-json\/wp\/v2\/pages\/2812"}],"wp:attachment":[{"href":"https:\/\/geruestexperten.de\/es\/wp-json\/wp\/v2\/media?parent=3218"}],"curies":[{"name":"wp","href":"https:\/\/api.w.org\/{rel}","templated":true}]}}