{"id":3213,"date":"2017-10-19T11:04:55","date_gmt":"2017-10-19T11:04:55","guid":{"rendered":"https:\/\/geruestexperten.de\/torres-moviles\/uniestandar-2p"},"modified":"2017-10-19T11:11:01","modified_gmt":"2017-10-19T11:11:01","slug":"uniestandar-2p","status":"publish","type":"page","link":"https:\/\/geruestexperten.de\/es\/torre-movil\/uniestandar-2p","title":{"rendered":"UniEst\u00e1ndar 2P"},"content":{"rendered":"\t\t<div data-elementor-type=\"wp-post\" data-elementor-id=\"3213\" class=\"elementor elementor-3213 elementor-23 elementor-bc-flex-widget\">\n\t\t\t\t\t\t<section class=\"elementor-section elementor-top-section elementor-element elementor-element-ygoqwbd elementor-section-stretched elementor-section-boxed elementor-section-height-default elementor-section-height-default\" data-id=\"ygoqwbd\" data-element_type=\"section\" data-settings=\"{&quot;stretch_section&quot;:&quot;section-stretched&quot;}\">\n\t\t\t\t\t\t<div class=\"elementor-container elementor-column-gap-default\">\n\t\t\t\t\t<div class=\"elementor-column elementor-col-100 elementor-top-column elementor-element elementor-element-hszyveb\" data-id=\"hszyveb\" data-element_type=\"column\">\n\t\t\t<div class=\"elementor-widget-wrap elementor-element-populated\">\n\t\t\t\t\t\t<div class=\"elementor-element elementor-element-qonzouo elementor-widget elementor-widget-html\" data-id=\"qonzouo\" data-element_type=\"widget\" data-widget_type=\"html.default\">\n\t\t\t\t<div class=\"elementor-widget-container\">\n\t\t\t[breadcrumb]\t\t<\/div>\n\t\t\t\t<\/div>\n\t\t\t\t\t<\/div>\n\t\t<\/div>\n\t\t\t\t\t<\/div>\n\t\t<\/section>\n\t\t\t\t<section class=\"elementor-section elementor-top-section elementor-element elementor-element-hiejlgb elementor-section-stretched elementor-section-boxed elementor-section-height-default elementor-section-height-default\" data-id=\"hiejlgb\" data-element_type=\"section\" data-settings=\"{&quot;stretch_section&quot;:&quot;section-stretched&quot;}\">\n\t\t\t\t\t\t<div class=\"elementor-container elementor-column-gap-default\">\n\t\t\t\t\t<div class=\"elementor-column elementor-col-100 elementor-top-column elementor-element elementor-element-vxonijd\" data-id=\"vxonijd\" data-element_type=\"column\">\n\t\t\t<div class=\"elementor-widget-wrap elementor-element-populated\">\n\t\t\t\t\t\t<div class=\"elementor-element elementor-element-bdixime elementor-widget elementor-widget-heading\" data-id=\"bdixime\" data-element_type=\"widget\" data-widget_type=\"heading.default\">\n\t\t\t\t<div class=\"elementor-widget-container\">\n\t\t\t<h1 class=\"elementor-heading-title elementor-size-default\">UniEst\u00e1ndar 2P<\/h1>\t\t<\/div>\n\t\t\t\t<\/div>\n\t\t\t\t<div class=\"elementor-element elementor-element-njaural elementor-widget elementor-widget-heading\" data-id=\"njaural\" data-element_type=\"widget\" data-widget_type=\"heading.default\">\n\t\t\t\t<div class=\"elementor-widget-container\">\n\t\t\t<h2 class=\"elementor-heading-title elementor-size-default\">La \u201ctorre m\u00f3vil m\u00e1s flexible\u201d para alturas realmente grandes<\/h2>\t\t<\/div>\n\t\t\t\t<\/div>\n\t\t\t\t<div class=\"elementor-element elementor-element-zkllyrd elementor-widget elementor-widget-image\" data-id=\"zkllyrd\" data-element_type=\"widget\" data-widget_type=\"image.default\">\n\t\t\t\t<div class=\"elementor-widget-container\">\n\t\t\t\t\t\t\t\t\t\t\t\t\t<img fetchpriority=\"high\" decoding=\"async\" width=\"1024\" height=\"559\" src=\"https:\/\/geruestexperten.de\/wp-content\/uploads\/2017\/06\/b-1.png\" class=\"attachment-large size-large wp-image-1045\" alt=\"layher uni standard rollger\u00fcst\" \/>\t\t\t\t\t\t\t\t\t\t\t\t\t<\/div>\n\t\t\t\t<\/div>\n\t\t\t\t\t<\/div>\n\t\t<\/div>\n\t\t\t\t\t<\/div>\n\t\t<\/section>\n\t\t\t\t<section class=\"elementor-section elementor-top-section elementor-element elementor-element-rdputhf elementor-section-stretched elementor-section-boxed elementor-section-height-default elementor-section-height-default\" data-id=\"rdputhf\" data-element_type=\"section\" data-settings=\"{&quot;stretch_section&quot;:&quot;section-stretched&quot;}\">\n\t\t\t\t\t\t<div class=\"elementor-container elementor-column-gap-default\">\n\t\t\t\t\t<div class=\"elementor-column elementor-col-50 elementor-top-column elementor-element elementor-element-bliruav\" data-id=\"bliruav\" data-element_type=\"column\">\n\t\t\t<div class=\"elementor-widget-wrap elementor-element-populated\">\n\t\t\t\t\t\t<div class=\"elementor-element elementor-element-mafejrn elementor-widget elementor-widget-text-editor\" data-id=\"mafejrn\" data-element_type=\"widget\" data-widget_type=\"text-editor.default\">\n\t\t\t\t<div class=\"elementor-widget-container\">\n\t\t\t\t\t\t\t<h4>El andamio UniEst\u00e1ndar es la plataforma m\u00f3vil de uso universal para\u00a0realizar los trabajos m\u00e1s variados; actuaciones en paredes y techos,\u00a0mantenimiento industrial, reparaci\u00f3n de maquinaria, reparaci\u00f3n de\u00a0equipos t\u00e9cnicos, inspecci\u00f3n de instalaciones, dep\u00f3sitos, silos, almacenes,\u00a0etc.\u00a0Su uso es posible tanto para espacios cerrados como abiertos, siguiendo los criterios mostrados en las instrucciones de montaje y uso.<\/h4>\t\t\t\t\t\t<\/div>\n\t\t\t\t<\/div>\n\t\t\t\t\t<\/div>\n\t\t<\/div>\n\t\t\t\t<div class=\"elementor-column elementor-col-50 elementor-top-column elementor-element elementor-element-gjanows\" data-id=\"gjanows\" data-element_type=\"column\">\n\t\t\t<div class=\"elementor-widget-wrap elementor-element-populated\">\n\t\t\t\t\t\t<div class=\"elementor-element elementor-element-ixmlcfg elementor-widget elementor-widget-text-editor\" data-id=\"ixmlcfg\" data-element_type=\"widget\" data-widget_type=\"text-editor.default\">\n\t\t\t\t<div class=\"elementor-widget-container\">\n\t\t\t\t\t\t\t<p><strong>TECHNICAL DATA:<\/strong><\/p><p>\u00bb Altura de trabajo: 13.38 m<\/p><p>\u00bb Plataforma de trabajo: 0.75 x 2.85 m<\/p><p>\u00bb Carga de trabajo: 2 kN\/m\u00b2 (Grupo 3)<\/p>\t\t\t\t\t\t<\/div>\n\t\t\t\t<\/div>\n\t\t\t\t\t<\/div>\n\t\t<\/div>\n\t\t\t\t\t<\/div>\n\t\t<\/section>\n\t\t\t\t<section class=\"elementor-section elementor-top-section elementor-element elementor-element-ghhapqp elementor-section-stretched elementor-section-content-bottom elementor-section-boxed elementor-section-height-default elementor-section-height-default\" data-id=\"ghhapqp\" data-element_type=\"section\" data-settings=\"{&quot;stretch_section&quot;:&quot;section-stretched&quot;,&quot;background_background&quot;:&quot;none&quot;}\">\n\t\t\t\t\t\t<div class=\"elementor-container elementor-column-gap-default\">\n\t\t\t\t\t<div class=\"elementor-column elementor-col-50 elementor-top-column elementor-element elementor-element-rgtayyy\" data-id=\"rgtayyy\" data-element_type=\"column\">\n\t\t\t<div class=\"elementor-widget-wrap elementor-element-populated\">\n\t\t\t\t\t\t<div class=\"elementor-element elementor-element-uxrrgtq elementor-widget elementor-widget-heading\" data-id=\"uxrrgtq\" data-element_type=\"widget\" data-widget_type=\"heading.default\">\n\t\t\t\t<div class=\"elementor-widget-container\">\n\t\t\t<h2 class=\"elementor-heading-title elementor-size-default\">\u00bfNecesita ayuda o interes para comprar?<\/h2>\t\t<\/div>\n\t\t\t\t<\/div>\n\t\t\t\t\t<\/div>\n\t\t<\/div>\n\t\t\t\t<div class=\"elementor-column elementor-col-50 elementor-top-column elementor-element elementor-element-edymvne\" data-id=\"edymvne\" data-element_type=\"column\">\n\t\t\t<div class=\"elementor-widget-wrap elementor-element-populated\">\n\t\t\t\t\t\t<div class=\"elementor-element elementor-element-vbtrzzw elementor-align-left elementor-mobile-align-center elementor-widget elementor-widget-button\" data-id=\"vbtrzzw\" data-element_type=\"widget\" data-widget_type=\"button.default\">\n\t\t\t\t<div class=\"elementor-widget-container\">\n\t\t\t\t\t<div class=\"elementor-button-wrapper\">\n\t\t\t<a class=\"elementor-button elementor-button-link elementor-size-sm\" href=\"https:\/\/geruestexperten.de\/es\/contacto\">\n\t\t\t\t\t\t<span class=\"elementor-button-content-wrapper\">\n\t\t\t\t\t\t<span class=\"elementor-button-icon\">\n\t\t\t\t\t\t\t\t\t<i class=\"fa fa-check\" aria-hidden=\"true\"><\/i>\n\t\t\t\t\t\t\t<\/span>\n\t\t\t\t\t\t\t\t\t<span class=\"elementor-button-text\">CONT\u00c1CTENOS AHORA<\/span>\n\t\t\t\t\t<\/span>\n\t\t\t\t\t<\/a>\n\t\t<\/div>\n\t\t\t\t<\/div>\n\t\t\t\t<\/div>\n\t\t\t\t\t<\/div>\n\t\t<\/div>\n\t\t\t\t\t<\/div>\n\t\t<\/section>\n\t\t\t\t<\/div>\n\t\t","protected":false},"excerpt":{"rendered":"<p>[breadcrumb] UniEst\u00e1ndar 2P La \u201ctorre m\u00f3vil m\u00e1s flexible\u201d para alturas realmente grandes El andamio UniEst\u00e1ndar es la plataforma m\u00f3vil de uso universal para\u00a0realizar los trabajos m\u00e1s variados; actuaciones en paredes y techos,\u00a0mantenimiento industrial, reparaci\u00f3n de maquinaria, reparaci\u00f3n de\u00a0equipos t\u00e9cnicos, inspecci\u00f3n de instalaciones, dep\u00f3sitos, silos, almacenes,\u00a0etc.\u00a0Su uso es posible tanto para espacios cerrados como abiertos, siguiendo &#8230; <a title=\"UniEst\u00e1ndar 2P\" class=\"read-more\" href=\"https:\/\/geruestexperten.de\/es\/torre-movil\/uniestandar-2p\" aria-label=\"M\u00e1s en UniEst\u00e1ndar 2P\">Leer m\u00e1s<\/a><\/p>\n","protected":false},"author":1,"featured_media":0,"parent":2812,"menu_order":0,"comment_status":"closed","ping_status":"closed","template":"","meta":{"generate_page_header":"","footnotes":""},"class_list":["post-3213","page","type-page","status-publish"],"yoast_head":"<!-- This site is optimized with the Yoast SEO plugin v22.3 - https:\/\/yoast.com\/wordpress\/plugins\/seo\/ -->\n<title>UniEst\u00e1ndar 2P - Torre m\u00f3vil Layher nuevo y usado<\/title>\n<meta name=\"description\" content=\"Compra Layher torre m\u00f3vil UniEst\u00e1ndar 2P de Alemania. Somos los expertos alemanes para andamios Layher. Env\u00edo rapido y mundial. Compra ahora \u2713\" \/>\n<meta name=\"robots\" content=\"index, follow, max-snippet:-1, max-image-preview:large, max-video-preview:-1\" \/>\n<link rel=\"canonical\" href=\"https:\/\/geruestexperten.de\/es\/torre-movil\/uniestandar-2p\" \/>\n<meta property=\"og:locale\" content=\"es_ES\" \/>\n<meta property=\"og:type\" content=\"article\" \/>\n<meta property=\"og:title\" content=\"UniEst\u00e1ndar 2P - Torre m\u00f3vil Layher nuevo y usado\" \/>\n<meta property=\"og:description\" content=\"Compra Layher torre m\u00f3vil UniEst\u00e1ndar 2P de Alemania. Somos los expertos alemanes para andamios Layher. Env\u00edo rapido y mundial. Compra ahora \u2713\" \/>\n<meta property=\"og:url\" content=\"https:\/\/geruestexperten.de\/es\/torre-movil\/uniestandar-2p\" \/>\n<meta property=\"article:modified_time\" content=\"2017-10-19T11:11:01+00:00\" \/>\n<meta property=\"og:image\" content=\"https:\/\/geruestexperten.de\/wp-content\/uploads\/2017\/06\/b-1-1024x559.png\" \/>\n<meta name=\"twitter:card\" content=\"summary_large_image\" \/>\n<meta name=\"twitter:label1\" content=\"Tiempo de lectura\" \/>\n\t<meta name=\"twitter:data1\" content=\"1 minuto\" \/>\n<script type=\"application\/ld+json\" class=\"yoast-schema-graph\">{\"@context\":\"https:\/\/schema.org\",\"@graph\":[{\"@type\":\"WebPage\",\"@id\":\"https:\/\/geruestexperten.de\/es\/torre-movil\/uniestandar-2p\",\"url\":\"https:\/\/geruestexperten.de\/es\/torre-movil\/uniestandar-2p\",\"name\":\"UniEst\u00e1ndar 2P - Torre m\u00f3vil Layher nuevo y usado\",\"isPartOf\":{\"@id\":\"https:\/\/geruestexperten.de\/#website\"},\"primaryImageOfPage\":{\"@id\":\"https:\/\/geruestexperten.de\/es\/torre-movil\/uniestandar-2p#primaryimage\"},\"image\":{\"@id\":\"https:\/\/geruestexperten.de\/es\/torre-movil\/uniestandar-2p#primaryimage\"},\"thumbnailUrl\":\"https:\/\/geruestexperten.de\/wp-content\/uploads\/2017\/06\/b-1-1024x559.png\",\"datePublished\":\"2017-10-19T11:04:55+00:00\",\"dateModified\":\"2017-10-19T11:11:01+00:00\",\"description\":\"Compra Layher torre m\u00f3vil UniEst\u00e1ndar 2P de Alemania. Somos los expertos alemanes para andamios Layher. Env\u00edo rapido y mundial. Compra ahora \u2713\",\"breadcrumb\":{\"@id\":\"https:\/\/geruestexperten.de\/es\/torre-movil\/uniestandar-2p#breadcrumb\"},\"inLanguage\":\"es\",\"potentialAction\":[{\"@type\":\"ReadAction\",\"target\":[\"https:\/\/geruestexperten.de\/es\/torre-movil\/uniestandar-2p\"]}]},{\"@type\":\"ImageObject\",\"inLanguage\":\"es\",\"@id\":\"https:\/\/geruestexperten.de\/es\/torre-movil\/uniestandar-2p#primaryimage\",\"url\":\"https:\/\/geruestexperten.de\/wp-content\/uploads\/2017\/06\/b-1.png\",\"contentUrl\":\"https:\/\/geruestexperten.de\/wp-content\/uploads\/2017\/06\/b-1.png\",\"width\":1100,\"height\":600,\"caption\":\"layher uni standard rollger\u00fcst\"},{\"@type\":\"BreadcrumbList\",\"@id\":\"https:\/\/geruestexperten.de\/es\/torre-movil\/uniestandar-2p#breadcrumb\",\"itemListElement\":[{\"@type\":\"ListItem\",\"position\":1,\"name\":\"Startseite\",\"item\":\"https:\/\/geruestexperten.de\/es\"},{\"@type\":\"ListItem\",\"position\":2,\"name\":\"Torre movil\",\"item\":\"https:\/\/geruestexperten.de\/es\/torre-movil\"},{\"@type\":\"ListItem\",\"position\":3,\"name\":\"UniEst\u00e1ndar 2P\"}]},{\"@type\":\"WebSite\",\"@id\":\"https:\/\/geruestexperten.de\/#website\",\"url\":\"https:\/\/geruestexperten.de\/\",\"name\":\"\",\"description\":\"\",\"publisher\":{\"@id\":\"https:\/\/geruestexperten.de\/#organization\"},\"potentialAction\":[{\"@type\":\"SearchAction\",\"target\":{\"@type\":\"EntryPoint\",\"urlTemplate\":\"https:\/\/geruestexperten.de\/?s={search_term_string}\"},\"query-input\":\"required name=search_term_string\"}],\"inLanguage\":\"es\"},{\"@type\":\"Organization\",\"@id\":\"https:\/\/geruestexperten.de\/#organization\",\"name\":\"Ger\u00fcstexperten\",\"url\":\"https:\/\/geruestexperten.de\/\",\"logo\":{\"@type\":\"ImageObject\",\"inLanguage\":\"es\",\"@id\":\"https:\/\/geruestexperten.de\/#\/schema\/logo\/image\/\",\"url\":\"https:\/\/geruestexperten.de\/wp-content\/uploads\/2018\/06\/Geru\u0308stexperten.png\",\"contentUrl\":\"https:\/\/geruestexperten.de\/wp-content\/uploads\/2018\/06\/Geru\u0308stexperten.png\",\"width\":350,\"height\":70,\"caption\":\"Ger\u00fcstexperten\"},\"image\":{\"@id\":\"https:\/\/geruestexperten.de\/#\/schema\/logo\/image\/\"}}]}<\/script>\n<!-- \/ Yoast SEO plugin. -->","yoast_head_json":{"title":"UniEst\u00e1ndar 2P - Torre m\u00f3vil Layher nuevo y usado","description":"Compra Layher torre m\u00f3vil UniEst\u00e1ndar 2P de Alemania. Somos los expertos alemanes para andamios Layher. Env\u00edo rapido y mundial. Compra ahora \u2713","robots":{"index":"index","follow":"follow","max-snippet":"max-snippet:-1","max-image-preview":"max-image-preview:large","max-video-preview":"max-video-preview:-1"},"canonical":"https:\/\/geruestexperten.de\/es\/torre-movil\/uniestandar-2p","og_locale":"es_ES","og_type":"article","og_title":"UniEst\u00e1ndar 2P - Torre m\u00f3vil Layher nuevo y usado","og_description":"Compra Layher torre m\u00f3vil UniEst\u00e1ndar 2P de Alemania. Somos los expertos alemanes para andamios Layher. Env\u00edo rapido y mundial. Compra ahora \u2713","og_url":"https:\/\/geruestexperten.de\/es\/torre-movil\/uniestandar-2p","article_modified_time":"2017-10-19T11:11:01+00:00","og_image":[{"url":"https:\/\/geruestexperten.de\/wp-content\/uploads\/2017\/06\/b-1-1024x559.png"}],"twitter_card":"summary_large_image","twitter_misc":{"Tiempo de lectura":"1 minuto"},"schema":{"@context":"https:\/\/schema.org","@graph":[{"@type":"WebPage","@id":"https:\/\/geruestexperten.de\/es\/torre-movil\/uniestandar-2p","url":"https:\/\/geruestexperten.de\/es\/torre-movil\/uniestandar-2p","name":"UniEst\u00e1ndar 2P - Torre m\u00f3vil Layher nuevo y usado","isPartOf":{"@id":"https:\/\/geruestexperten.de\/#website"},"primaryImageOfPage":{"@id":"https:\/\/geruestexperten.de\/es\/torre-movil\/uniestandar-2p#primaryimage"},"image":{"@id":"https:\/\/geruestexperten.de\/es\/torre-movil\/uniestandar-2p#primaryimage"},"thumbnailUrl":"https:\/\/geruestexperten.de\/wp-content\/uploads\/2017\/06\/b-1-1024x559.png","datePublished":"2017-10-19T11:04:55+00:00","dateModified":"2017-10-19T11:11:01+00:00","description":"Compra Layher torre m\u00f3vil UniEst\u00e1ndar 2P de Alemania. Somos los expertos alemanes para andamios Layher. Env\u00edo rapido y mundial. Compra ahora \u2713","breadcrumb":{"@id":"https:\/\/geruestexperten.de\/es\/torre-movil\/uniestandar-2p#breadcrumb"},"inLanguage":"es","potentialAction":[{"@type":"ReadAction","target":["https:\/\/geruestexperten.de\/es\/torre-movil\/uniestandar-2p"]}]},{"@type":"ImageObject","inLanguage":"es","@id":"https:\/\/geruestexperten.de\/es\/torre-movil\/uniestandar-2p#primaryimage","url":"https:\/\/geruestexperten.de\/wp-content\/uploads\/2017\/06\/b-1.png","contentUrl":"https:\/\/geruestexperten.de\/wp-content\/uploads\/2017\/06\/b-1.png","width":1100,"height":600,"caption":"layher uni standard rollger\u00fcst"},{"@type":"BreadcrumbList","@id":"https:\/\/geruestexperten.de\/es\/torre-movil\/uniestandar-2p#breadcrumb","itemListElement":[{"@type":"ListItem","position":1,"name":"Startseite","item":"https:\/\/geruestexperten.de\/es"},{"@type":"ListItem","position":2,"name":"Torre movil","item":"https:\/\/geruestexperten.de\/es\/torre-movil"},{"@type":"ListItem","position":3,"name":"UniEst\u00e1ndar 2P"}]},{"@type":"WebSite","@id":"https:\/\/geruestexperten.de\/#website","url":"https:\/\/geruestexperten.de\/","name":"","description":"","publisher":{"@id":"https:\/\/geruestexperten.de\/#organization"},"potentialAction":[{"@type":"SearchAction","target":{"@type":"EntryPoint","urlTemplate":"https:\/\/geruestexperten.de\/?s={search_term_string}"},"query-input":"required name=search_term_string"}],"inLanguage":"es"},{"@type":"Organization","@id":"https:\/\/geruestexperten.de\/#organization","name":"Ger\u00fcstexperten","url":"https:\/\/geruestexperten.de\/","logo":{"@type":"ImageObject","inLanguage":"es","@id":"https:\/\/geruestexperten.de\/#\/schema\/logo\/image\/","url":"https:\/\/geruestexperten.de\/wp-content\/uploads\/2018\/06\/Geru\u0308stexperten.png","contentUrl":"https:\/\/geruestexperten.de\/wp-content\/uploads\/2018\/06\/Geru\u0308stexperten.png","width":350,"height":70,"caption":"Ger\u00fcstexperten"},"image":{"@id":"https:\/\/geruestexperten.de\/#\/schema\/logo\/image\/"}}]}},"_links":{"self":[{"href":"https:\/\/geruestexperten.de\/es\/wp-json\/wp\/v2\/pages\/3213"}],"collection":[{"href":"https:\/\/geruestexperten.de\/es\/wp-json\/wp\/v2\/pages"}],"about":[{"href":"https:\/\/geruestexperten.de\/es\/wp-json\/wp\/v2\/types\/page"}],"author":[{"embeddable":true,"href":"https:\/\/geruestexperten.de\/es\/wp-json\/wp\/v2\/users\/1"}],"replies":[{"embeddable":true,"href":"https:\/\/geruestexperten.de\/es\/wp-json\/wp\/v2\/comments?post=3213"}],"version-history":[{"count":3,"href":"https:\/\/geruestexperten.de\/es\/wp-json\/wp\/v2\/pages\/3213\/revisions"}],"predecessor-version":[{"id":3222,"href":"https:\/\/geruestexperten.de\/es\/wp-json\/wp\/v2\/pages\/3213\/revisions\/3222"}],"up":[{"embeddable":true,"href":"https:\/\/geruestexperten.de\/es\/wp-json\/wp\/v2\/pages\/2812"}],"wp:attachment":[{"href":"https:\/\/geruestexperten.de\/es\/wp-json\/wp\/v2\/media?parent=3213"}],"curies":[{"name":"wp","href":"https:\/\/api.w.org\/{rel}","templated":true}]}}