{"id":3208,"date":"2017-10-19T11:00:17","date_gmt":"2017-10-19T11:00:17","guid":{"rendered":"https:\/\/geruestexperten.de\/torres-moviles\/unicompacto-2p"},"modified":"2017-10-19T11:01:56","modified_gmt":"2017-10-19T11:01:56","slug":"unicompacto-2p","status":"publish","type":"page","link":"https:\/\/geruestexperten.de\/es\/torre-movil\/unicompacto-2p","title":{"rendered":"UniCompacto 2P"},"content":{"rendered":"\t\t<div data-elementor-type=\"wp-post\" data-elementor-id=\"3208\" class=\"elementor elementor-3208 elementor-21 elementor-bc-flex-widget\">\n\t\t\t\t\t\t<section class=\"elementor-section elementor-top-section elementor-element elementor-element-smabkua elementor-section-stretched elementor-section-boxed elementor-section-height-default elementor-section-height-default\" data-id=\"smabkua\" data-element_type=\"section\" data-settings=\"{&quot;stretch_section&quot;:&quot;section-stretched&quot;}\">\n\t\t\t\t\t\t<div class=\"elementor-container elementor-column-gap-default\">\n\t\t\t\t\t<div class=\"elementor-column elementor-col-100 elementor-top-column elementor-element elementor-element-bdaqwjw\" data-id=\"bdaqwjw\" data-element_type=\"column\">\n\t\t\t<div class=\"elementor-widget-wrap elementor-element-populated\">\n\t\t\t\t\t\t<div class=\"elementor-element elementor-element-zzktcxv elementor-widget elementor-widget-html\" data-id=\"zzktcxv\" data-element_type=\"widget\" data-widget_type=\"html.default\">\n\t\t\t\t<div class=\"elementor-widget-container\">\n\t\t\t[breadcrumb]\t\t<\/div>\n\t\t\t\t<\/div>\n\t\t\t\t\t<\/div>\n\t\t<\/div>\n\t\t\t\t\t<\/div>\n\t\t<\/section>\n\t\t\t\t<section class=\"elementor-section elementor-top-section elementor-element elementor-element-caviicm elementor-section-stretched elementor-section-boxed elementor-section-height-default elementor-section-height-default\" data-id=\"caviicm\" data-element_type=\"section\" data-settings=\"{&quot;stretch_section&quot;:&quot;section-stretched&quot;}\">\n\t\t\t\t\t\t<div class=\"elementor-container elementor-column-gap-default\">\n\t\t\t\t\t<div class=\"elementor-column elementor-col-100 elementor-top-column elementor-element elementor-element-pfxifke\" data-id=\"pfxifke\" data-element_type=\"column\">\n\t\t\t<div class=\"elementor-widget-wrap elementor-element-populated\">\n\t\t\t\t\t\t<div class=\"elementor-element elementor-element-mipjwsl elementor-widget elementor-widget-heading\" data-id=\"mipjwsl\" data-element_type=\"widget\" data-widget_type=\"heading.default\">\n\t\t\t\t<div class=\"elementor-widget-container\">\n\t\t\t<h1 class=\"elementor-heading-title elementor-size-default\">UniCompacto 2P<\/h1>\t\t<\/div>\n\t\t\t\t<\/div>\n\t\t\t\t<div class=\"elementor-element elementor-element-smvkclj elementor-widget elementor-widget-heading\" data-id=\"smvkclj\" data-element_type=\"widget\" data-widget_type=\"heading.default\">\n\t\t\t\t<div class=\"elementor-widget-container\">\n\t\t\t<h2 class=\"elementor-heading-title elementor-size-default\">Una \u201ctorre compacta universal\u201d con una mayor superficie de trabajo<\/h2>\t\t<\/div>\n\t\t\t\t<\/div>\n\t\t\t\t<div class=\"elementor-element elementor-element-tqgdpfl elementor-widget elementor-widget-image\" data-id=\"tqgdpfl\" data-element_type=\"widget\" data-widget_type=\"image.default\">\n\t\t\t\t<div class=\"elementor-widget-container\">\n\t\t\t\t\t\t\t\t\t\t\t\t\t<img fetchpriority=\"high\" decoding=\"async\" width=\"1024\" height=\"559\" src=\"https:\/\/geruestexperten.de\/wp-content\/uploads\/2017\/06\/b.png\" class=\"attachment-large size-large wp-image-1043\" alt=\"layher uni kompakt rollger\u00fcst\" \/>\t\t\t\t\t\t\t\t\t\t\t\t\t<\/div>\n\t\t\t\t<\/div>\n\t\t\t\t\t<\/div>\n\t\t<\/div>\n\t\t\t\t\t<\/div>\n\t\t<\/section>\n\t\t\t\t<section class=\"elementor-section elementor-top-section elementor-element elementor-element-ojeosqe elementor-section-stretched elementor-section-boxed elementor-section-height-default elementor-section-height-default\" data-id=\"ojeosqe\" data-element_type=\"section\" data-settings=\"{&quot;stretch_section&quot;:&quot;section-stretched&quot;}\">\n\t\t\t\t\t\t<div class=\"elementor-container elementor-column-gap-default\">\n\t\t\t\t\t<div class=\"elementor-column elementor-col-50 elementor-top-column elementor-element elementor-element-usjunwg\" data-id=\"usjunwg\" data-element_type=\"column\">\n\t\t\t<div class=\"elementor-widget-wrap elementor-element-populated\">\n\t\t\t\t\t\t<div class=\"elementor-element elementor-element-mdiyewo elementor-widget elementor-widget-text-editor\" data-id=\"mdiyewo\" data-element_type=\"widget\" data-widget_type=\"text-editor.default\">\n\t\t\t\t<div class=\"elementor-widget-container\">\n\t\t\t\t\t\t\t<h4>La torre UniCompacto es un pr\u00e1ctico y sencillo andamio con doble ancho\u00a0de plataforma. Permite alcanzar alturas de trabajo de hasta 7,2 m. sin\u00a0precisar vigas de inicio. Con un \u00e1rea de trabajo intermedia entre las torres\u00a0UniEst\u00e1ndar y UniAncho.<\/h4>\t\t\t\t\t\t<\/div>\n\t\t\t\t<\/div>\n\t\t\t\t\t<\/div>\n\t\t<\/div>\n\t\t\t\t<div class=\"elementor-column elementor-col-50 elementor-top-column elementor-element elementor-element-gwpabau\" data-id=\"gwpabau\" data-element_type=\"column\">\n\t\t\t<div class=\"elementor-widget-wrap elementor-element-populated\">\n\t\t\t\t\t\t<div class=\"elementor-element elementor-element-hwefpmx elementor-widget elementor-widget-text-editor\" data-id=\"hwefpmx\" data-element_type=\"widget\" data-widget_type=\"text-editor.default\">\n\t\t\t\t<div class=\"elementor-widget-container\">\n\t\t\t\t\t\t\t<p><strong>TECHNICAL DATA:<\/strong><\/p><p>\u00bb Altura de trabajo: 10.38 m<\/p><p>\u00bb Plataforma de trabajo: 1.50 x 1.80 m<\/p><p>\u00bb Carga de trabajo: 2 kN\/m\u00b2 (Grupo 3)<\/p>\t\t\t\t\t\t<\/div>\n\t\t\t\t<\/div>\n\t\t\t\t\t<\/div>\n\t\t<\/div>\n\t\t\t\t\t<\/div>\n\t\t<\/section>\n\t\t\t\t<section class=\"elementor-section elementor-top-section elementor-element elementor-element-vaysykl elementor-section-stretched elementor-section-content-bottom elementor-section-boxed elementor-section-height-default elementor-section-height-default\" data-id=\"vaysykl\" data-element_type=\"section\" data-settings=\"{&quot;stretch_section&quot;:&quot;section-stretched&quot;,&quot;background_background&quot;:&quot;none&quot;}\">\n\t\t\t\t\t\t<div class=\"elementor-container elementor-column-gap-default\">\n\t\t\t\t\t<div class=\"elementor-column elementor-col-50 elementor-top-column elementor-element elementor-element-oqcquxu\" data-id=\"oqcquxu\" data-element_type=\"column\">\n\t\t\t<div class=\"elementor-widget-wrap elementor-element-populated\">\n\t\t\t\t\t\t<div class=\"elementor-element elementor-element-facjybh elementor-widget elementor-widget-heading\" data-id=\"facjybh\" data-element_type=\"widget\" data-widget_type=\"heading.default\">\n\t\t\t\t<div class=\"elementor-widget-container\">\n\t\t\t<h2 class=\"elementor-heading-title elementor-size-default\">\u00bfNecesita ayuda o interes para comprar?<\/h2>\t\t<\/div>\n\t\t\t\t<\/div>\n\t\t\t\t\t<\/div>\n\t\t<\/div>\n\t\t\t\t<div class=\"elementor-column elementor-col-50 elementor-top-column elementor-element elementor-element-jtwfbgj\" data-id=\"jtwfbgj\" data-element_type=\"column\">\n\t\t\t<div class=\"elementor-widget-wrap elementor-element-populated\">\n\t\t\t\t\t\t<div class=\"elementor-element elementor-element-nundcor elementor-align-left elementor-mobile-align-center elementor-widget elementor-widget-button\" data-id=\"nundcor\" data-element_type=\"widget\" data-widget_type=\"button.default\">\n\t\t\t\t<div class=\"elementor-widget-container\">\n\t\t\t\t\t<div class=\"elementor-button-wrapper\">\n\t\t\t<a class=\"elementor-button elementor-button-link elementor-size-sm\" href=\"https:\/\/geruestexperten.de\/es\/contacto\">\n\t\t\t\t\t\t<span class=\"elementor-button-content-wrapper\">\n\t\t\t\t\t\t<span class=\"elementor-button-icon\">\n\t\t\t\t\t\t\t\t\t<i class=\"fa fa-check\" aria-hidden=\"true\"><\/i>\n\t\t\t\t\t\t\t<\/span>\n\t\t\t\t\t\t\t\t\t<span class=\"elementor-button-text\">Cont\u00e1ctenos ahora<\/span>\n\t\t\t\t\t<\/span>\n\t\t\t\t\t<\/a>\n\t\t<\/div>\n\t\t\t\t<\/div>\n\t\t\t\t<\/div>\n\t\t\t\t\t<\/div>\n\t\t<\/div>\n\t\t\t\t\t<\/div>\n\t\t<\/section>\n\t\t\t\t<\/div>\n\t\t","protected":false},"excerpt":{"rendered":"<p>[breadcrumb] UniCompacto 2P Una \u201ctorre compacta universal\u201d con una mayor superficie de trabajo La torre UniCompacto es un pr\u00e1ctico y sencillo andamio con doble ancho\u00a0de plataforma. Permite alcanzar alturas de trabajo de hasta 7,2 m. sin\u00a0precisar vigas de inicio. Con un \u00e1rea de trabajo intermedia entre las torres\u00a0UniEst\u00e1ndar y UniAncho. TECHNICAL DATA: \u00bb Altura de &#8230; <a title=\"UniCompacto 2P\" class=\"read-more\" href=\"https:\/\/geruestexperten.de\/es\/torre-movil\/unicompacto-2p\" aria-label=\"M\u00e1s en UniCompacto 2P\">Leer m\u00e1s<\/a><\/p>\n","protected":false},"author":1,"featured_media":0,"parent":2812,"menu_order":0,"comment_status":"closed","ping_status":"closed","template":"","meta":{"generate_page_header":"","footnotes":""},"class_list":["post-3208","page","type-page","status-publish"],"yoast_head":"<!-- This site is optimized with the Yoast SEO plugin v22.3 - https:\/\/yoast.com\/wordpress\/plugins\/seo\/ -->\n<title>UniCompacto 2P - Torre m\u00f3vil Layher nuevo y usado<\/title>\n<meta name=\"description\" content=\"Compra Layher torre m\u00f3vil UniCompacto 2P de Alemania. Somos los expertos alemanes para andamios Layher. Env\u00edo rapido y mundial. Compra ahora \u2713\" \/>\n<meta name=\"robots\" content=\"index, follow, max-snippet:-1, max-image-preview:large, max-video-preview:-1\" \/>\n<link rel=\"canonical\" href=\"https:\/\/geruestexperten.de\/es\/torre-movil\/unicompacto-2p\" \/>\n<meta property=\"og:locale\" content=\"es_ES\" \/>\n<meta property=\"og:type\" content=\"article\" \/>\n<meta property=\"og:title\" content=\"UniCompacto 2P - Torre m\u00f3vil Layher nuevo y usado\" \/>\n<meta property=\"og:description\" content=\"Compra Layher torre m\u00f3vil UniCompacto 2P de Alemania. Somos los expertos alemanes para andamios Layher. Env\u00edo rapido y mundial. Compra ahora \u2713\" \/>\n<meta property=\"og:url\" content=\"https:\/\/geruestexperten.de\/es\/torre-movil\/unicompacto-2p\" \/>\n<meta property=\"article:modified_time\" content=\"2017-10-19T11:01:56+00:00\" \/>\n<meta property=\"og:image\" content=\"https:\/\/geruestexperten.de\/wp-content\/uploads\/2017\/06\/b-1024x559.png\" \/>\n<meta name=\"twitter:card\" content=\"summary_large_image\" \/>\n<script type=\"application\/ld+json\" class=\"yoast-schema-graph\">{\"@context\":\"https:\/\/schema.org\",\"@graph\":[{\"@type\":\"WebPage\",\"@id\":\"https:\/\/geruestexperten.de\/es\/torre-movil\/unicompacto-2p\",\"url\":\"https:\/\/geruestexperten.de\/es\/torre-movil\/unicompacto-2p\",\"name\":\"UniCompacto 2P - Torre m\u00f3vil Layher nuevo y usado\",\"isPartOf\":{\"@id\":\"https:\/\/geruestexperten.de\/#website\"},\"primaryImageOfPage\":{\"@id\":\"https:\/\/geruestexperten.de\/es\/torre-movil\/unicompacto-2p#primaryimage\"},\"image\":{\"@id\":\"https:\/\/geruestexperten.de\/es\/torre-movil\/unicompacto-2p#primaryimage\"},\"thumbnailUrl\":\"https:\/\/geruestexperten.de\/wp-content\/uploads\/2017\/06\/b-1024x559.png\",\"datePublished\":\"2017-10-19T11:00:17+00:00\",\"dateModified\":\"2017-10-19T11:01:56+00:00\",\"description\":\"Compra Layher torre m\u00f3vil UniCompacto 2P de Alemania. Somos los expertos alemanes para andamios Layher. Env\u00edo rapido y mundial. Compra ahora \u2713\",\"breadcrumb\":{\"@id\":\"https:\/\/geruestexperten.de\/es\/torre-movil\/unicompacto-2p#breadcrumb\"},\"inLanguage\":\"es\",\"potentialAction\":[{\"@type\":\"ReadAction\",\"target\":[\"https:\/\/geruestexperten.de\/es\/torre-movil\/unicompacto-2p\"]}]},{\"@type\":\"ImageObject\",\"inLanguage\":\"es\",\"@id\":\"https:\/\/geruestexperten.de\/es\/torre-movil\/unicompacto-2p#primaryimage\",\"url\":\"https:\/\/geruestexperten.de\/wp-content\/uploads\/2017\/06\/b.png\",\"contentUrl\":\"https:\/\/geruestexperten.de\/wp-content\/uploads\/2017\/06\/b.png\",\"width\":1100,\"height\":600,\"caption\":\"layher uni kompakt rollger\u00fcst\"},{\"@type\":\"BreadcrumbList\",\"@id\":\"https:\/\/geruestexperten.de\/es\/torre-movil\/unicompacto-2p#breadcrumb\",\"itemListElement\":[{\"@type\":\"ListItem\",\"position\":1,\"name\":\"Startseite\",\"item\":\"https:\/\/geruestexperten.de\/es\"},{\"@type\":\"ListItem\",\"position\":2,\"name\":\"Torre movil\",\"item\":\"https:\/\/geruestexperten.de\/es\/torre-movil\"},{\"@type\":\"ListItem\",\"position\":3,\"name\":\"UniCompacto 2P\"}]},{\"@type\":\"WebSite\",\"@id\":\"https:\/\/geruestexperten.de\/#website\",\"url\":\"https:\/\/geruestexperten.de\/\",\"name\":\"\",\"description\":\"\",\"publisher\":{\"@id\":\"https:\/\/geruestexperten.de\/#organization\"},\"potentialAction\":[{\"@type\":\"SearchAction\",\"target\":{\"@type\":\"EntryPoint\",\"urlTemplate\":\"https:\/\/geruestexperten.de\/?s={search_term_string}\"},\"query-input\":\"required name=search_term_string\"}],\"inLanguage\":\"es\"},{\"@type\":\"Organization\",\"@id\":\"https:\/\/geruestexperten.de\/#organization\",\"name\":\"Ger\u00fcstexperten\",\"url\":\"https:\/\/geruestexperten.de\/\",\"logo\":{\"@type\":\"ImageObject\",\"inLanguage\":\"es\",\"@id\":\"https:\/\/geruestexperten.de\/#\/schema\/logo\/image\/\",\"url\":\"https:\/\/geruestexperten.de\/wp-content\/uploads\/2018\/06\/Geru\u0308stexperten.png\",\"contentUrl\":\"https:\/\/geruestexperten.de\/wp-content\/uploads\/2018\/06\/Geru\u0308stexperten.png\",\"width\":350,\"height\":70,\"caption\":\"Ger\u00fcstexperten\"},\"image\":{\"@id\":\"https:\/\/geruestexperten.de\/#\/schema\/logo\/image\/\"}}]}<\/script>\n<!-- \/ Yoast SEO plugin. -->","yoast_head_json":{"title":"UniCompacto 2P - Torre m\u00f3vil Layher nuevo y usado","description":"Compra Layher torre m\u00f3vil UniCompacto 2P de Alemania. Somos los expertos alemanes para andamios Layher. Env\u00edo rapido y mundial. Compra ahora \u2713","robots":{"index":"index","follow":"follow","max-snippet":"max-snippet:-1","max-image-preview":"max-image-preview:large","max-video-preview":"max-video-preview:-1"},"canonical":"https:\/\/geruestexperten.de\/es\/torre-movil\/unicompacto-2p","og_locale":"es_ES","og_type":"article","og_title":"UniCompacto 2P - Torre m\u00f3vil Layher nuevo y usado","og_description":"Compra Layher torre m\u00f3vil UniCompacto 2P de Alemania. Somos los expertos alemanes para andamios Layher. Env\u00edo rapido y mundial. Compra ahora \u2713","og_url":"https:\/\/geruestexperten.de\/es\/torre-movil\/unicompacto-2p","article_modified_time":"2017-10-19T11:01:56+00:00","og_image":[{"url":"https:\/\/geruestexperten.de\/wp-content\/uploads\/2017\/06\/b-1024x559.png"}],"twitter_card":"summary_large_image","schema":{"@context":"https:\/\/schema.org","@graph":[{"@type":"WebPage","@id":"https:\/\/geruestexperten.de\/es\/torre-movil\/unicompacto-2p","url":"https:\/\/geruestexperten.de\/es\/torre-movil\/unicompacto-2p","name":"UniCompacto 2P - Torre m\u00f3vil Layher nuevo y usado","isPartOf":{"@id":"https:\/\/geruestexperten.de\/#website"},"primaryImageOfPage":{"@id":"https:\/\/geruestexperten.de\/es\/torre-movil\/unicompacto-2p#primaryimage"},"image":{"@id":"https:\/\/geruestexperten.de\/es\/torre-movil\/unicompacto-2p#primaryimage"},"thumbnailUrl":"https:\/\/geruestexperten.de\/wp-content\/uploads\/2017\/06\/b-1024x559.png","datePublished":"2017-10-19T11:00:17+00:00","dateModified":"2017-10-19T11:01:56+00:00","description":"Compra Layher torre m\u00f3vil UniCompacto 2P de Alemania. Somos los expertos alemanes para andamios Layher. Env\u00edo rapido y mundial. Compra ahora \u2713","breadcrumb":{"@id":"https:\/\/geruestexperten.de\/es\/torre-movil\/unicompacto-2p#breadcrumb"},"inLanguage":"es","potentialAction":[{"@type":"ReadAction","target":["https:\/\/geruestexperten.de\/es\/torre-movil\/unicompacto-2p"]}]},{"@type":"ImageObject","inLanguage":"es","@id":"https:\/\/geruestexperten.de\/es\/torre-movil\/unicompacto-2p#primaryimage","url":"https:\/\/geruestexperten.de\/wp-content\/uploads\/2017\/06\/b.png","contentUrl":"https:\/\/geruestexperten.de\/wp-content\/uploads\/2017\/06\/b.png","width":1100,"height":600,"caption":"layher uni kompakt rollger\u00fcst"},{"@type":"BreadcrumbList","@id":"https:\/\/geruestexperten.de\/es\/torre-movil\/unicompacto-2p#breadcrumb","itemListElement":[{"@type":"ListItem","position":1,"name":"Startseite","item":"https:\/\/geruestexperten.de\/es"},{"@type":"ListItem","position":2,"name":"Torre movil","item":"https:\/\/geruestexperten.de\/es\/torre-movil"},{"@type":"ListItem","position":3,"name":"UniCompacto 2P"}]},{"@type":"WebSite","@id":"https:\/\/geruestexperten.de\/#website","url":"https:\/\/geruestexperten.de\/","name":"","description":"","publisher":{"@id":"https:\/\/geruestexperten.de\/#organization"},"potentialAction":[{"@type":"SearchAction","target":{"@type":"EntryPoint","urlTemplate":"https:\/\/geruestexperten.de\/?s={search_term_string}"},"query-input":"required name=search_term_string"}],"inLanguage":"es"},{"@type":"Organization","@id":"https:\/\/geruestexperten.de\/#organization","name":"Ger\u00fcstexperten","url":"https:\/\/geruestexperten.de\/","logo":{"@type":"ImageObject","inLanguage":"es","@id":"https:\/\/geruestexperten.de\/#\/schema\/logo\/image\/","url":"https:\/\/geruestexperten.de\/wp-content\/uploads\/2018\/06\/Geru\u0308stexperten.png","contentUrl":"https:\/\/geruestexperten.de\/wp-content\/uploads\/2018\/06\/Geru\u0308stexperten.png","width":350,"height":70,"caption":"Ger\u00fcstexperten"},"image":{"@id":"https:\/\/geruestexperten.de\/#\/schema\/logo\/image\/"}}]}},"_links":{"self":[{"href":"https:\/\/geruestexperten.de\/es\/wp-json\/wp\/v2\/pages\/3208"}],"collection":[{"href":"https:\/\/geruestexperten.de\/es\/wp-json\/wp\/v2\/pages"}],"about":[{"href":"https:\/\/geruestexperten.de\/es\/wp-json\/wp\/v2\/types\/page"}],"author":[{"embeddable":true,"href":"https:\/\/geruestexperten.de\/es\/wp-json\/wp\/v2\/users\/1"}],"replies":[{"embeddable":true,"href":"https:\/\/geruestexperten.de\/es\/wp-json\/wp\/v2\/comments?post=3208"}],"version-history":[{"count":2,"href":"https:\/\/geruestexperten.de\/es\/wp-json\/wp\/v2\/pages\/3208\/revisions"}],"predecessor-version":[{"id":3211,"href":"https:\/\/geruestexperten.de\/es\/wp-json\/wp\/v2\/pages\/3208\/revisions\/3211"}],"up":[{"embeddable":true,"href":"https:\/\/geruestexperten.de\/es\/wp-json\/wp\/v2\/pages\/2812"}],"wp:attachment":[{"href":"https:\/\/geruestexperten.de\/es\/wp-json\/wp\/v2\/media?parent=3208"}],"curies":[{"name":"wp","href":"https:\/\/api.w.org\/{rel}","templated":true}]}}