{"id":3193,"date":"2017-10-18T10:40:12","date_gmt":"2017-10-18T10:40:12","guid":{"rendered":"https:\/\/geruestexperten.de\/torres-moviles\/zifa-2p"},"modified":"2017-10-18T10:41:27","modified_gmt":"2017-10-18T10:41:27","slug":"zifa-2p","status":"publish","type":"page","link":"https:\/\/geruestexperten.de\/es\/torre-movil\/zifa-2p","title":{"rendered":"Zifa 2P"},"content":{"rendered":"\t\t<div data-elementor-type=\"wp-post\" data-elementor-id=\"3193\" class=\"elementor elementor-3193 elementor-17 elementor-bc-flex-widget\">\n\t\t\t\t\t\t<section class=\"elementor-section elementor-top-section elementor-element elementor-element-exlryjn elementor-section-stretched elementor-section-boxed elementor-section-height-default elementor-section-height-default\" data-id=\"exlryjn\" data-element_type=\"section\" data-settings=\"{&quot;stretch_section&quot;:&quot;section-stretched&quot;}\">\n\t\t\t\t\t\t<div class=\"elementor-container elementor-column-gap-default\">\n\t\t\t\t\t<div class=\"elementor-column elementor-col-100 elementor-top-column elementor-element elementor-element-ufolkhs\" data-id=\"ufolkhs\" data-element_type=\"column\">\n\t\t\t<div class=\"elementor-widget-wrap elementor-element-populated\">\n\t\t\t\t\t\t<div class=\"elementor-element elementor-element-jdingkz elementor-widget elementor-widget-html\" data-id=\"jdingkz\" data-element_type=\"widget\" data-widget_type=\"html.default\">\n\t\t\t\t<div class=\"elementor-widget-container\">\n\t\t\t[breadcrumb]\t\t<\/div>\n\t\t\t\t<\/div>\n\t\t\t\t\t<\/div>\n\t\t<\/div>\n\t\t\t\t\t<\/div>\n\t\t<\/section>\n\t\t\t\t<section class=\"elementor-section elementor-top-section elementor-element elementor-element-yv1uebp elementor-section-stretched elementor-section-boxed elementor-section-height-default elementor-section-height-default\" data-id=\"yv1uebp\" data-element_type=\"section\" data-settings=\"{&quot;stretch_section&quot;:&quot;section-stretched&quot;}\">\n\t\t\t\t\t\t<div class=\"elementor-container elementor-column-gap-default\">\n\t\t\t\t\t<div class=\"elementor-column elementor-col-100 elementor-top-column elementor-element elementor-element-9eeov5b\" data-id=\"9eeov5b\" data-element_type=\"column\">\n\t\t\t<div class=\"elementor-widget-wrap elementor-element-populated\">\n\t\t\t\t\t\t<div class=\"elementor-element elementor-element-66oxfjb elementor-widget elementor-widget-heading\" data-id=\"66oxfjb\" data-element_type=\"widget\" data-widget_type=\"heading.default\">\n\t\t\t\t<div class=\"elementor-widget-container\">\n\t\t\t<h1 class=\"elementor-heading-title elementor-size-default\">Zifa 2P<\/h1>\t\t<\/div>\n\t\t\t\t<\/div>\n\t\t\t\t<div class=\"elementor-element elementor-element-0sm5zca elementor-widget elementor-widget-heading\" data-id=\"0sm5zca\" data-element_type=\"widget\" data-widget_type=\"heading.default\">\n\t\t\t\t<div class=\"elementor-widget-container\">\n\t\t\t<h2 class=\"elementor-heading-title elementor-size-default\">La torre \u201cya montada\u201d para trabajos a poca altura<\/h2>\t\t<\/div>\n\t\t\t\t<\/div>\n\t\t\t\t<div class=\"elementor-element elementor-element-b7ribw9 elementor-widget elementor-widget-image\" data-id=\"b7ribw9\" data-element_type=\"widget\" data-widget_type=\"image.default\">\n\t\t\t\t<div class=\"elementor-widget-container\">\n\t\t\t\t\t\t\t\t\t\t\t\t\t<img fetchpriority=\"high\" decoding=\"async\" width=\"1024\" height=\"559\" src=\"https:\/\/geruestexperten.de\/wp-content\/uploads\/2017\/06\/zifa-layher-fahrger\u00fcst.png\" class=\"attachment-large size-large wp-image-1051\" alt=\"layher zifa rollger\u00fcst\" \/>\t\t\t\t\t\t\t\t\t\t\t\t\t<\/div>\n\t\t\t\t<\/div>\n\t\t\t\t\t<\/div>\n\t\t<\/div>\n\t\t\t\t\t<\/div>\n\t\t<\/section>\n\t\t\t\t<section class=\"elementor-section elementor-top-section elementor-element elementor-element-ktm7pdq elementor-section-stretched elementor-section-boxed elementor-section-height-default elementor-section-height-default\" data-id=\"ktm7pdq\" data-element_type=\"section\" data-settings=\"{&quot;stretch_section&quot;:&quot;section-stretched&quot;}\">\n\t\t\t\t\t\t<div class=\"elementor-container elementor-column-gap-default\">\n\t\t\t\t\t<div class=\"elementor-column elementor-col-50 elementor-top-column elementor-element elementor-element-bysg2bk\" data-id=\"bysg2bk\" data-element_type=\"column\">\n\t\t\t<div class=\"elementor-widget-wrap elementor-element-populated\">\n\t\t\t\t\t\t<div class=\"elementor-element elementor-element-1ggcac1 elementor-widget elementor-widget-text-editor\" data-id=\"1ggcac1\" data-element_type=\"widget\" data-widget_type=\"text-editor.default\">\n\t\t\t\t<div class=\"elementor-widget-container\">\n\t\t\t\t\t\t\t<h4>El modelo de torre m\u00f3vil Zifa es pra\u0301cticamente una torre \u201cya montada\u201d para trabajar a poca o media altura, plega\u0301ndose completamente para su almacenamiento y transporte. Para volver a montarla basta con doblar hacia fuera, colocar la plataforma y\u2026 \u00a1ya esta\u0301!<\/h4>\t\t\t\t\t\t<\/div>\n\t\t\t\t<\/div>\n\t\t\t\t\t<\/div>\n\t\t<\/div>\n\t\t\t\t<div class=\"elementor-column elementor-col-50 elementor-top-column elementor-element elementor-element-r6zcfqi\" data-id=\"r6zcfqi\" data-element_type=\"column\">\n\t\t\t<div class=\"elementor-widget-wrap elementor-element-populated\">\n\t\t\t\t\t\t<div class=\"elementor-element elementor-element-8y9nir3 elementor-widget elementor-widget-text-editor\" data-id=\"8y9nir3\" data-element_type=\"widget\" data-widget_type=\"text-editor.default\">\n\t\t\t\t<div class=\"elementor-widget-container\">\n\t\t\t\t\t\t\t<p><strong>TECHNICAL DATA:<\/strong><\/p><p><span style=\"font-weight: 400;\">\u00bb Altura de trabajo: 7.76 m<\/span><\/p><p><span style=\"font-weight: 400;\">\u00bb Plataforma de trabajo: 0.75 x 1.80 m<\/span><\/p><p><span style=\"font-weight: 400;\">\u00bb Carga de trabajo: 2 kN\/m\u00b2 (Grupo 3)<\/span><\/p><h4>\u00a0<\/h4>\t\t\t\t\t\t<\/div>\n\t\t\t\t<\/div>\n\t\t\t\t\t<\/div>\n\t\t<\/div>\n\t\t\t\t\t<\/div>\n\t\t<\/section>\n\t\t\t\t<section class=\"elementor-section elementor-top-section elementor-element elementor-element-xc6tmgo elementor-section-stretched elementor-section-content-bottom elementor-section-boxed elementor-section-height-default elementor-section-height-default\" data-id=\"xc6tmgo\" data-element_type=\"section\" data-settings=\"{&quot;stretch_section&quot;:&quot;section-stretched&quot;,&quot;background_background&quot;:&quot;none&quot;}\">\n\t\t\t\t\t\t<div class=\"elementor-container elementor-column-gap-default\">\n\t\t\t\t\t<div class=\"elementor-column elementor-col-50 elementor-top-column elementor-element elementor-element-lqxokg4\" data-id=\"lqxokg4\" data-element_type=\"column\">\n\t\t\t<div class=\"elementor-widget-wrap elementor-element-populated\">\n\t\t\t\t\t\t<div class=\"elementor-element elementor-element-8u40acj elementor-widget elementor-widget-heading\" data-id=\"8u40acj\" data-element_type=\"widget\" data-widget_type=\"heading.default\">\n\t\t\t\t<div class=\"elementor-widget-container\">\n\t\t\t<h2 class=\"elementor-heading-title elementor-size-default\">\u00bfNecesita ayuda o interes para comprar?<\/h2>\t\t<\/div>\n\t\t\t\t<\/div>\n\t\t\t\t\t<\/div>\n\t\t<\/div>\n\t\t\t\t<div class=\"elementor-column elementor-col-50 elementor-top-column elementor-element elementor-element-n8vgwms\" data-id=\"n8vgwms\" data-element_type=\"column\">\n\t\t\t<div class=\"elementor-widget-wrap elementor-element-populated\">\n\t\t\t\t\t\t<div class=\"elementor-element elementor-element-pp1dezf elementor-align-left elementor-mobile-align-center elementor-widget elementor-widget-button\" data-id=\"pp1dezf\" data-element_type=\"widget\" data-widget_type=\"button.default\">\n\t\t\t\t<div class=\"elementor-widget-container\">\n\t\t\t\t\t<div class=\"elementor-button-wrapper\">\n\t\t\t<a class=\"elementor-button elementor-button-link elementor-size-sm\" href=\"https:\/\/geruestexperten.de\/es\/contacto\">\n\t\t\t\t\t\t<span class=\"elementor-button-content-wrapper\">\n\t\t\t\t\t\t<span class=\"elementor-button-icon\">\n\t\t\t\t\t\t\t\t\t<i class=\"fa fa-check\" aria-hidden=\"true\"><\/i>\n\t\t\t\t\t\t\t<\/span>\n\t\t\t\t\t\t\t\t\t<span class=\"elementor-button-text\">CONT\u00c1CTENOS AHORA<\/span>\n\t\t\t\t\t<\/span>\n\t\t\t\t\t<\/a>\n\t\t<\/div>\n\t\t\t\t<\/div>\n\t\t\t\t<\/div>\n\t\t\t\t\t<\/div>\n\t\t<\/div>\n\t\t\t\t\t<\/div>\n\t\t<\/section>\n\t\t\t\t<\/div>\n\t\t","protected":false},"excerpt":{"rendered":"<p>[breadcrumb] Zifa 2P La torre \u201cya montada\u201d para trabajos a poca altura El modelo de torre m\u00f3vil Zifa es pra\u0301cticamente una torre \u201cya montada\u201d para trabajar a poca o media altura, plega\u0301ndose completamente para su almacenamiento y transporte. Para volver a montarla basta con doblar hacia fuera, colocar la plataforma y\u2026 \u00a1ya esta\u0301! TECHNICAL DATA: &#8230; <a title=\"Zifa 2P\" class=\"read-more\" href=\"https:\/\/geruestexperten.de\/es\/torre-movil\/zifa-2p\" aria-label=\"M\u00e1s en Zifa 2P\">Leer m\u00e1s<\/a><\/p>\n","protected":false},"author":1,"featured_media":0,"parent":2812,"menu_order":0,"comment_status":"closed","ping_status":"closed","template":"","meta":{"generate_page_header":"","footnotes":""},"class_list":["post-3193","page","type-page","status-publish"],"yoast_head":"<!-- This site is optimized with the Yoast SEO plugin v22.3 - https:\/\/yoast.com\/wordpress\/plugins\/seo\/ -->\n<title>Layher Zifa 2P Torre M\u00f3vil nuevo y usado<\/title>\n<meta name=\"description\" content=\"Compra Layher Zifa 2P Torre M\u00f3vil de Alemania. Made in Germany. Env\u00edo rapido y mundial. Compra ahora \u2713\" \/>\n<meta name=\"robots\" content=\"index, follow, max-snippet:-1, max-image-preview:large, max-video-preview:-1\" \/>\n<link rel=\"canonical\" href=\"https:\/\/geruestexperten.de\/es\/torre-movil\/zifa-2p\" \/>\n<meta property=\"og:locale\" content=\"es_ES\" \/>\n<meta property=\"og:type\" content=\"article\" \/>\n<meta property=\"og:title\" content=\"Layher Zifa 2P Torre M\u00f3vil nuevo y usado\" \/>\n<meta property=\"og:description\" content=\"Compra Layher Zifa 2P Torre M\u00f3vil de Alemania. Made in Germany. Env\u00edo rapido y mundial. Compra ahora \u2713\" \/>\n<meta property=\"og:url\" content=\"https:\/\/geruestexperten.de\/es\/torre-movil\/zifa-2p\" \/>\n<meta property=\"article:modified_time\" content=\"2017-10-18T10:41:27+00:00\" \/>\n<meta name=\"twitter:card\" content=\"summary_large_image\" \/>\n<script type=\"application\/ld+json\" class=\"yoast-schema-graph\">{\"@context\":\"https:\/\/schema.org\",\"@graph\":[{\"@type\":\"WebPage\",\"@id\":\"https:\/\/geruestexperten.de\/es\/torre-movil\/zifa-2p\",\"url\":\"https:\/\/geruestexperten.de\/es\/torre-movil\/zifa-2p\",\"name\":\"Layher Zifa 2P Torre M\u00f3vil nuevo y usado\",\"isPartOf\":{\"@id\":\"https:\/\/geruestexperten.de\/#website\"},\"datePublished\":\"2017-10-18T10:40:12+00:00\",\"dateModified\":\"2017-10-18T10:41:27+00:00\",\"description\":\"Compra Layher Zifa 2P Torre M\u00f3vil de Alemania. Made in Germany. Env\u00edo rapido y mundial. Compra ahora \u2713\",\"breadcrumb\":{\"@id\":\"https:\/\/geruestexperten.de\/es\/torre-movil\/zifa-2p#breadcrumb\"},\"inLanguage\":\"es\",\"potentialAction\":[{\"@type\":\"ReadAction\",\"target\":[\"https:\/\/geruestexperten.de\/es\/torre-movil\/zifa-2p\"]}]},{\"@type\":\"BreadcrumbList\",\"@id\":\"https:\/\/geruestexperten.de\/es\/torre-movil\/zifa-2p#breadcrumb\",\"itemListElement\":[{\"@type\":\"ListItem\",\"position\":1,\"name\":\"Startseite\",\"item\":\"https:\/\/geruestexperten.de\/es\"},{\"@type\":\"ListItem\",\"position\":2,\"name\":\"Torre movil\",\"item\":\"https:\/\/geruestexperten.de\/es\/torre-movil\"},{\"@type\":\"ListItem\",\"position\":3,\"name\":\"Zifa 2P\"}]},{\"@type\":\"WebSite\",\"@id\":\"https:\/\/geruestexperten.de\/#website\",\"url\":\"https:\/\/geruestexperten.de\/\",\"name\":\"\",\"description\":\"\",\"publisher\":{\"@id\":\"https:\/\/geruestexperten.de\/#organization\"},\"potentialAction\":[{\"@type\":\"SearchAction\",\"target\":{\"@type\":\"EntryPoint\",\"urlTemplate\":\"https:\/\/geruestexperten.de\/?s={search_term_string}\"},\"query-input\":\"required name=search_term_string\"}],\"inLanguage\":\"es\"},{\"@type\":\"Organization\",\"@id\":\"https:\/\/geruestexperten.de\/#organization\",\"name\":\"Ger\u00fcstexperten\",\"url\":\"https:\/\/geruestexperten.de\/\",\"logo\":{\"@type\":\"ImageObject\",\"inLanguage\":\"es\",\"@id\":\"https:\/\/geruestexperten.de\/#\/schema\/logo\/image\/\",\"url\":\"https:\/\/geruestexperten.de\/wp-content\/uploads\/2018\/06\/Geru\u0308stexperten.png\",\"contentUrl\":\"https:\/\/geruestexperten.de\/wp-content\/uploads\/2018\/06\/Geru\u0308stexperten.png\",\"width\":350,\"height\":70,\"caption\":\"Ger\u00fcstexperten\"},\"image\":{\"@id\":\"https:\/\/geruestexperten.de\/#\/schema\/logo\/image\/\"}}]}<\/script>\n<!-- \/ Yoast SEO plugin. -->","yoast_head_json":{"title":"Layher Zifa 2P Torre M\u00f3vil nuevo y usado","description":"Compra Layher Zifa 2P Torre M\u00f3vil de Alemania. Made in Germany. Env\u00edo rapido y mundial. Compra ahora \u2713","robots":{"index":"index","follow":"follow","max-snippet":"max-snippet:-1","max-image-preview":"max-image-preview:large","max-video-preview":"max-video-preview:-1"},"canonical":"https:\/\/geruestexperten.de\/es\/torre-movil\/zifa-2p","og_locale":"es_ES","og_type":"article","og_title":"Layher Zifa 2P Torre M\u00f3vil nuevo y usado","og_description":"Compra Layher Zifa 2P Torre M\u00f3vil de Alemania. Made in Germany. Env\u00edo rapido y mundial. Compra ahora \u2713","og_url":"https:\/\/geruestexperten.de\/es\/torre-movil\/zifa-2p","article_modified_time":"2017-10-18T10:41:27+00:00","twitter_card":"summary_large_image","schema":{"@context":"https:\/\/schema.org","@graph":[{"@type":"WebPage","@id":"https:\/\/geruestexperten.de\/es\/torre-movil\/zifa-2p","url":"https:\/\/geruestexperten.de\/es\/torre-movil\/zifa-2p","name":"Layher Zifa 2P Torre M\u00f3vil nuevo y usado","isPartOf":{"@id":"https:\/\/geruestexperten.de\/#website"},"datePublished":"2017-10-18T10:40:12+00:00","dateModified":"2017-10-18T10:41:27+00:00","description":"Compra Layher Zifa 2P Torre M\u00f3vil de Alemania. Made in Germany. Env\u00edo rapido y mundial. Compra ahora \u2713","breadcrumb":{"@id":"https:\/\/geruestexperten.de\/es\/torre-movil\/zifa-2p#breadcrumb"},"inLanguage":"es","potentialAction":[{"@type":"ReadAction","target":["https:\/\/geruestexperten.de\/es\/torre-movil\/zifa-2p"]}]},{"@type":"BreadcrumbList","@id":"https:\/\/geruestexperten.de\/es\/torre-movil\/zifa-2p#breadcrumb","itemListElement":[{"@type":"ListItem","position":1,"name":"Startseite","item":"https:\/\/geruestexperten.de\/es"},{"@type":"ListItem","position":2,"name":"Torre movil","item":"https:\/\/geruestexperten.de\/es\/torre-movil"},{"@type":"ListItem","position":3,"name":"Zifa 2P"}]},{"@type":"WebSite","@id":"https:\/\/geruestexperten.de\/#website","url":"https:\/\/geruestexperten.de\/","name":"","description":"","publisher":{"@id":"https:\/\/geruestexperten.de\/#organization"},"potentialAction":[{"@type":"SearchAction","target":{"@type":"EntryPoint","urlTemplate":"https:\/\/geruestexperten.de\/?s={search_term_string}"},"query-input":"required name=search_term_string"}],"inLanguage":"es"},{"@type":"Organization","@id":"https:\/\/geruestexperten.de\/#organization","name":"Ger\u00fcstexperten","url":"https:\/\/geruestexperten.de\/","logo":{"@type":"ImageObject","inLanguage":"es","@id":"https:\/\/geruestexperten.de\/#\/schema\/logo\/image\/","url":"https:\/\/geruestexperten.de\/wp-content\/uploads\/2018\/06\/Geru\u0308stexperten.png","contentUrl":"https:\/\/geruestexperten.de\/wp-content\/uploads\/2018\/06\/Geru\u0308stexperten.png","width":350,"height":70,"caption":"Ger\u00fcstexperten"},"image":{"@id":"https:\/\/geruestexperten.de\/#\/schema\/logo\/image\/"}}]}},"_links":{"self":[{"href":"https:\/\/geruestexperten.de\/es\/wp-json\/wp\/v2\/pages\/3193"}],"collection":[{"href":"https:\/\/geruestexperten.de\/es\/wp-json\/wp\/v2\/pages"}],"about":[{"href":"https:\/\/geruestexperten.de\/es\/wp-json\/wp\/v2\/types\/page"}],"author":[{"embeddable":true,"href":"https:\/\/geruestexperten.de\/es\/wp-json\/wp\/v2\/users\/1"}],"replies":[{"embeddable":true,"href":"https:\/\/geruestexperten.de\/es\/wp-json\/wp\/v2\/comments?post=3193"}],"version-history":[{"count":3,"href":"https:\/\/geruestexperten.de\/es\/wp-json\/wp\/v2\/pages\/3193\/revisions"}],"predecessor-version":[{"id":3196,"href":"https:\/\/geruestexperten.de\/es\/wp-json\/wp\/v2\/pages\/3193\/revisions\/3196"}],"up":[{"embeddable":true,"href":"https:\/\/geruestexperten.de\/es\/wp-json\/wp\/v2\/pages\/2812"}],"wp:attachment":[{"href":"https:\/\/geruestexperten.de\/es\/wp-json\/wp\/v2\/media?parent=3193"}],"curies":[{"name":"wp","href":"https:\/\/api.w.org\/{rel}","templated":true}]}}